{"id":16234,"date":"2022-10-19T16:53:07","date_gmt":"2022-10-19T19:53:07","guid":{"rendered":"https:\/\/mistersates-import.com.br\/loja\/?post_type=product&#038;p=16234"},"modified":"2025-03-21T12:57:28","modified_gmt":"2025-03-21T15:57:28","slug":"bastao-pau-selfie-articulado-universal-portatil-cabo-p2","status":"publish","type":"product","link":"https:\/\/mistersates-import.com.br\/loja\/product\/bastao-pau-selfie-articulado-universal-portatil-cabo-p2\/","title":{"rendered":"Bast\u00e3o Pau Selfie Articulado Universal Port\u00e1til Cabo P2"},"content":{"rendered":"<p>Descri\u00e7\u00e3o:<\/p>\n<p>Bast\u00e3o de Selfie Disparador via cabo P2 para Android e iPhone<\/p>\n<p>Com o Bast\u00e3o fica muito mais f\u00e1cil e divertido de tirar as selfies com os seus amigos.<br \/>\nEle \u00e9 pr\u00e1tico, super leve e compacto para que voc\u00ea possa levar para qualquer lugar.<br \/>\nAl\u00e9m disso, seu design moderno \u00e9 lindo, com borracha antiaderente detalhes em metal.<\/p>\n<p>Especifica\u00e7\u00f5es:<\/p>\n<p>Bot\u00e3o de disparo embutido no Bast\u00e3o<br \/>\nComporta dispositivos de 5,5 a 8,5 cm<br \/>\nVerifique se a fun\u00e7\u00e3o tirar foto com o bot\u00e3o volume est\u00e1 ativada no seu celular<br \/>\nDimens\u00f5es Aproximadas:<br \/>\nComprimento: Extens\u00e3o at\u00e9 78cm<br \/>\nMateriais:<br \/>\nLiga de Alum\u00ednio e a\u00e7o inoxid\u00e1vel<br \/>\nPl\u00e1stico preto.<\/p>\n<p>** compat\u00edvel com celulares da Apple: basta voc\u00ea inserir o fone na entrada do celular. N\u00e3o h\u00e1 a necessidade de instalar aplicativo.<\/p>\n<p>** Em aplicativos Android, a fun\u00e7\u00e3o costuma ser habilitada ao abrir o aplicativo da c\u00e2mera, acessar o menu de configura\u00e7\u00f5es da c\u00e2mera, &#8220;definir bot\u00e3o de volume&#8221; (ou similar), &#8220;definir bot\u00e3o de volume para capturar fotografia&#8221;.<\/p>\n<p>** Em alguns aparelhos Android, este produto n\u00e3o \u00e9 capaz de ser pareado automaticamente. Neste caso, fa\u00e7a o download do aplicativo gratuito &#8220;C\u00e2mera 360&#8221;. Este aplicativo tamb\u00e9m pode ser utilizado para a captura de imagens.<\/p>\n","protected":false},"excerpt":{"rendered":"<p>Descri\u00e7\u00e3o: Bast\u00e3o de Selfie Disparador via cabo P2 para Android e iPhone Com o Bast\u00e3o fica muito mais f\u00e1cil e divertido de tirar as selfies com os seus amigos. Ele \u00e9 pr\u00e1tico, super leve e compacto para que voc\u00ea possa &hellip; <a href=\"https:\/\/mistersates-import.com.br\/loja\/product\/bastao-pau-selfie-articulado-universal-portatil-cabo-p2\/\">Readmore<\/a><\/p>\n","protected":false},"featured_media":16236,"template":"","meta":{"_joinchat":[]},"_links":{"self":[{"href":"https:\/\/mistersates-import.com.br\/loja\/wp-json\/wp\/v2\/product\/16234"}],"collection":[{"href":"https:\/\/mistersates-import.com.br\/loja\/wp-json\/wp\/v2\/product"}],"about":[{"href":"https:\/\/mistersates-import.com.br\/loja\/wp-json\/wp\/v2\/types\/product"}],"wp:featuredmedia":[{"embeddable":true,"href":"https:\/\/mistersates-import.com.br\/loja\/wp-json\/wp\/v2\/media\/16236"}],"wp:attachment":[{"href":"https:\/\/mistersates-import.com.br\/loja\/wp-json\/wp\/v2\/media?parent=16234"}],"curies":[{"name":"wp","href":"https:\/\/api.w.org\/{rel}","templated":true}]}}