{"id":16242,"date":"2022-10-19T16:58:10","date_gmt":"2022-10-19T19:58:10","guid":{"rendered":"https:\/\/mistersates-import.com.br\/loja\/?post_type=product&#038;p=16242"},"modified":"2025-12-31T10:48:20","modified_gmt":"2025-12-31T13:48:20","slug":"suporte-de-fixacao-universal-para-celular-tripe-vertical-1-4-parafusos-2","status":"publish","type":"product","link":"https:\/\/mistersates-import.com.br\/loja\/product\/suporte-de-fixacao-universal-para-celular-tripe-vertical-1-4-parafusos-2\/","title":{"rendered":"Suporte Celular Girat\u00f3rio 360 Para Trip\u00e9 Encaixe Led"},"content":{"rendered":"<p>Suporte de clipe de trip\u00e9 para celular suporte vertical adaptador de trip\u00e9 rotativo de 360 graus<\/p>\n<p>Caracter\u00edsticas:<\/p>\n<p>1. suporte de transmiss\u00e3o ao vivo multiplataforma m\u00f3vel, trip\u00e9 de mesa para uso vertical ou horizontal.<br \/>\n2. uso horizontal e vertical, suporte m\u00e1ximo de telefones celulares de 6.4 polegadas; solu\u00e7\u00e3o perfeita para todos os tipos de telefones celulares.<br \/>\n3. design exclusivo, eixo girat\u00f3rio, para atender \u00e0s suas necessidades de todos os tipos de \u00e2ngulos.<br \/>\n4. pode ser montado em qualquer trip\u00e9, e o bot\u00e3o \u00e9 travado, mais seguro de usar.<br \/>\n5. aplic\u00e1vel para iphone, samsung, htc, huawei, zte, lenovo, sony ericsson e outros telefones celulares de tela grande.<br \/>\n6. alta resist\u00eancia, pequeno em tamanho, leve e f\u00e1cil de transportar e instalar, n\u00e3o ocupando espa\u00e7o quando n\u00e3o estiver em uso e conveniente para armazenamento.<\/p>\n<p>Especifica\u00e7\u00f5es:<\/p>\n<p>Material: a\u00e7o inoxid\u00e1vel abs<br \/>\nTamanho m\u00e1ximo do telefone suportado: 6.4 polegadas<br \/>\nCor: preto<br \/>\nTamanho do produto: 120x55x35mm\/4.72&#215;2.17&#215;1.38&#8243;<br \/>\nPeso: 70g<\/p>\n<p>Pacotes:<\/p>\n<p>1 * clipe de telefone de montagem em trip\u00e9<\/p>\n","protected":false},"excerpt":{"rendered":"<p>Suporte de clipe de trip\u00e9 para celular suporte vertical adaptador de trip\u00e9 rotativo de 360 graus Caracter\u00edsticas: 1. suporte de transmiss\u00e3o ao vivo multiplataforma m\u00f3vel, trip\u00e9 de mesa para uso vertical ou horizontal. 2. uso horizontal e vertical, suporte m\u00e1ximo &hellip; <a href=\"https:\/\/mistersates-import.com.br\/loja\/product\/suporte-de-fixacao-universal-para-celular-tripe-vertical-1-4-parafusos-2\/\">Readmore<\/a><\/p>\n","protected":false},"featured_media":16585,"template":"","meta":{"_joinchat":[]},"_links":{"self":[{"href":"https:\/\/mistersates-import.com.br\/loja\/wp-json\/wp\/v2\/product\/16242"}],"collection":[{"href":"https:\/\/mistersates-import.com.br\/loja\/wp-json\/wp\/v2\/product"}],"about":[{"href":"https:\/\/mistersates-import.com.br\/loja\/wp-json\/wp\/v2\/types\/product"}],"wp:featuredmedia":[{"embeddable":true,"href":"https:\/\/mistersates-import.com.br\/loja\/wp-json\/wp\/v2\/media\/16585"}],"wp:attachment":[{"href":"https:\/\/mistersates-import.com.br\/loja\/wp-json\/wp\/v2\/media?parent=16242"}],"curies":[{"name":"wp","href":"https:\/\/api.w.org\/{rel}","templated":true}]}}