{"id":16258,"date":"2022-10-19T17:21:11","date_gmt":"2022-10-19T20:21:11","guid":{"rendered":"https:\/\/mistersates-import.com.br\/loja\/?post_type=product&#038;p=16258"},"modified":"2024-01-22T10:56:20","modified_gmt":"2024-01-22T13:56:20","slug":"camarao-luminoso-silicone-artificial-isca-simulacao-com-anzol","status":"publish","type":"product","link":"https:\/\/mistersates-import.com.br\/loja\/product\/camarao-luminoso-silicone-artificial-isca-simulacao-com-anzol\/","title":{"rendered":"Camar\u00e3o luminoso silicone artificial isca simula\u00e7\u00e3o com Anzol"},"content":{"rendered":"<p>Descri\u00e7\u00e3o<\/p>\n<p>Voc\u00ea receber\u00e1 10 iscas de pesca.<\/p>\n<p>Cor: Verde<\/p>\n<p>Brilha no escuro: material luminoso colocado no anzol interno.<br \/>\nQualidade Premium: iscas de camar\u00e3o s\u00e3o feitas de material de silicone de alta qualidade, o que torna a isca macia e dur\u00e1vel, com a\u00e7\u00f5es de nata\u00e7\u00e3o realistas.<br \/>\nApar\u00eancia realista: Camar\u00e3o forjado de alta qualidade, apar\u00eancia v\u00edvida e realista, f\u00e1cil de pescar.<br \/>\nF\u00c1CIL DE USAR &#8211; Iscas de camar\u00e3o s\u00e3o muito f\u00e1ceis de usar, voc\u00ea s\u00f3 precisa conectar a linha de pesca, enganchar e usar para atrair os melhores peixes que voc\u00ea possa conseguir.<br \/>\nBom para: bagre, robalo, perca, badejo, pargo, cabe\u00e7a de cobra, linguado, peixe judeu, peixe rei, peixe mandarim, truta.<\/p>\n<p>Especifica\u00e7\u00f5es do produto :<br \/>\nMaterial: PVC (silicone artificial)<br \/>\nPeso: 1g<br \/>\nComprimento: 40mm<br \/>\nAdequado: todas as varas de pesca<\/p>\n<p>caracteristicas:<br \/>\nOs olhos 3D tornam a ferramenta perfeita para os entusiastas da pesca.<br \/>\n\u00c9 reutiliz\u00e1vel e preservado a longo prazo.<br \/>\nDesenho especial de isca noturna luminosa com gancho e cord\u00e3o. Adequado para pesca noturna.<br \/>\nDesign de simula\u00e7\u00e3o de alta tecnologia, muito atraente para todos os tipos de peixes de m\u00e9dio porte, como a carpa.<\/p>\n","protected":false},"excerpt":{"rendered":"<p>Descri\u00e7\u00e3o Voc\u00ea receber\u00e1 10 iscas de pesca. Cor: Verde Brilha no escuro: material luminoso colocado no anzol interno. Qualidade Premium: iscas de camar\u00e3o s\u00e3o feitas de material de silicone de alta qualidade, o que torna a isca macia e dur\u00e1vel, &hellip; <a href=\"https:\/\/mistersates-import.com.br\/loja\/product\/camarao-luminoso-silicone-artificial-isca-simulacao-com-anzol\/\">Readmore<\/a><\/p>\n","protected":false},"featured_media":16260,"template":"","meta":{"_joinchat":[]},"_links":{"self":[{"href":"https:\/\/mistersates-import.com.br\/loja\/wp-json\/wp\/v2\/product\/16258"}],"collection":[{"href":"https:\/\/mistersates-import.com.br\/loja\/wp-json\/wp\/v2\/product"}],"about":[{"href":"https:\/\/mistersates-import.com.br\/loja\/wp-json\/wp\/v2\/types\/product"}],"wp:featuredmedia":[{"embeddable":true,"href":"https:\/\/mistersates-import.com.br\/loja\/wp-json\/wp\/v2\/media\/16260"}],"wp:attachment":[{"href":"https:\/\/mistersates-import.com.br\/loja\/wp-json\/wp\/v2\/media?parent=16258"}],"curies":[{"name":"wp","href":"https:\/\/api.w.org\/{rel}","templated":true}]}}