{"id":16266,"date":"2022-10-19T17:32:29","date_gmt":"2022-10-19T20:32:29","guid":{"rendered":"https:\/\/mistersates-import.com.br\/loja\/?post_type=product&#038;p=16266"},"modified":"2026-03-26T08:49:29","modified_gmt":"2026-03-26T11:49:29","slug":"caixa-estanque-protetora-para-gopro-hero-9-e-10-shoot-60m","status":"publish","type":"product","link":"https:\/\/mistersates-import.com.br\/loja\/product\/caixa-estanque-protetora-para-gopro-hero-9-e-10-shoot-60m\/","title":{"rendered":"Caixa Estanque Protetora Para Gopro Hero 9 E 10 Shoot 60m"},"content":{"rendered":"<p>Descri\u00e7\u00e3o:<\/p>\n<p>Caixa estanque alternativa para Gopro Hero 9 e 10 black Shoot<\/p>\n<p>Proteja sua GoPro HERO9 Black e GoPro HERO10 Black com a caixa estanque para atividades radicais envolvendo todas as modalidades: a\u00e9reo, aqu\u00e1tico e terrestre.<\/p>\n<p>A porta traseira \u00e0 prova d&#8217;\u00e1gua oferece prote\u00e7\u00e3o para profundidades de 60metros, ideal portanto para pr\u00e1tica de mergulho; al\u00e9m de oferecer prote\u00e7\u00e3o contra pedras, cascalhos, poeiras e objetos pontiagudos.<\/p>\n<p>A lente de vidro plana fornece m\u00e1xima nitidez de imagem dentro e fora da \u00e1gua.<\/p>\n<p>Detalhes T\u00e9cnicos:<\/p>\n<p>\u00c0 prova d&#8217;\u00e1gua at\u00e9 60mts,<br \/>\nCor: Transparente,<br \/>\nMarca: Shoot.<br \/>\nModelo: XTGP558<\/p>\n<p>Compat\u00edvel com: C\u00e2meras GoPro HERO9 e HERO 10 Black<\/p>\n<p>Itens inclusos:<\/p>\n<p>1 x Caixa Estanque para GoPro 9 e 10 black<br \/>\n1 x Adaptador Buckle<br \/>\n1 x Parafuso<\/p>\n<p>C\u00c2MERA N\u00c3O INCLUSA.<br \/>\nIMAGEM MERAMENTE ILUSTRATIVA PARA DEMOSTRA\u00c7\u00c3O.<\/p>\n","protected":false},"excerpt":{"rendered":"<p>Descri\u00e7\u00e3o: Caixa estanque alternativa para Gopro Hero 9 e 10 black Shoot Proteja sua GoPro HERO9 Black e GoPro HERO10 Black com a caixa estanque para atividades radicais envolvendo todas as modalidades: a\u00e9reo, aqu\u00e1tico e terrestre. A porta traseira \u00e0 &hellip; <a href=\"https:\/\/mistersates-import.com.br\/loja\/product\/caixa-estanque-protetora-para-gopro-hero-9-e-10-shoot-60m\/\">Readmore<\/a><\/p>\n","protected":false},"featured_media":17621,"template":"","meta":{"_joinchat":[]},"_links":{"self":[{"href":"https:\/\/mistersates-import.com.br\/loja\/wp-json\/wp\/v2\/product\/16266"}],"collection":[{"href":"https:\/\/mistersates-import.com.br\/loja\/wp-json\/wp\/v2\/product"}],"about":[{"href":"https:\/\/mistersates-import.com.br\/loja\/wp-json\/wp\/v2\/types\/product"}],"wp:featuredmedia":[{"embeddable":true,"href":"https:\/\/mistersates-import.com.br\/loja\/wp-json\/wp\/v2\/media\/17621"}],"wp:attachment":[{"href":"https:\/\/mistersates-import.com.br\/loja\/wp-json\/wp\/v2\/media?parent=16266"}],"curies":[{"name":"wp","href":"https:\/\/api.w.org\/{rel}","templated":true}]}}