{"id":16313,"date":"2022-10-20T17:30:46","date_gmt":"2022-10-20T20:30:46","guid":{"rendered":"https:\/\/mistersates-import.com.br\/loja\/?post_type=product&#038;p=16313"},"modified":"2023-07-19T12:09:27","modified_gmt":"2023-07-19T15:09:27","slug":"cabo-usbc-vga-adaptador-para-macbook-12-type-c-usb-3-1-usb-c","status":"publish","type":"product","link":"https:\/\/mistersates-import.com.br\/loja\/product\/cabo-usbc-vga-adaptador-para-macbook-12-type-c-usb-3-1-usb-c\/","title":{"rendered":"Cabo Usbc Vga Adaptador Para Macbook 12 Type C Usb 3.1 Usb-c"},"content":{"rendered":"<p>Descri\u00e7\u00e3o do produto<\/p>\n<p>Caracter\u00edsticas:<\/p>\n<p>100% brand new e de alta qualidade<br \/>\n1. este cabo \u00e9 o cabo de melhor qualidade no mercado, A combina\u00e7\u00e3o de constru\u00e7\u00e3o robusta com um revestimento flex\u00edvel e um USB 3.1 conector Tipo C com al\u00edvio de tens\u00e3o moldado proporciona um cabo com um desempenho confi\u00e1vel e longa vida.<br \/>\n2. Support plug reverse, suporte Plug and Play, hot swappable;<br \/>\n3. O poder superior, carregamento mais r\u00e1pido, f\u00e1cil de conduzir equipamentos relacionados;<br \/>\n4. Para Tipo-interface C para um dispositivo m\u00f3vel de carregamento\/transfer\u00eancia de dados, tais como impressoras, HUB, telefones celulares, computadores tablet e outros (amplamente utilizado A Apple laptop Macbook Air 12 polegada USB3.1 equipamento terminal de sa\u00edda HDMI HD externo tais como: nenhuma vers\u00e3o limitar a exposi\u00e7\u00e3o com projetores de alta-defini\u00e7\u00e3o de sinais de televis\u00e3o digital de um dispositivo externo, para evitar inunda\u00e7\u00f5es, plug and play. para Nokia Tablet PC, Para O Google NEXUS 5X NESUS 6 P carga.)<br \/>\nconecte o dispositivo de interface do Tipo C (Para Macbook, Chromebook Pixel Lumia 950XL) para o dispositivo de exibi\u00e7\u00e3o da interface VGA. (nota: Lumia 950XL S\u00f3 suportam 720 P)<\/p>\n<p>Especifica\u00e7\u00f5es:<\/p>\n<p>conector 1: USB 3.1 tipo C<br \/>\nconector 2: Adaptador VGA<br \/>\ncabo Classifica\u00e7\u00e3o: Super Velocidade USB 3.1 taxa de transfer\u00eancia de dados de at\u00e9 10 Gbps<br \/>\nquantidade: 1 pc<br \/>\ncor: Preto<br \/>\nPlug: de N\u00edquel-banhado a a\u00e7o, gold-plated terminais 3U<br \/>\nmolde exterior material: PVC (meio ambiente)<\/p>\n<p>o pacote inclui:<br \/>\n1 x Tipo C 3.1 Macho para VGA Adaptador de Cabo de Dados (Com Pacote)<\/p>\n","protected":false},"excerpt":{"rendered":"<p>Descri\u00e7\u00e3o do produto Caracter\u00edsticas: 100% brand new e de alta qualidade 1. este cabo \u00e9 o cabo de melhor qualidade no mercado, A combina\u00e7\u00e3o de constru\u00e7\u00e3o robusta com um revestimento flex\u00edvel e um USB 3.1 conector Tipo C com al\u00edvio &hellip; <a href=\"https:\/\/mistersates-import.com.br\/loja\/product\/cabo-usbc-vga-adaptador-para-macbook-12-type-c-usb-3-1-usb-c\/\">Readmore<\/a><\/p>\n","protected":false},"featured_media":16316,"template":"","meta":{"_joinchat":[]},"_links":{"self":[{"href":"https:\/\/mistersates-import.com.br\/loja\/wp-json\/wp\/v2\/product\/16313"}],"collection":[{"href":"https:\/\/mistersates-import.com.br\/loja\/wp-json\/wp\/v2\/product"}],"about":[{"href":"https:\/\/mistersates-import.com.br\/loja\/wp-json\/wp\/v2\/types\/product"}],"wp:featuredmedia":[{"embeddable":true,"href":"https:\/\/mistersates-import.com.br\/loja\/wp-json\/wp\/v2\/media\/16316"}],"wp:attachment":[{"href":"https:\/\/mistersates-import.com.br\/loja\/wp-json\/wp\/v2\/media?parent=16313"}],"curies":[{"name":"wp","href":"https:\/\/api.w.org\/{rel}","templated":true}]}}