{"id":16356,"date":"2022-10-20T20:38:36","date_gmt":"2022-10-20T23:38:36","guid":{"rendered":"https:\/\/mistersates-import.com.br\/loja\/?post_type=product&#038;p=16356"},"modified":"2025-12-09T21:32:55","modified_gmt":"2025-12-10T00:32:55","slug":"carregador-duplo-com-lcd-gopro-hero-3-3","status":"publish","type":"product","link":"https:\/\/mistersates-import.com.br\/loja\/product\/carregador-duplo-com-lcd-gopro-hero-3-3\/","title":{"rendered":"Carregador duplo com LCD Gopro hero 3 3 +"},"content":{"rendered":"<p>Descri\u00e7\u00e3o<\/p>\n<p>TEMOS DIVERSOS OUTROS ACESS\u00d3RIOS PARA TODAS AS GOPRO.<\/p>\n<p>1) Dual slot design, pode carregar uma ou duas baterias ao mesmo tempo.<br \/>\n2) tela lcd, pode verificar o status de energia facilmente.<br \/>\n3) Vem com um Android V8 porto cabo de carregamento.<br \/>\n4) Pode ser carregado pelo banco de energia m\u00f3vel.<br \/>\n5) Compat\u00edvel com GoPro Her\u00f3i 4\/3\/3 + Bateria \u00danica, N\u00c3O para qualquer outro modelo<br \/>\nNOTA: a Bateria n\u00e3o est\u00e1 inclu\u00eddo!<\/p>\n","protected":false},"excerpt":{"rendered":"<p>Descri\u00e7\u00e3o TEMOS DIVERSOS OUTROS ACESS\u00d3RIOS PARA TODAS AS GOPRO. 1) Dual slot design, pode carregar uma ou duas baterias ao mesmo tempo. 2) tela lcd, pode verificar o status de energia facilmente. 3) Vem com um Android V8 porto cabo &hellip; <a href=\"https:\/\/mistersates-import.com.br\/loja\/product\/carregador-duplo-com-lcd-gopro-hero-3-3\/\">Readmore<\/a><\/p>\n","protected":false},"featured_media":16706,"template":"","meta":{"_joinchat":[]},"_links":{"self":[{"href":"https:\/\/mistersates-import.com.br\/loja\/wp-json\/wp\/v2\/product\/16356"}],"collection":[{"href":"https:\/\/mistersates-import.com.br\/loja\/wp-json\/wp\/v2\/product"}],"about":[{"href":"https:\/\/mistersates-import.com.br\/loja\/wp-json\/wp\/v2\/types\/product"}],"wp:featuredmedia":[{"embeddable":true,"href":"https:\/\/mistersates-import.com.br\/loja\/wp-json\/wp\/v2\/media\/16706"}],"wp:attachment":[{"href":"https:\/\/mistersates-import.com.br\/loja\/wp-json\/wp\/v2\/media?parent=16356"}],"curies":[{"name":"wp","href":"https:\/\/api.w.org\/{rel}","templated":true}]}}