{"id":16616,"date":"2022-11-09T16:43:44","date_gmt":"2022-11-09T19:43:44","guid":{"rendered":"https:\/\/mistersates-import.com.br\/loja\/?post_type=product&#038;p=16616"},"modified":"2023-01-04T16:53:32","modified_gmt":"2023-01-04T19:53:32","slug":"suporte-veicular-carregador-wireless-tomate-mtg-064","status":"publish","type":"product","link":"https:\/\/mistersates-import.com.br\/loja\/product\/suporte-veicular-carregador-wireless-tomate-mtg-064\/","title":{"rendered":"Suporte Veicular Carregador Wireless Tomate MTG-064"},"content":{"rendered":"<p>Descri\u00e7\u00e3o:<\/p>\n<p>&#8211; Diferente e melhor que qualquer outro suporte que voc\u00ea viu!<br \/>\n&#8211; Encaixe do suporte universal, compat\u00edvel com smartphones de 4 \u00e0 6,5 polegadas<br \/>\n&#8211; Bem diferente de outros suportes, este possui um clip com fechamento, segurando firmemente na sa\u00edda de ar e suportando as mais severas trepida\u00e7\u00f5es do ve\u00edculo sem que o mesmo caia.<\/p>\n<p>ESPECIFICA\u00c7\u00d5ES;<br \/>\n&#8211; Peso: 80g<br \/>\n&#8211; Cor: Preto<br \/>\n&#8211; Modelo: MTG-064<br \/>\n&#8211; Material: Pl\u00e1stico ABS<br \/>\n&#8211; Dist\u00e2ncia: 8mm Clipe 2<br \/>\n&#8211; Tens\u00e3o de entrada: 5V<br \/>\n&#8211; Efici\u00eancia de carga: &lt;=83%<\/p>\n<p>DIMENS\u00d5ES:<br \/>\n&#8211; Largura: 6cm<br \/>\n&#8211; Comprimento: 12cm<br \/>\n&#8211; Comprimento do cabo: 1m<\/p>\n<p>ITENS INCLUSOS:<\/p>\n<p>&#8211; 01 Suporte Com Carregador Veicular Autom\u00e1tico Wireless;<br \/>\n&#8211; 01 Cabo de Carregamento<br \/>\n&#8211; 01 Suporte de Ventila\u00e7\u00e3o<\/p>\n","protected":false},"excerpt":{"rendered":"<p>Descri\u00e7\u00e3o: &#8211; Diferente e melhor que qualquer outro suporte que voc\u00ea viu! &#8211; Encaixe do suporte universal, compat\u00edvel com smartphones de 4 \u00e0 6,5 polegadas &#8211; Bem diferente de outros suportes, este possui um clip com fechamento, segurando firmemente na &hellip; <a href=\"https:\/\/mistersates-import.com.br\/loja\/product\/suporte-veicular-carregador-wireless-tomate-mtg-064\/\">Readmore<\/a><\/p>\n","protected":false},"featured_media":16618,"template":"","meta":{"_joinchat":[]},"_links":{"self":[{"href":"https:\/\/mistersates-import.com.br\/loja\/wp-json\/wp\/v2\/product\/16616"}],"collection":[{"href":"https:\/\/mistersates-import.com.br\/loja\/wp-json\/wp\/v2\/product"}],"about":[{"href":"https:\/\/mistersates-import.com.br\/loja\/wp-json\/wp\/v2\/types\/product"}],"wp:featuredmedia":[{"embeddable":true,"href":"https:\/\/mistersates-import.com.br\/loja\/wp-json\/wp\/v2\/media\/16618"}],"wp:attachment":[{"href":"https:\/\/mistersates-import.com.br\/loja\/wp-json\/wp\/v2\/media?parent=16616"}],"curies":[{"name":"wp","href":"https:\/\/api.w.org\/{rel}","templated":true}]}}