{"id":16756,"date":"2022-11-26T14:22:31","date_gmt":"2022-11-26T17:22:31","guid":{"rendered":"https:\/\/mistersates-import.com.br\/loja\/?post_type=product&#038;p=16756"},"modified":"2024-03-15T18:26:28","modified_gmt":"2024-03-15T21:26:28","slug":"fonte-estabilizada-chaveada-bivolt-5v-1a-p4-21mm","status":"publish","type":"product","link":"https:\/\/mistersates-import.com.br\/loja\/product\/fonte-estabilizada-chaveada-bivolt-5v-1a-p4-21mm\/","title":{"rendered":"Fonte Estabilizada Chaveada Bivolt 5v 1a P4 2,1mm"},"content":{"rendered":"<p>Descri\u00e7\u00e3o:<\/p>\n<p>Fonte desenvolvida com alto padr\u00e3o de qualidade podendo ser usada em Arduino, Roteadores e modem etc.<br \/>\nTrazendo seguran\u00e7a e confiabilidade em seu uso.<\/p>\n<p>Especifica\u00e7\u00f5es:<\/p>\n<p>Voltagem Entrada: 100-240V &#8211; 50\/60HZ<br \/>\nVoltagem Sa\u00edda: 5V (Estabilizada).<br \/>\nCorrente Sa\u00edda: 1A<br \/>\nPlug de Sa\u00edda: P4 &#8211; DC 5.5mm x 2.1mm<\/p>\n<p>Produto Novo<\/p>\n<p>&nbsp;<\/p>\n","protected":false},"excerpt":{"rendered":"<p>Descri\u00e7\u00e3o: Fonte desenvolvida com alto padr\u00e3o de qualidade podendo ser usada em Arduino, Roteadores e modem etc. Trazendo seguran\u00e7a e confiabilidade em seu uso. Especifica\u00e7\u00f5es: Voltagem Entrada: 100-240V &#8211; 50\/60HZ Voltagem Sa\u00edda: 5V (Estabilizada). Corrente Sa\u00edda: 1A Plug de Sa\u00edda: &hellip; <a href=\"https:\/\/mistersates-import.com.br\/loja\/product\/fonte-estabilizada-chaveada-bivolt-5v-1a-p4-21mm\/\">Readmore<\/a><\/p>\n","protected":false},"featured_media":16757,"template":"","meta":{"_joinchat":[]},"_links":{"self":[{"href":"https:\/\/mistersates-import.com.br\/loja\/wp-json\/wp\/v2\/product\/16756"}],"collection":[{"href":"https:\/\/mistersates-import.com.br\/loja\/wp-json\/wp\/v2\/product"}],"about":[{"href":"https:\/\/mistersates-import.com.br\/loja\/wp-json\/wp\/v2\/types\/product"}],"wp:featuredmedia":[{"embeddable":true,"href":"https:\/\/mistersates-import.com.br\/loja\/wp-json\/wp\/v2\/media\/16757"}],"wp:attachment":[{"href":"https:\/\/mistersates-import.com.br\/loja\/wp-json\/wp\/v2\/media?parent=16756"}],"curies":[{"name":"wp","href":"https:\/\/api.w.org\/{rel}","templated":true}]}}