{"id":16873,"date":"2022-12-13T12:13:23","date_gmt":"2022-12-13T15:13:23","guid":{"rendered":"https:\/\/mistersates-import.com.br\/loja\/?post_type=product&#038;p=16873"},"modified":"2025-06-12T17:11:27","modified_gmt":"2025-06-12T20:11:27","slug":"suporte-go-pro-queixo-cinta-capacete-universal-gopro-sjcam","status":"publish","type":"product","link":"https:\/\/mistersates-import.com.br\/loja\/product\/suporte-go-pro-queixo-cinta-capacete-universal-gopro-sjcam\/","title":{"rendered":"Suporte Go Pro Queixo Cinta Capacete Universal Gopro Sjcam"},"content":{"rendered":"<p>Capture Suas Imagens De Um Ponto De Vista Diferente.<\/p>\n<p>Este Suporte Para Capacete Permite Posi\u00e7\u00f5es De Filmagens De Um \u00c2ngulo POV Enquanto Estiver Pilotando.<\/p>\n<p>Ganhe Mais Liberdade Durante As Suas Atividades.<\/p>\n<p>Altamente Indicado Para O Dia A Dia.<\/p>\n<p>A base \u00e9 feita de pl\u00e1stico moldado por inje\u00e7\u00e3o com almofada de silicone antiderrapante, pode firmemente montado no queixo de seu capacete,<\/p>\n<p>O suporte universal \u00e9 compat\u00edvel com qualquer c\u00e2mera de a\u00e7\u00e3o de estilo gopro,<\/p>\n<p>Caracter\u00edsticas:<\/p>\n<p>1. compat\u00edvel com qualquer rosto cheio capacete e c\u00e2meras de a\u00e7\u00e3o para gopro estilo suporte<\/p>\n<p>2. forne\u00e7a o \u00e2ngulo perfeito para o tiro do pov<\/p>\n<p>3. design antiderrapante, montagem est\u00e1vel, cinto ajust\u00e1vel<\/p>\n<p>4. acesso f\u00e1cil a sua c\u00e2mera de a\u00e7\u00e3o montada<\/p>\n<p>5. f\u00e1cil de instalar e remover<\/p>\n<p>&nbsp;<\/p>\n<p>Embalagem incluem:<\/p>\n<p>1 * suporte de Queixo Para Capacete De Gopro Sjcam (capacete n\u00e3o inclu\u00eddo)<\/p>\n","protected":false},"excerpt":{"rendered":"<p>Capture Suas Imagens De Um Ponto De Vista Diferente. Este Suporte Para Capacete Permite Posi\u00e7\u00f5es De Filmagens De Um \u00c2ngulo POV Enquanto Estiver Pilotando. Ganhe Mais Liberdade Durante As Suas Atividades. Altamente Indicado Para O Dia A Dia. A base &hellip; <a href=\"https:\/\/mistersates-import.com.br\/loja\/product\/suporte-go-pro-queixo-cinta-capacete-universal-gopro-sjcam\/\">Readmore<\/a><\/p>\n","protected":false},"featured_media":16885,"template":"","meta":{"_joinchat":[]},"_links":{"self":[{"href":"https:\/\/mistersates-import.com.br\/loja\/wp-json\/wp\/v2\/product\/16873"}],"collection":[{"href":"https:\/\/mistersates-import.com.br\/loja\/wp-json\/wp\/v2\/product"}],"about":[{"href":"https:\/\/mistersates-import.com.br\/loja\/wp-json\/wp\/v2\/types\/product"}],"wp:featuredmedia":[{"embeddable":true,"href":"https:\/\/mistersates-import.com.br\/loja\/wp-json\/wp\/v2\/media\/16885"}],"wp:attachment":[{"href":"https:\/\/mistersates-import.com.br\/loja\/wp-json\/wp\/v2\/media?parent=16873"}],"curies":[{"name":"wp","href":"https:\/\/api.w.org\/{rel}","templated":true}]}}