{"id":16897,"date":"2022-12-15T18:03:34","date_gmt":"2022-12-15T21:03:34","guid":{"rendered":"https:\/\/mistersates-import.com.br\/loja\/?post_type=product&#038;p=16897"},"modified":"2025-08-01T15:35:57","modified_gmt":"2025-08-01T18:35:57","slug":"lanterna-tatica-militar-x900-recarregavel-com-zoom","status":"publish","type":"product","link":"https:\/\/mistersates-import.com.br\/loja\/product\/lanterna-tatica-militar-x900-recarregavel-com-zoom\/","title":{"rendered":"Lanterna T\u00e1tica Militar X900 Recarreg\u00e1vel Com Zoom"},"content":{"rendered":"<p>Descri\u00e7\u00e3o:<\/p>\n<p>LANTERNA T\u00c1TICA MILITAR X900<\/p>\n<p>Este produto \u00e9 feito de alum\u00ednio, \u00e9 impermeavel e a prova de choque. Usa o T6 LUXEON l\u00e2mpada que dura at\u00e9 100.000 horas de LED. A dura\u00e7\u00e3o da bateria \u00e9 de 180 minutos na carga full e pode ser recarregada at\u00e9 500 vezes. As t\u00e9cnicas s\u00e3o oficialmente aprovadas<br \/>\nPara garantir a seguran\u00e7a, os nossos produtos s\u00e3o firmemente com fio e vem com dois carregadores, o menor adaptador AC Bivolt e o DC 12V para carro que proporciona maior comodidade. Possui zoom de 1 a 2000x<br \/>\nA lanterna possui 3 grandes fun\u00e7\u00f5es Luminosas, que s\u00e3o: Alta intensidade, baixa intensidade e strobo.<\/p>\n<p>Caracter\u00edsticas:<\/p>\n<p>Feita de alum\u00ednio classe A leve e compacta.<br \/>\nFeixe de foco ajust\u00e1vel com zoom de 1-2000x.<br \/>\nCor da Luz: Branca<br \/>\nDura\u00e7\u00e3o da bateria: 3 horas<br \/>\nDura\u00e7\u00e3o para carga: 3 horas<br \/>\nSOS Estrobosc\u00f3pio.<br \/>\nLED T\u00e1tico.<br \/>\nL\u00e2mpada com 100,000 hora de dura\u00e7\u00e3o.<br \/>\nRaio de Luz com 800 lumens de pot\u00eancia.<br \/>\nRaio Telesc\u00f3pio Ajust\u00e1vel.<br \/>\nMedidas do produto: (A*L*C) 3,5&#215;3,5x14cm<br \/>\nPeso: 156g.<br \/>\n3 meses de garantia contra defeito de fabrica\u00e7\u00e3o<\/p>\n<p>Cuidados e Indica\u00e7\u00f5es:<\/p>\n<p>&#8211; N\u00e3o olhe diretamente para a luz<br \/>\n&#8211; N\u00e3o mexer com a cabe\u00e7a de tocha ou separado o refletor e o bulbo<br \/>\n&#8211; Limpe a lanterna com tecido macio ap\u00f3s o uso<br \/>\n&#8211; Lubrificante de silicone pode ser aplicado a interface<br \/>\n&#8211; Remova a bateria caso n\u00e3o esteja em uso por um longo periodo e mantenha em local seco<br \/>\n&#8211; Evite luz solar direta<br \/>\nPara usar a caixa de bateria, basta colocar na bateria e aperte o alto parafusos coverwith. Quando a tomada \u00e9 ligada a cor vermelha indica que o carregamento est\u00e1 em progresso, quando a luz ficar verde indica que a bateria est\u00e1 completamente carregada.<\/p>\n<p>Itens inclusos:<\/p>\n<p>1x Lanterna T\u00e1tica.<br \/>\n1x Bateria 26650.<br \/>\n1X Bateria 6800<br \/>\n1x Carregador Bivolt.<br \/>\n1x carregador para carro.<\/p>\n","protected":false},"excerpt":{"rendered":"<p>Descri\u00e7\u00e3o: LANTERNA T\u00c1TICA MILITAR X900 Este produto \u00e9 feito de alum\u00ednio, \u00e9 impermeavel e a prova de choque. Usa o T6 LUXEON l\u00e2mpada que dura at\u00e9 100.000 horas de LED. A dura\u00e7\u00e3o da bateria \u00e9 de 180 minutos na carga &hellip; <a href=\"https:\/\/mistersates-import.com.br\/loja\/product\/lanterna-tatica-militar-x900-recarregavel-com-zoom\/\">Readmore<\/a><\/p>\n","protected":false},"featured_media":16898,"template":"","meta":{"_joinchat":[]},"_links":{"self":[{"href":"https:\/\/mistersates-import.com.br\/loja\/wp-json\/wp\/v2\/product\/16897"}],"collection":[{"href":"https:\/\/mistersates-import.com.br\/loja\/wp-json\/wp\/v2\/product"}],"about":[{"href":"https:\/\/mistersates-import.com.br\/loja\/wp-json\/wp\/v2\/types\/product"}],"wp:featuredmedia":[{"embeddable":true,"href":"https:\/\/mistersates-import.com.br\/loja\/wp-json\/wp\/v2\/media\/16898"}],"wp:attachment":[{"href":"https:\/\/mistersates-import.com.br\/loja\/wp-json\/wp\/v2\/media?parent=16897"}],"curies":[{"name":"wp","href":"https:\/\/api.w.org\/{rel}","templated":true}]}}