{"id":17021,"date":"2023-01-06T18:56:43","date_gmt":"2023-01-06T21:56:43","guid":{"rendered":"https:\/\/mistersates-import.com.br\/loja\/?post_type=product&#038;p=17021"},"modified":"2025-02-12T16:35:51","modified_gmt":"2025-02-12T19:35:51","slug":"pedra-de-amolar-faca-sub-amolador-prof-kit-c-6-unidades","status":"publish","type":"product","link":"https:\/\/mistersates-import.com.br\/loja\/product\/pedra-de-amolar-faca-sub-amolador-prof-kit-c-6-unidades\/","title":{"rendered":"Pedra De Amolar Faca Sub. Amolador Prof.  Kit C\/ 6 Unidades"},"content":{"rendered":"<p>Descri\u00e7\u00e3o<\/p>\n<p>Kit c\/ 6 pedras de afiar : 180# 400# 800# 1500# 2000# 3000#<\/p>\n<p>Itens que Acompanha o Kit 6 Pedras com part\u00edculas de:<\/p>\n<p>1 pedra de gr\u00e3o 180 # desgaste maior para facas sem fio<br \/>\n1 pedra de gr\u00e3o 400 # desgaste m\u00e9dio para facas com pouco fio<br \/>\n1 pedra de gr\u00e3o 800 # pouco abrasiva para ajustar o fio, eliminar ranhuras.<br \/>\n1 pedra de gr\u00e3o 1500 # baixo desgaste ajuste fino para 20 a 25 graus<br \/>\n1 pedra de gr\u00e3o 2000 # baixo desgaste ajuste fino para 20 a 25 graus<br \/>\n1 pedra de gr\u00e3o 3000 # fino desgaste ajuste fio de navalha para 25 a 30 graus<\/p>\n<p>Tipo: Afiadores de facas<br \/>\nMarca &#8211; Adaee<br \/>\nCaracter\u00edstica: Pedra fixa em base de pl\u00e1stico r\u00edgido<br \/>\nDimens\u00f5es: 150 mm \/ 20 mm \/ 5 mm<\/p>\n","protected":false},"excerpt":{"rendered":"<p>Descri\u00e7\u00e3o Kit c\/ 6 pedras de afiar : 180# 400# 800# 1500# 2000# 3000# Itens que Acompanha o Kit 6 Pedras com part\u00edculas de: 1 pedra de gr\u00e3o 180 # desgaste maior para facas sem fio 1 pedra de gr\u00e3o &hellip; <a href=\"https:\/\/mistersates-import.com.br\/loja\/product\/pedra-de-amolar-faca-sub-amolador-prof-kit-c-6-unidades\/\">Readmore<\/a><\/p>\n","protected":false},"featured_media":17022,"template":"","meta":{"_joinchat":[]},"_links":{"self":[{"href":"https:\/\/mistersates-import.com.br\/loja\/wp-json\/wp\/v2\/product\/17021"}],"collection":[{"href":"https:\/\/mistersates-import.com.br\/loja\/wp-json\/wp\/v2\/product"}],"about":[{"href":"https:\/\/mistersates-import.com.br\/loja\/wp-json\/wp\/v2\/types\/product"}],"wp:featuredmedia":[{"embeddable":true,"href":"https:\/\/mistersates-import.com.br\/loja\/wp-json\/wp\/v2\/media\/17022"}],"wp:attachment":[{"href":"https:\/\/mistersates-import.com.br\/loja\/wp-json\/wp\/v2\/media?parent=17021"}],"curies":[{"name":"wp","href":"https:\/\/api.w.org\/{rel}","templated":true}]}}