{"id":17119,"date":"2023-01-23T12:24:51","date_gmt":"2023-01-23T15:24:51","guid":{"rendered":"https:\/\/mistersates-import.com.br\/loja\/?post_type=product&#038;p=17119"},"modified":"2025-12-19T12:50:47","modified_gmt":"2025-12-19T15:50:47","slug":"adaptador-ethernet-usb-3-0-rj45-rede-gigabit-10-100-1000cabo","status":"publish","type":"product","link":"https:\/\/mistersates-import.com.br\/loja\/product\/adaptador-ethernet-usb-3-0-rj45-rede-gigabit-10-100-1000cabo\/","title":{"rendered":"Adaptador Ethernet Usb 3.0 Rj45 Rede Gigabit 10\/100\/1000cabo"},"content":{"rendered":"<p>Adaptador Ethernet Usb 3.0 Rj45 Rede Gigabit 10\/100\/1000cabo<\/p>\n<p>&#8211; Este compacto USB 3.0 Adaptador de Rede \u00e9 compat\u00edvel com vers\u00f5es anteriores com USB 2.0 mais velho\/1.x sistemas de computador (velocidade limitada por barramento USB), o que torna o ideal de substitui\u00e7\u00e3o port\u00e1til adaptador de rede ou laptop acess\u00f3rio.<br \/>\n&#8211; Aplic\u00e1vel a Chromebook, Macbook Air, janelas, Tablets Android.<br \/>\n&#8211; O adaptador Gigabit Ethernet adiciona uma \u00fanica porta Ethernet RJ45 para um USB-habilitado sistema de computador, com suporte para conex\u00f5es de rede a banda completa de 1000Mps Gigabit.<\/p>\n<p>Requisitos do sistema:<\/p>\n<p>&#8211; Windows XP\/Vista ou Windows 7 ou Windows 8 8.1 ou Windows 10 ou Macintosh OSX 10.6\/10.7<\/p>\n<p>DESCRI\u00c7\u00c3O:<\/p>\n<p>&#8211; Suporta 10\/100\/1000 Mbps;<br \/>\n&#8211; USB 3. 0 Interface<br \/>\n&#8211; Compatibilidade com vers\u00f5es anteriores com USB 2. 0 ( por\u00e9m o usb 2.0 limita a velocidade)<br \/>\n&#8211; Suporta Auto MDIX (cabo de rede cross ou par tran\u00e7ado);<br \/>\n&#8211; Suporta USB completo e modos de alta velocidade;<br \/>\n&#8211; IEEE 802.3, 802.3u, e 802.3ab (10 Base-T, 100Base-TX, e 1000Base-T.);<br \/>\n&#8211; Suporta tanto full-duplex e opera\u00e7\u00e3o half-duplex na Fast Ethernet<br \/>\n&#8211; Suporta pacote Jumbo de at\u00e9 9 KB<br \/>\n&#8211; Suporta modo de suspens\u00e3o e ativa\u00e7\u00e3o remota via link-up e magic packet<br \/>\n&#8211; Instala\u00e7\u00e3o Plug and Play<br \/>\n&#8211; Porta USB dispon\u00edvel (porta USB3.0 preferencial)<br \/>\n&#8211; Cor: Preto<br \/>\n&#8211; Interface de entrada: interface RJ45 para cabo de rede<br \/>\n&#8211; Interface de sa\u00edda: USB 3.0 para o lado do computador<br \/>\n&#8211; Quantidade: 1 unidade.<\/p>\n<p>&nbsp;<\/p>\n","protected":false},"excerpt":{"rendered":"<p>Adaptador Ethernet Usb 3.0 Rj45 Rede Gigabit 10\/100\/1000cabo &#8211; Este compacto USB 3.0 Adaptador de Rede \u00e9 compat\u00edvel com vers\u00f5es anteriores com USB 2.0 mais velho\/1.x sistemas de computador (velocidade limitada por barramento USB), o que torna o ideal de &hellip; <a href=\"https:\/\/mistersates-import.com.br\/loja\/product\/adaptador-ethernet-usb-3-0-rj45-rede-gigabit-10-100-1000cabo\/\">Readmore<\/a><\/p>\n","protected":false},"featured_media":17120,"template":"","meta":{"_joinchat":[]},"_links":{"self":[{"href":"https:\/\/mistersates-import.com.br\/loja\/wp-json\/wp\/v2\/product\/17119"}],"collection":[{"href":"https:\/\/mistersates-import.com.br\/loja\/wp-json\/wp\/v2\/product"}],"about":[{"href":"https:\/\/mistersates-import.com.br\/loja\/wp-json\/wp\/v2\/types\/product"}],"wp:featuredmedia":[{"embeddable":true,"href":"https:\/\/mistersates-import.com.br\/loja\/wp-json\/wp\/v2\/media\/17120"}],"wp:attachment":[{"href":"https:\/\/mistersates-import.com.br\/loja\/wp-json\/wp\/v2\/media?parent=17119"}],"curies":[{"name":"wp","href":"https:\/\/api.w.org\/{rel}","templated":true}]}}