{"id":17144,"date":"2023-01-26T17:09:49","date_gmt":"2023-01-26T20:09:49","guid":{"rendered":"https:\/\/mistersates-import.com.br\/loja\/?post_type=product&#038;p=17144"},"modified":"2023-05-12T16:43:30","modified_gmt":"2023-05-12T19:43:30","slug":"lampada-esterilizador-uv-para-aquario-13-w","status":"publish","type":"product","link":"https:\/\/mistersates-import.com.br\/loja\/product\/lampada-esterilizador-uv-para-aquario-13-w\/","title":{"rendered":"Lampada Esterilizador uv para aqu\u00e1rio 13 W"},"content":{"rendered":"<p>Caracter\u00edsticas:<\/p>\n<p>1. Filamento de alta qualidade para alto desempenho e economia de energia.<br \/>\n2. Adotando tubo de vidro de quartzo \u00e0 prova de explos\u00e3o para alta transmiss\u00e3o de raios ultravioleta.<br \/>\n3. Ventosas poderosas para ajustar a posi\u00e7\u00e3o livremente.<br \/>\n4. Design \u00e0 prova d&#8217;\u00e1gua seguro para uso totalmente submers\u00edvel.<br \/>\n5. O interruptor de alimenta\u00e7\u00e3o independente \u00e9 ideal para uma utiliza\u00e7\u00e3o mais segura.<br \/>\n6. Adequado para controlar bact\u00e9rias malignas em aqu\u00e1rios e aqu\u00e1rios.<\/p>\n<p>Especifica\u00e7\u00f5es:<\/p>\n<p>Pot\u00eancia: 13W Tipo de plugue AC110-120V Material do corpo: Vidro de quartzo<\/p>\n<p>&nbsp;<\/p>\n<p>Comprimento do cabo: aprox. 150 cm \/ 59 polegadas<br \/>\nTamanho (D * L):<br \/>\n13 W: 20 mm x 240 mm \/ 0,8 polegadas x 9,45 polegadas<\/p>\n<p>Quantidade: 1 PC<\/p>\n<p>Notas e avisos:<\/p>\n<p>1. O esterilizador deve ser colocado no tanque do filtro, n\u00e3o pode ser colocado diretamente no tanque de peixes.<br \/>\n2. O produto destina-se a uso submers\u00edvel.<br \/>\n3. Em uso, desligue a fonte de alimenta\u00e7\u00e3o e pare de usar imediatamente se a l\u00e2mpada entrar na \u00e1gua.<br \/>\n4. A radia\u00e7\u00e3o ultravioleta causar\u00e1 danos diretos \u00e0 pele e aos olhos humanos, por favor, n\u00e3o exponha ao uso.<\/p>\n<p>Uso sugerido:<\/p>\n<p>1. Por favor, escolha a l\u00e2mpada adequada de acordo com o tamanho do seu tanque de peixes e tanque de filtro.<br \/>\n2. 3-4 vezes por semana, n\u00e3o use mais de 2 horas por dia; Por favor, de acordo com a situa\u00e7\u00e3o real.<\/p>\n<p>O pacote inclui:<\/p>\n<p>1 x l\u00e2mpada de esteriliza\u00e7\u00e3o UV de aqu\u00e1rio<br \/>\n2 x ventosas<\/p>\n","protected":false},"excerpt":{"rendered":"<p>Caracter\u00edsticas: 1. Filamento de alta qualidade para alto desempenho e economia de energia. 2. Adotando tubo de vidro de quartzo \u00e0 prova de explos\u00e3o para alta transmiss\u00e3o de raios ultravioleta. 3. Ventosas poderosas para ajustar a posi\u00e7\u00e3o livremente. 4. Design &hellip; <a href=\"https:\/\/mistersates-import.com.br\/loja\/product\/lampada-esterilizador-uv-para-aquario-13-w\/\">Readmore<\/a><\/p>\n","protected":false},"featured_media":17145,"template":"","meta":{"_joinchat":[]},"_links":{"self":[{"href":"https:\/\/mistersates-import.com.br\/loja\/wp-json\/wp\/v2\/product\/17144"}],"collection":[{"href":"https:\/\/mistersates-import.com.br\/loja\/wp-json\/wp\/v2\/product"}],"about":[{"href":"https:\/\/mistersates-import.com.br\/loja\/wp-json\/wp\/v2\/types\/product"}],"wp:featuredmedia":[{"embeddable":true,"href":"https:\/\/mistersates-import.com.br\/loja\/wp-json\/wp\/v2\/media\/17145"}],"wp:attachment":[{"href":"https:\/\/mistersates-import.com.br\/loja\/wp-json\/wp\/v2\/media?parent=17144"}],"curies":[{"name":"wp","href":"https:\/\/api.w.org\/{rel}","templated":true}]}}