{"id":17159,"date":"2023-02-03T16:45:20","date_gmt":"2023-02-03T19:45:20","guid":{"rendered":"https:\/\/mistersates-import.com.br\/loja\/?post_type=product&#038;p=17159"},"modified":"2025-09-27T13:00:11","modified_gmt":"2025-09-27T16:00:11","slug":"hub-adaptador-conversor-tipo-c-para-4-x-usb-1-x-3-0-e-3-x-2-0","status":"publish","type":"product","link":"https:\/\/mistersates-import.com.br\/loja\/product\/hub-adaptador-conversor-tipo-c-para-4-x-usb-1-x-3-0-e-3-x-2-0\/","title":{"rendered":"Hub Adaptador Conversor Tipo-c Para 4 X Usb 1 X 3.0 e 3 X 2.0"},"content":{"rendered":"<p>Caracter\u00edsticas:<\/p>\n<p>1. plug and play, f\u00e1cil de instalar.<\/p>\n<p>2. layout de interface usb razo\u00e1vel, pode suportar quatro dispositivos de alta velocidade usb simultaneamente<\/p>\n<p>3. usb 3.0, 10x mais r\u00e1pido do que usb 2.0, at\u00e9 5gbps taxa de transfer\u00eancia. Compat\u00edvel com especifica\u00e7\u00f5es usb 2.0 e 1.1.<\/p>\n<p>4. apoie a tens\u00e3o da sobrecarga e a fun\u00e7\u00e3o da prote\u00e7\u00e3o da inter-corrente, pode proteger o equipamento conectado e o cubo em si eficazmente quando de repente energizado.<\/p>\n<p>5. design de interface de inclina\u00e7\u00e3o ergon\u00f4mica, considera\u00e7\u00f5es de tecnologia humanizada.<\/p>\n<p>6. desempenho est\u00e1vel, dur\u00e1vel e confi\u00e1vel.<\/p>\n<p>3 * hub 2.0 e 1 * hub 3.0<\/p>\n<p>Suporte 3.0 super-velocidade 5gbps, 2.0 de alta velocidade 480mbps, velocidade total 12mbps, e baixa velocidade 1.5mbps de transmiss\u00e3o<\/p>\n","protected":false},"excerpt":{"rendered":"<p>Caracter\u00edsticas: 1. plug and play, f\u00e1cil de instalar. 2. layout de interface usb razo\u00e1vel, pode suportar quatro dispositivos de alta velocidade usb simultaneamente 3. usb 3.0, 10x mais r\u00e1pido do que usb 2.0, at\u00e9 5gbps taxa de transfer\u00eancia. Compat\u00edvel com &hellip; <a href=\"https:\/\/mistersates-import.com.br\/loja\/product\/hub-adaptador-conversor-tipo-c-para-4-x-usb-1-x-3-0-e-3-x-2-0\/\">Readmore<\/a><\/p>\n","protected":false},"featured_media":17167,"template":"","meta":{"_joinchat":[]},"_links":{"self":[{"href":"https:\/\/mistersates-import.com.br\/loja\/wp-json\/wp\/v2\/product\/17159"}],"collection":[{"href":"https:\/\/mistersates-import.com.br\/loja\/wp-json\/wp\/v2\/product"}],"about":[{"href":"https:\/\/mistersates-import.com.br\/loja\/wp-json\/wp\/v2\/types\/product"}],"wp:featuredmedia":[{"embeddable":true,"href":"https:\/\/mistersates-import.com.br\/loja\/wp-json\/wp\/v2\/media\/17167"}],"wp:attachment":[{"href":"https:\/\/mistersates-import.com.br\/loja\/wp-json\/wp\/v2\/media?parent=17159"}],"curies":[{"name":"wp","href":"https:\/\/api.w.org\/{rel}","templated":true}]}}