{"id":17286,"date":"2023-02-24T11:19:48","date_gmt":"2023-02-24T14:19:48","guid":{"rendered":"https:\/\/mistersates-import.com.br\/loja\/?post_type=product&#038;p=17286"},"modified":"2025-04-10T10:50:44","modified_gmt":"2025-04-10T13:50:44","slug":"adaptador-av-digital-hdmi-para-iphone-entrada-lightning","status":"publish","type":"product","link":"https:\/\/mistersates-import.com.br\/loja\/product\/adaptador-av-digital-hdmi-para-iphone-entrada-lightning\/","title":{"rendered":"Adaptador Av Digital\/hdmi Para iPhone Entrada Lightning"},"content":{"rendered":"<p>Descri\u00e7\u00e3o:<\/p>\n<p>Vis\u00e3o geral:<\/p>\n<p>Use o Adaptador de Lightning para AV Digital com o seu iPhone, iPad ou iPod com conector Lightning. Com ele, voc\u00ea espelha o conte\u00fado da tela do seu dispositivo, inclusive apps, apresenta\u00e7\u00f5es, sites e muito mais, em sua TV, projetor ou outra tela com HDMI em HD at\u00e9 1080p.<\/p>\n<p>Ele tamb\u00e9m transmite conte\u00fado de v\u00eddeo \u2014 filmes, programas de TV, v\u00eddeos gravados \u00bf para o seu tel\u00e3o em at\u00e9 1080p HD. Basta conectar o Adaptador de Lightning para AV Digital no conector Lightning do dispositivo e, em seguida, na TV ou projetor usando um cabo HDMI (vendido separadamente).<\/p>\n<p>Conte\u00fado da caixa:<\/p>\n<p>Adaptador de Lightning para AV Digital<\/p>\n<p>Especifica\u00e7\u00f5es:<\/p>\n<p>HDMI<br \/>\nLightning<br \/>\nRequisitos do Sistema<br \/>\nRequer cabo HDMI (vendido separadamente) para conex\u00e3o com a sua TV ou projetor. Oferece suporte a sa\u00edda de \u00e1udio e v\u00eddeo.<br \/>\nCompatibilidade<br \/>\nModelos de iPhone:<\/p>\n<p>iPhone X<br \/>\niPhone 8<br \/>\niPhone 8 Plus<br \/>\niPhone 7<br \/>\niPhone 7 Plus<br \/>\niPhone 6s<br \/>\niPhone 6s Plus<br \/>\niPhone 6<br \/>\niPhone 6 Plus<br \/>\niPhone SE<br \/>\niPhone 5s<br \/>\niPhone 5c<br \/>\niPhone 5<br \/>\nA partir do IOS 11 o App Netflix n\u00e3o funciona<br \/>\nModelos de iPad<br \/>\niPad Pro de 10,5 polegadas<br \/>\niPad Pro de 12,9 polegadas (2\u00aa gera\u00e7\u00e3o)<br \/>\niPad Pro de 12,9 polegadas (1\u00aa gera\u00e7\u00e3o)<br \/>\niPad Pro de 9,7 polegadas<br \/>\niPad<br \/>\niPad mini 4<br \/>\niPad mini 3<br \/>\niPad mini 2<br \/>\niPad mini<br \/>\niPad Air 2<br \/>\niPad Air<\/p>\n<p>Modelos de iPod<br \/>\niPod touch 6\u00aa gera\u00e7\u00e3o<br \/>\niPod touch 5\u00aa gera\u00e7\u00e3o<\/p>\n","protected":false},"excerpt":{"rendered":"<p>Descri\u00e7\u00e3o: Vis\u00e3o geral: Use o Adaptador de Lightning para AV Digital com o seu iPhone, iPad ou iPod com conector Lightning. Com ele, voc\u00ea espelha o conte\u00fado da tela do seu dispositivo, inclusive apps, apresenta\u00e7\u00f5es, sites e muito mais, em &hellip; <a href=\"https:\/\/mistersates-import.com.br\/loja\/product\/adaptador-av-digital-hdmi-para-iphone-entrada-lightning\/\">Readmore<\/a><\/p>\n","protected":false},"featured_media":17288,"template":"","meta":{"_joinchat":[]},"_links":{"self":[{"href":"https:\/\/mistersates-import.com.br\/loja\/wp-json\/wp\/v2\/product\/17286"}],"collection":[{"href":"https:\/\/mistersates-import.com.br\/loja\/wp-json\/wp\/v2\/product"}],"about":[{"href":"https:\/\/mistersates-import.com.br\/loja\/wp-json\/wp\/v2\/types\/product"}],"wp:featuredmedia":[{"embeddable":true,"href":"https:\/\/mistersates-import.com.br\/loja\/wp-json\/wp\/v2\/media\/17288"}],"wp:attachment":[{"href":"https:\/\/mistersates-import.com.br\/loja\/wp-json\/wp\/v2\/media?parent=17286"}],"curies":[{"name":"wp","href":"https:\/\/api.w.org\/{rel}","templated":true}]}}