{"id":17400,"date":"2023-04-01T10:53:33","date_gmt":"2023-04-01T13:53:33","guid":{"rendered":"https:\/\/mistersates-import.com.br\/loja\/?post_type=product&#038;p=17400"},"modified":"2024-03-15T18:27:56","modified_gmt":"2024-03-15T21:27:56","slug":"mini-sensor-de-porta-de-aco-e-portoes-preto-stillus","status":"publish","type":"product","link":"https:\/\/mistersates-import.com.br\/loja\/product\/mini-sensor-de-porta-de-aco-e-portoes-preto-stillus\/","title":{"rendered":"Mini Sensor De Porta De Aco E Portoes Preto Stillus"},"content":{"rendered":"<p>Descri\u00e7\u00e3o:<\/p>\n<p>Mini Sensor De Porta De A\u00e7o E Port\u00f5es<\/p>\n<p>Descri\u00e7\u00e3o:<\/p>\n<p>&#8211; Resistente a passagem de ve\u00edculos.<br \/>\n&#8211; Cabo flex\u00edvel em inox.<br \/>\n&#8211; Resiste at\u00e9 2000 Kg.<br \/>\n&#8211; Ganho de fechamento magn\u00e9tico 30 mm.<br \/>\n&#8211; Im\u00e3 e contatos com regulagem ajust\u00e1vel.<br \/>\n&#8211; Tipo \u2013 normalmente aberto.<br \/>\n&#8211; R\u00e1pida instala\u00e7\u00e3o.<br \/>\n&#8211; Cor preta.<br \/>\n&#8211; Injetado em policarbonato.<br \/>\n&#8211; Uso interno \/ externo.<br \/>\n&#8211; N\u00e3o dispara em falso.<br \/>\n&#8211; Excelente resultado.<br \/>\n&#8211; \u00d3timo custo benef\u00edcio.<\/p>\n<p>Cor: Preto<br \/>\nMarca: Stilus<br \/>\nPeso: Aproximadamente 150 gramas<\/p>\n<p>Ficha t\u00e9cnica<br \/>\n&#8211; cor: preto<\/p>\n","protected":false},"excerpt":{"rendered":"<p>Descri\u00e7\u00e3o: Mini Sensor De Porta De A\u00e7o E Port\u00f5es Descri\u00e7\u00e3o: &#8211; Resistente a passagem de ve\u00edculos. &#8211; Cabo flex\u00edvel em inox. &#8211; Resiste at\u00e9 2000 Kg. &#8211; Ganho de fechamento magn\u00e9tico 30 mm. &#8211; Im\u00e3 e contatos com regulagem ajust\u00e1vel. &hellip; <a href=\"https:\/\/mistersates-import.com.br\/loja\/product\/mini-sensor-de-porta-de-aco-e-portoes-preto-stillus\/\">Readmore<\/a><\/p>\n","protected":false},"featured_media":17401,"template":"","meta":{"_joinchat":[]},"_links":{"self":[{"href":"https:\/\/mistersates-import.com.br\/loja\/wp-json\/wp\/v2\/product\/17400"}],"collection":[{"href":"https:\/\/mistersates-import.com.br\/loja\/wp-json\/wp\/v2\/product"}],"about":[{"href":"https:\/\/mistersates-import.com.br\/loja\/wp-json\/wp\/v2\/types\/product"}],"wp:featuredmedia":[{"embeddable":true,"href":"https:\/\/mistersates-import.com.br\/loja\/wp-json\/wp\/v2\/media\/17401"}],"wp:attachment":[{"href":"https:\/\/mistersates-import.com.br\/loja\/wp-json\/wp\/v2\/media?parent=17400"}],"curies":[{"name":"wp","href":"https:\/\/api.w.org\/{rel}","templated":true}]}}