{"id":17438,"date":"2023-04-12T12:46:13","date_gmt":"2023-04-12T15:46:13","guid":{"rendered":"https:\/\/mistersates-import.com.br\/loja\/?post_type=product&#038;p=17438"},"modified":"2025-04-09T21:41:07","modified_gmt":"2025-04-10T00:41:07","slug":"jogo-broca-de-widia-sds-plus-5-pecas-6810mm-makita-d61678","status":"publish","type":"product","link":"https:\/\/mistersates-import.com.br\/loja\/product\/jogo-broca-de-widia-sds-plus-5-pecas-6810mm-makita-d61678\/","title":{"rendered":"Jogo Broca De Widia Sds-plus 5 Pecas 6,8,10mm Makita D61678 &#8211; ORIGINAL"},"content":{"rendered":"<p>Jogo de Brocas 6 a 10 mm 5 pe\u00e7as SDS Plus<\/p>\n<p>Caracter\u00edsticas:<\/p>\n<p>&#8211; Jogo de broca para concreto 6 a 10 mm 5 pe\u00e7as SDS Plus<br \/>\n&#8211; As brocas s\u00e3o ideais para perfura\u00e7\u00f5es em alvenaria, concreto e pedras<br \/>\n&#8211; Utilizada com marteletes ou martelos encaixe SDS Plus.<\/p>\n<p>Especifica\u00e7\u00f5es:<\/p>\n<p>&#8211; Marca: MAKITA<br \/>\n&#8211; Modelo: D-61678<\/p>\n<p>Composto por 5 pe\u00e7as, com as seguintes medidas:<\/p>\n<p>&#8211; 6 x 110 mm<br \/>\n&#8211; 6 x 160 mm<br \/>\n&#8211; 8 x 110 mm<br \/>\n&#8211; 8 x 160 mm<br \/>\n&#8211; 10 x 160 mm<\/p>\n","protected":false},"excerpt":{"rendered":"<p>Jogo de Brocas 6 a 10 mm 5 pe\u00e7as SDS Plus Caracter\u00edsticas: &#8211; Jogo de broca para concreto 6 a 10 mm 5 pe\u00e7as SDS Plus &#8211; As brocas s\u00e3o ideais para perfura\u00e7\u00f5es em alvenaria, concreto e pedras &#8211; Utilizada &hellip; <a href=\"https:\/\/mistersates-import.com.br\/loja\/product\/jogo-broca-de-widia-sds-plus-5-pecas-6810mm-makita-d61678\/\">Readmore<\/a><\/p>\n","protected":false},"featured_media":17439,"template":"","meta":{"_joinchat":[]},"_links":{"self":[{"href":"https:\/\/mistersates-import.com.br\/loja\/wp-json\/wp\/v2\/product\/17438"}],"collection":[{"href":"https:\/\/mistersates-import.com.br\/loja\/wp-json\/wp\/v2\/product"}],"about":[{"href":"https:\/\/mistersates-import.com.br\/loja\/wp-json\/wp\/v2\/types\/product"}],"wp:featuredmedia":[{"embeddable":true,"href":"https:\/\/mistersates-import.com.br\/loja\/wp-json\/wp\/v2\/media\/17439"}],"wp:attachment":[{"href":"https:\/\/mistersates-import.com.br\/loja\/wp-json\/wp\/v2\/media?parent=17438"}],"curies":[{"name":"wp","href":"https:\/\/api.w.org\/{rel}","templated":true}]}}