{"id":17446,"date":"2023-04-14T15:25:01","date_gmt":"2023-04-14T18:25:01","guid":{"rendered":"https:\/\/mistersates-import.com.br\/loja\/?post_type=product&#038;p=17446"},"modified":"2024-08-21T16:54:23","modified_gmt":"2024-08-21T19:54:23","slug":"bateria-gopro-hero-5-6-7-black-recarregavel-1250mah","status":"publish","type":"product","link":"https:\/\/mistersates-import.com.br\/loja\/product\/bateria-gopro-hero-5-6-7-black-recarregavel-1250mah\/","title":{"rendered":"Bateria Gopro Hero 5, 6, 7 Black Recarreg\u00e1vel 1220mah"},"content":{"rendered":"<p>SER\u00c1 ENVIA A BATERIA DE 1220 MAH.<\/p>\n<p>SER\u00c1 ENVIA A BATERIA DE 1220 MAH.<\/p>\n<p>SER\u00c1 ENVIA A BATERIA DE 1220 MAH.<\/p>\n<p>BATERIA SIMILAR E N\u00c3O UMA ORIGINAL GOPRO;<\/p>\n<p>DESCRI\u00c7\u00c3O:<\/p>\n<p>BATERIA RECARREG\u00c1VEL EXTRA PARA GOPRO HERO 5, BLACK E GOPRO 6, BLACK GOPRO HERO 7<br \/>\nCOMPAT\u00cdVEIS:<\/p>\n<p>C\u00e2meras de A\u00e7\u00e3o GoPro Hero Black<\/p>\n<p>GOPRO HERO 5<br \/>\nGOPRO HERO 6<br \/>\nGOPRO HERO 7<\/p>\n<p>DESCRI\u00c7\u00c3O:<\/p>\n<p>* Produto n\u00e3o fabricados pela GoPro<br \/>\n* Produto 100% novo, lacrado de alta qualidade com garantia<\/p>\n<p>ITEM INCLUSO:<\/p>\n<p>. 1 Bateria Extra Recarreg\u00e1vel Para GOPRO HERO 5 , GOPRO HERO 6 , GOPRO HERO 7<\/p>\n","protected":false},"excerpt":{"rendered":"<p>SER\u00c1 ENVIA A BATERIA DE 1220 MAH. SER\u00c1 ENVIA A BATERIA DE 1220 MAH. SER\u00c1 ENVIA A BATERIA DE 1220 MAH. BATERIA SIMILAR E N\u00c3O UMA ORIGINAL GOPRO; DESCRI\u00c7\u00c3O: BATERIA RECARREG\u00c1VEL EXTRA PARA GOPRO HERO 5, BLACK E GOPRO 6, &hellip; <a href=\"https:\/\/mistersates-import.com.br\/loja\/product\/bateria-gopro-hero-5-6-7-black-recarregavel-1250mah\/\">Readmore<\/a><\/p>\n","protected":false},"featured_media":17731,"template":"","meta":{"_joinchat":[]},"_links":{"self":[{"href":"https:\/\/mistersates-import.com.br\/loja\/wp-json\/wp\/v2\/product\/17446"}],"collection":[{"href":"https:\/\/mistersates-import.com.br\/loja\/wp-json\/wp\/v2\/product"}],"about":[{"href":"https:\/\/mistersates-import.com.br\/loja\/wp-json\/wp\/v2\/types\/product"}],"wp:featuredmedia":[{"embeddable":true,"href":"https:\/\/mistersates-import.com.br\/loja\/wp-json\/wp\/v2\/media\/17731"}],"wp:attachment":[{"href":"https:\/\/mistersates-import.com.br\/loja\/wp-json\/wp\/v2\/media?parent=17446"}],"curies":[{"name":"wp","href":"https:\/\/api.w.org\/{rel}","templated":true}]}}