{"id":17465,"date":"2023-04-24T16:26:48","date_gmt":"2023-04-24T19:26:48","guid":{"rendered":"https:\/\/mistersates-import.com.br\/loja\/?post_type=product&#038;p=17465"},"modified":"2025-01-26T09:09:40","modified_gmt":"2025-01-26T12:09:40","slug":"fonte-carregador-modelo-kg-0510-5v-1aa-5-02-5mm","status":"publish","type":"product","link":"https:\/\/mistersates-import.com.br\/loja\/product\/fonte-carregador-modelo-kg-0510-5v-1aa-5-02-5mm\/","title":{"rendered":"Fonte Carregador modelo KG-0510 5V 1AA 5.0*2.5mm"},"content":{"rendered":"<p>DESCRI\u00c7\u00c3O DO PRODUTO<\/p>\n<p>ATEN\u00c7\u00c3O!<\/p>\n<p>PRODUTO DE ACORDO COM IMAGENS!<\/p>\n<p>PRODUTO TESTADO E FUNCIONANDO!<\/p>\n<p>AC\/DC Adaptor<\/p>\n<p>Modelo: KG-0510<\/p>\n<p>Input: 100v 240v 50-60Hz<\/p>\n<p>Output: 5v 1a<\/p>\n<p>Conector: 5.0*2.5 mm<\/p>\n<p>Situa\u00e7\u00e3o do Produto:<br \/>\n&#8211; Novo<br \/>\n&#8211; Original<\/p>\n","protected":false},"excerpt":{"rendered":"<p>DESCRI\u00c7\u00c3O DO PRODUTO ATEN\u00c7\u00c3O! PRODUTO DE ACORDO COM IMAGENS! PRODUTO TESTADO E FUNCIONANDO! AC\/DC Adaptor Modelo: KG-0510 Input: 100v 240v 50-60Hz Output: 5v 1a Conector: 5.0*2.5 mm Situa\u00e7\u00e3o do Produto: &#8211; Novo &#8211; Original<\/p>\n","protected":false},"featured_media":17466,"template":"","meta":{"_joinchat":[]},"_links":{"self":[{"href":"https:\/\/mistersates-import.com.br\/loja\/wp-json\/wp\/v2\/product\/17465"}],"collection":[{"href":"https:\/\/mistersates-import.com.br\/loja\/wp-json\/wp\/v2\/product"}],"about":[{"href":"https:\/\/mistersates-import.com.br\/loja\/wp-json\/wp\/v2\/types\/product"}],"wp:featuredmedia":[{"embeddable":true,"href":"https:\/\/mistersates-import.com.br\/loja\/wp-json\/wp\/v2\/media\/17466"}],"wp:attachment":[{"href":"https:\/\/mistersates-import.com.br\/loja\/wp-json\/wp\/v2\/media?parent=17465"}],"curies":[{"name":"wp","href":"https:\/\/api.w.org\/{rel}","templated":true}]}}