{"id":17470,"date":"2023-04-24T17:36:26","date_gmt":"2023-04-24T20:36:26","guid":{"rendered":"https:\/\/mistersates-import.com.br\/loja\/?post_type=product&#038;p=17470"},"modified":"2023-10-29T02:23:01","modified_gmt":"2023-10-29T05:23:01","slug":"camera-ip-wifi-aprova-dagua-visao-noturna-detector-movimento","status":"publish","type":"product","link":"https:\/\/mistersates-import.com.br\/loja\/product\/camera-ip-wifi-aprova-dagua-visao-noturna-detector-movimento\/","title":{"rendered":"C\u00e2mera Ip Wifi Aprova D\u00e1gua Vis\u00e3o Noturna Detector Movimento"},"content":{"rendered":"<p>APLICATIVO UTILIZADO PELA CAMERA.<\/p>\n<p>1. O aplicativo usado pela c\u00e2mera \u00e9 YI IOT.<\/p>\n<p>&nbsp;<\/p>\n<p>&#8211; &#8211; &#8211; &#8211; &#8211; &#8211; &#8211; &#8211; &#8211; &#8211; DESCRI\u00c7\u00c3O PRODUTO &#8211; &#8211; &#8211; &#8211; &#8211; &#8211; &#8211; &#8211; &#8211; &#8211; &#8211; &#8211; &#8211;<\/p>\n<p>&nbsp;<\/p>\n<p>INFORMA\u00c7\u00d5ES EM TEMPO REAL NO SEU SMARTPHONE<\/p>\n<p>A C\u00e2mera Inteligente \u00e9 compat\u00edvel com smartphones e possibilita uma vis\u00e3o remota de onde quer que voc\u00ea esteja, apenas necessitando de uma conex\u00e3o via wifi \u00e9 poss\u00edvel observar tudo o que est\u00e1 acontecendo na sua casa, quarto, empresa e muito outros lugares.<\/p>\n<p>INSTALA\u00c7\u00c3O SIMPLES E F\u00c1CIL EM TODOS OS LUGARES<\/p>\n<p>Sem a necessidade de contratar profissionais de instala\u00e7\u00e3o, agora voc\u00ea pode rapidamente instalar voc\u00ea mesmo um sistema de seguran\u00e7a completo para seu estabelecimento ou casa!<br \/>\nQualquer pessoa pode fazer a instala\u00e7\u00e3o<br \/>\nA c\u00e2mera inteligente \u00e9 desenvolvida de maneira \u00fanica a manter a conex\u00e3o via sistema el\u00e9trico de l\u00e2mpadas, sendo poss\u00edvel ativ\u00e1-la em praticamente qualquer lugar!<\/p>\n<p>PROTE\u00c7\u00c3O E SEGURAN\u00c7A IMEDIATA<\/p>\n<p>Detecte todos os movimentos que acontecem na sua casa! Movimente sua c\u00e2mera em todas as dire\u00e7\u00f5es, e tenha observa\u00e7\u00e3o de todos os \u00e2ngulos que quiser!<br \/>\nO sistema de monitoramento inteligente pode ser programado para disparar o alarme da c\u00e2mera, avisando voc\u00ea no aplicativo sobre qualquer movimenta\u00e7\u00e3o suspeita na sua casa. Possui vis\u00e3o de infravermelho que suporta at\u00e9 10 metros durante a noite.<\/p>\n<p>Principais Caracter\u00edsticas de Monitoramento:<\/p>\n<p>Auto Tracking &#8211; Rastreamento Autom\u00e1tico<br \/>\nMonitoramento 360\u00b0 &#8211; inclina\u00e7\u00e3o autom\u00e1tica ou por controle remoto<br \/>\nSistema NightVision &#8211; Vis\u00e3o Noturna e Diurna com Infra Vermelho!<br \/>\nAlarme de movimenta\u00e7\u00e3o &#8211; Dispara o alarme no seu celular ao detectar movimentos suspeitos!<br \/>\nSistema de \u00e1udio &#8211; Microfone com gravador de \u00e1udio detecta todos os sons do ambiente<br \/>\nAlta Durabilidade &#8211; C\u00e2mera a Prova de \u00c1gua e Resistente a tempos chuvosos<br \/>\nAcesso remoto &#8211; Movimenta\u00e7\u00e3o manual via controle remoto atrav\u00e9s do seu Smartphone!<br \/>\nF\u00e1cil instala\u00e7\u00e3o &#8211; Instala\u00e7\u00e3o Simples, R\u00e1pida e Pr\u00e1tica em qualquer suporte de l\u00e2mpada!<br \/>\nArmazenamento &#8211; Nuvem e Cart\u00e3o de mem\u00f3ria de 128GB<br \/>\nCompatibilidade &#8211; Todos os Smartphones compat\u00edvel com IOS e Android<br \/>\nConex\u00e3o &#8211; Conex\u00e3o Wi-Fi 2.4g, Sensor de \u00faltima gera\u00e7\u00e3o C\u00e2mera HD 1080p<\/p>\n<p>Detalhes da C\u00e2mera:<\/p>\n<p>Cor do produto: branco e preto<br \/>\nTamanho do produto: 150*65cm<br \/>\nEspecifica\u00e7\u00f5es do produto: vers\u00e3o infravermelha<br \/>\nSensor: rgb 1080p cmos de 1\/3 polegadas<br \/>\nLente: 3.6mm lente padr\u00e3o<br \/>\nAlta Defini\u00e7\u00e3o: 1080p (1920*1280) 720p (1280*720) \u00f3tico<br \/>\nngulo de inclina\u00e7\u00e3o horizontal: 355 \u00b0 inclina\u00e7\u00e3o: 90 \u00b0<br \/>\nQuadro 1080p @ 20fps: 720p @ 20fps<br \/>\nFluxo de v\u00eddeo 1080p: 1.2 mbps 1.5mbps 720p: 512kbps<br \/>\nFormato de \u00e1udio G.711A<br \/>\nSuporte de controle de v\u00eddeo<br \/>\nSuporte de voz<br \/>\nDetec\u00e7\u00e3o de movimento<br \/>\nAlarme de a\u00e7\u00e3o em tempo real, informa\u00e7\u00f5es de alarme via Push<br \/>\nMicrofone embutido: Canal de \u00e1udio<br \/>\nPoder E27 110-240V<br \/>\nEconomia de Energia &lt;5w<\/p>\n<p>ITENS INCLUSOS:<\/p>\n<p>&#8211; 1 C\u00e2mera conforme an\u00fancio.<br \/>\n&#8211; 1 Suporte para Fixa\u00e7\u00e3o E27.<br \/>\n&#8211; 1 Manual de Instru\u00e7\u00e3o.<br \/>\n&#8211; 1 Pacote de acess\u00f3rios de instala\u00e7\u00e3o. (Parafusos, buchas, pe\u00e7a para reset).<\/p>\n","protected":false},"excerpt":{"rendered":"<p>APLICATIVO UTILIZADO PELA CAMERA. 1. O aplicativo usado pela c\u00e2mera \u00e9 YI IOT. &nbsp; &#8211; &#8211; &#8211; &#8211; &#8211; &#8211; &#8211; &#8211; &#8211; &#8211; DESCRI\u00c7\u00c3O PRODUTO &#8211; &#8211; &#8211; &#8211; &#8211; &#8211; &#8211; &#8211; &#8211; &#8211; &#8211; &#8211; &#8211; &nbsp; &hellip; <a href=\"https:\/\/mistersates-import.com.br\/loja\/product\/camera-ip-wifi-aprova-dagua-visao-noturna-detector-movimento\/\">Readmore<\/a><\/p>\n","protected":false},"featured_media":17752,"template":"","meta":{"_joinchat":[]},"_links":{"self":[{"href":"https:\/\/mistersates-import.com.br\/loja\/wp-json\/wp\/v2\/product\/17470"}],"collection":[{"href":"https:\/\/mistersates-import.com.br\/loja\/wp-json\/wp\/v2\/product"}],"about":[{"href":"https:\/\/mistersates-import.com.br\/loja\/wp-json\/wp\/v2\/types\/product"}],"wp:featuredmedia":[{"embeddable":true,"href":"https:\/\/mistersates-import.com.br\/loja\/wp-json\/wp\/v2\/media\/17752"}],"wp:attachment":[{"href":"https:\/\/mistersates-import.com.br\/loja\/wp-json\/wp\/v2\/media?parent=17470"}],"curies":[{"name":"wp","href":"https:\/\/api.w.org\/{rel}","templated":true}]}}