{"id":17480,"date":"2023-04-25T17:05:56","date_gmt":"2023-04-25T20:05:56","guid":{"rendered":"https:\/\/mistersates-import.com.br\/loja\/?post_type=product&#038;p=17480"},"modified":"2025-03-21T11:39:48","modified_gmt":"2025-03-21T14:39:48","slug":"interruptor-smarthome-basic-wi-fi-on-off-amazon-alexa-google-assistente-tuya","status":"publish","type":"product","link":"https:\/\/mistersates-import.com.br\/loja\/product\/interruptor-smarthome-basic-wi-fi-on-off-amazon-alexa-google-assistente-tuya\/","title":{"rendered":"Interruptor Smarthome Basic Wi-fi on\/off &#8211; Amazon Alexa &#8211; Google Assistente &#8211; TUYA"},"content":{"rendered":"<p>Informa\u00e7\u00f5es Gerais<\/p>\n<p>Denuncie o Item<\/p>\n<p>DIY WiFi Smart Light Switch Temporizador Disjuntor Universal Controle Remoto Sem Fio Funciona com Alexa Google Home Smart Home Automation<\/p>\n<p>Por Moes<\/p>\n<p>Certifica\u00e7\u00e3o: FCC, CE, RoHS<\/p>\n<p>Caracter\u00edsticas principais:<\/p>\n<p>Voice control: uma vez que voc\u00ea tem este interruptor<br \/>\nVoc\u00ea pode conect\u00e1-lo ao Amazon Alexa(Amazon echo\/dot\/tap) ou ao Google Assistant para controle de voz.<\/p>\n<p>Controle Remoto Wi-Fi:<\/p>\n<p>Voc\u00ea pode usar o aplicativo &#8220;Smart Life&#8221; em seu smartphone para controlar o switch sem fio com a rede Wi-Fi ou 4G.<\/p>\n<p>Fun\u00e7\u00e3o do sincronismo:<\/p>\n<p>Assuma o controle total das luzes de sua casa ou escrit\u00f3rio gra\u00e7as ao temporizador de programa\u00e7\u00e3o que lhe permitir\u00e1 planejar a hora exata para ligar\/desligar as luzes e os aparelhos automaticamente<\/p>\n<p>Compartilhar dispositivo:<\/p>\n<p>Este switch samrt pode ter v\u00e1rios locais de controle compartilhados por diferentes membros da fam\u00edlia. um telefone celular tamb\u00e9m pode controlar muitos switches.<\/p>\n<p>Adicione mais recursos com IFTTT:<\/p>\n<p>Se isso, ent\u00e3o isso \u00e9 um servi\u00e7o gratuito baseado na web que permite que voc\u00ea fa\u00e7a coisas incr\u00edveis com seu interruptor de luz, ligue as l\u00e2mpadas, ventiladores ou outros eletr\u00f4nicos antes de chegar em casa ou desligar quando voc\u00ea sair, com IFTTT<\/p>\n<p>Pode ser usado com os Aplicativos:<\/p>\n<p>&#8211; Tuya<br \/>\n&#8211; Smart Life<br \/>\n&#8211; Google Assistente<br \/>\n&#8211; Amazon Alexa<\/p>\n<p>Detalhes:<\/p>\n<p>Dispositivo smart: YES<br \/>\nAtual: 10A<br \/>\nMaterial: Pl\u00e1stico<br \/>\nN\u00famero do modelo: MS-101<br \/>\nInterruptor: Controle remoto<\/p>\n","protected":false},"excerpt":{"rendered":"<p>Informa\u00e7\u00f5es Gerais Denuncie o Item DIY WiFi Smart Light Switch Temporizador Disjuntor Universal Controle Remoto Sem Fio Funciona com Alexa Google Home Smart Home Automation Por Moes Certifica\u00e7\u00e3o: FCC, CE, RoHS Caracter\u00edsticas principais: Voice control: uma vez que voc\u00ea tem &hellip; <a href=\"https:\/\/mistersates-import.com.br\/loja\/product\/interruptor-smarthome-basic-wi-fi-on-off-amazon-alexa-google-assistente-tuya\/\">Readmore<\/a><\/p>\n","protected":false},"featured_media":17483,"template":"","meta":{"_joinchat":[]},"_links":{"self":[{"href":"https:\/\/mistersates-import.com.br\/loja\/wp-json\/wp\/v2\/product\/17480"}],"collection":[{"href":"https:\/\/mistersates-import.com.br\/loja\/wp-json\/wp\/v2\/product"}],"about":[{"href":"https:\/\/mistersates-import.com.br\/loja\/wp-json\/wp\/v2\/types\/product"}],"wp:featuredmedia":[{"embeddable":true,"href":"https:\/\/mistersates-import.com.br\/loja\/wp-json\/wp\/v2\/media\/17483"}],"wp:attachment":[{"href":"https:\/\/mistersates-import.com.br\/loja\/wp-json\/wp\/v2\/media?parent=17480"}],"curies":[{"name":"wp","href":"https:\/\/api.w.org\/{rel}","templated":true}]}}