{"id":17494,"date":"2023-05-02T17:00:19","date_gmt":"2023-05-02T20:00:19","guid":{"rendered":"https:\/\/mistersates-import.com.br\/loja\/?post_type=product&#038;p=17494"},"modified":"2024-04-20T13:05:47","modified_gmt":"2024-04-20T16:05:47","slug":"kit-c-3-brocas-escalonadas-titanio-3-12-4-12-4-20-mm","status":"publish","type":"product","link":"https:\/\/mistersates-import.com.br\/loja\/product\/kit-c-3-brocas-escalonadas-titanio-3-12-4-12-4-20-mm\/","title":{"rendered":"Kit C\/3 Brocas Escalonadas Titanio (3-12, 4-12, 4-20 Mm )"},"content":{"rendered":"<p>PARA UMA DURABILIDADE MAIOR AS BROCAS DEVER\u00c1 SER UTILIZADO LIQUIDO PARA RESFRIAMENTO.<\/p>\n<p>N\u00c3O TER\u00c1 GARANTIA SE FOR UTILIZADO AS BROCAS SEM UM LIQUIDO DE RESFRIAMENTO, POIS PODER\u00c1 DANIFICAR E PERDE A GARANTIA POR MAU USO DA BROCAS.<\/p>\n<p>Caracter\u00edsticas:<\/p>\n<p>Novo e de alta qualidade<\/p>\n<p>Feito de a\u00e7o hss de alta qualidade<\/p>\n<p>Ideal para usar para cortar furos em uma variedade de materiais, incluindo a\u00e7o, lat\u00e3o, madeira, pl\u00e1stico, etc.<\/p>\n<p>Tit\u00e2nio revestido para reduzir o mit e o calor<\/p>\n<p>Calor tratado e altamente polido. Brocas perfeitamente furos redondos em a\u00e7o, lat\u00e3o, pl\u00e1stico, madeira etc.<\/p>\n<p>3 lados shanks design a fim de evitar derrapagem quando no mandril<\/p>\n<p>Duas unidades de design de flauta mais r\u00e1pido, cortes mais suaves e mais limpos cada etapa \u00e9 claramente rotulada com o di\u00e2metro de profundidade em etapas<\/p>\n<p>Fun\u00e7\u00e3o: rebarbando, chanfrando, cortando ou expandindo furos<\/p>\n<p>Ferramentas de apoio: broca de pistola, broca de m\u00e3o, broca de carregamento, broca de bancada. (Refrigerar por inje\u00e7\u00e3o de \u00e1gua durante o trabalho, pode efetivamente estender a vida \u00fatil do bocado de broca, especialmente no caso de perfura\u00e7\u00e3o cont\u00ednua)<\/p>\n<p>Aten\u00e7\u00e3o: aten\u00e7\u00e3o:<\/p>\n<p>Por causa do di\u00e2metro externo de cada etapa da broca de etapa \u00e9 gradualmente expandida, ent\u00e3o a resist\u00eancia de corte correspondente e velocidade linear tamb\u00e9m ser\u00e1 gradualmente aumentada.<\/p>\n<p>Devido \u00e0 broca da etapa \u00e9 completamente dependente da borda inclinada que \u00e9 somente com 1mm de comprimento, se a velocidade da alimenta\u00e7\u00e3o \u00e9 demasiado r\u00e1pida quando a perfura\u00e7\u00e3o, ser\u00e1 facilmente recozimento causado pela abras\u00e3o da borda obl\u00edqua.<\/p>\n<p>Por favor, d\u00ea uma for\u00e7a para baixo quando a perfura\u00e7\u00e3o, n\u00e3o pressione para baixo muito dif\u00edcil para evitar o uso da borda.<\/p>\n<p>&nbsp;<\/p>\n<p>Material apropriado:<\/p>\n<p>Pe\u00e7as de trabalho com dureza geral, tais como madeira, pl\u00e1stico, placa de pvc, placa de ferro, espessura da placa dentro de 3mm. Por favor, note que a\u00e7o inoxid\u00e1vel e a\u00e7o de mola n\u00e3o s\u00e3o aplic\u00e1veis. N\u00e3o para extinguir. (Refrigerar por inje\u00e7\u00e3o de \u00e1gua durante o trabalho, pode efetivamente estender a vida \u00fatil do bocado de broca, especialmente no caso de perfura\u00e7\u00e3o cont\u00ednua)<\/p>\n<p>O pacote inclui:<\/p>\n<p>Type1:3-12 \/ 4-12 \/ 4-20 \/ saco<\/p>\n<p>1 x broca 3-12mm<\/p>\n<p>1 x broca 4-12mm<\/p>\n<p>1 x broca 4-20mm<\/p>\n<p>1 x bagbag cor preto ou azul aleat\u00f3rio<\/p>\n","protected":false},"excerpt":{"rendered":"<p>PARA UMA DURABILIDADE MAIOR AS BROCAS DEVER\u00c1 SER UTILIZADO LIQUIDO PARA RESFRIAMENTO. N\u00c3O TER\u00c1 GARANTIA SE FOR UTILIZADO AS BROCAS SEM UM LIQUIDO DE RESFRIAMENTO, POIS PODER\u00c1 DANIFICAR E PERDE A GARANTIA POR MAU USO DA BROCAS. Caracter\u00edsticas: Novo e &hellip; <a href=\"https:\/\/mistersates-import.com.br\/loja\/product\/kit-c-3-brocas-escalonadas-titanio-3-12-4-12-4-20-mm\/\">Readmore<\/a><\/p>\n","protected":false},"featured_media":17496,"template":"","meta":{"_joinchat":[]},"_links":{"self":[{"href":"https:\/\/mistersates-import.com.br\/loja\/wp-json\/wp\/v2\/product\/17494"}],"collection":[{"href":"https:\/\/mistersates-import.com.br\/loja\/wp-json\/wp\/v2\/product"}],"about":[{"href":"https:\/\/mistersates-import.com.br\/loja\/wp-json\/wp\/v2\/types\/product"}],"wp:featuredmedia":[{"embeddable":true,"href":"https:\/\/mistersates-import.com.br\/loja\/wp-json\/wp\/v2\/media\/17496"}],"wp:attachment":[{"href":"https:\/\/mistersates-import.com.br\/loja\/wp-json\/wp\/v2\/media?parent=17494"}],"curies":[{"name":"wp","href":"https:\/\/api.w.org\/{rel}","templated":true}]}}