{"id":17504,"date":"2023-05-03T18:31:13","date_gmt":"2023-05-03T21:31:13","guid":{"rendered":"https:\/\/mistersates-import.com.br\/loja\/?post_type=product&#038;p=17504"},"modified":"2025-10-07T07:34:52","modified_gmt":"2025-10-07T10:34:52","slug":"9-pcs-set-5mm-13mm-hex-soquete-manga-bicos-porca-driver","status":"publish","type":"product","link":"https:\/\/mistersates-import.com.br\/loja\/product\/9-pcs-set-5mm-13mm-hex-soquete-manga-bicos-porca-driver\/","title":{"rendered":"9 P\u00e7s \/ Set 5mm-13mm Hex Soquete Manga Bicos Porca Driver"},"content":{"rendered":"<p>Descri\u00e7\u00e3o:<\/p>\n<p>Conjunto de 9 Porcas de 5 Mm-13 Mm<\/p>\n<p>Descri\u00e7\u00e3o do produto:<\/p>\n<p>O a\u00e7o cromo\u00e1 usinado com precis\u00e3 de alta qualidade, proporciona maior poder de torneament assegura a longevidade que mant\u00e9m o trabalho ap\u00f3s trabalho.<br \/>\nO conjunto de soquetes de m\u00e9trico de 9 pe\u00e7as de 1\/4 &#8220;inclui: 5 mm, 6 mm, 7 mm, 8 mm, 9 mm, 10 mm, 11 mm, 12 mm e 13 mm.<br \/>\nAjuste preciso, entrada f\u00e1cil.<br \/>\nCada bit tem seu tamanho no pr\u00f3 slot, facilitando a identifica\u00e7\u00e3 o transporte conveniente.<\/p>\n<p>Especifica\u00e7\u00f5es:<\/p>\n<p>Material: a\u00e7o cromo\u00e1<br \/>\nCor: como mostra a imagem<br \/>\nTamanho da haste: polegada<br \/>\nHex interno: 5mm-13mm<\/p>\n<p>O pacote inclui:<\/p>\n<p>1 Conjunto de 9 Pe\u00e7as Conjunto de Soquete Hex Bit M\u00e9trico 1\/4 Unidade<\/p>\n","protected":false},"excerpt":{"rendered":"<p>Descri\u00e7\u00e3o: Conjunto de 9 Porcas de 5 Mm-13 Mm Descri\u00e7\u00e3o do produto: O a\u00e7o cromo\u00e1 usinado com precis\u00e3 de alta qualidade, proporciona maior poder de torneament assegura a longevidade que mant\u00e9m o trabalho ap\u00f3s trabalho. O conjunto de soquetes de &hellip; <a href=\"https:\/\/mistersates-import.com.br\/loja\/product\/9-pcs-set-5mm-13mm-hex-soquete-manga-bicos-porca-driver\/\">Readmore<\/a><\/p>\n","protected":false},"featured_media":17505,"template":"","meta":{"_joinchat":[]},"_links":{"self":[{"href":"https:\/\/mistersates-import.com.br\/loja\/wp-json\/wp\/v2\/product\/17504"}],"collection":[{"href":"https:\/\/mistersates-import.com.br\/loja\/wp-json\/wp\/v2\/product"}],"about":[{"href":"https:\/\/mistersates-import.com.br\/loja\/wp-json\/wp\/v2\/types\/product"}],"wp:featuredmedia":[{"embeddable":true,"href":"https:\/\/mistersates-import.com.br\/loja\/wp-json\/wp\/v2\/media\/17505"}],"wp:attachment":[{"href":"https:\/\/mistersates-import.com.br\/loja\/wp-json\/wp\/v2\/media?parent=17504"}],"curies":[{"name":"wp","href":"https:\/\/api.w.org\/{rel}","templated":true}]}}