{"id":17541,"date":"2023-05-12T13:17:14","date_gmt":"2023-05-12T16:17:14","guid":{"rendered":"https:\/\/mistersates-import.com.br\/loja\/?post_type=product&#038;p=17541"},"modified":"2025-08-20T20:17:16","modified_gmt":"2025-08-20T23:17:16","slug":"kit-3-broca-escalonada-6-brocas-hss-corte-lateral-titanio","status":"publish","type":"product","link":"https:\/\/mistersates-import.com.br\/loja\/product\/kit-3-broca-escalonada-6-brocas-hss-corte-lateral-titanio\/","title":{"rendered":"Kit 3 Broca Escalonada + 6 Brocas Hss Corte Lateral Titanio"},"content":{"rendered":"<p>Descri\u00e7\u00e3o:<\/p>\n<p>KIT DE BROCA ESCALONADA DE TIT\u00c2NIO<\/p>\n<p>Revestimento de nitreto de tit\u00e2nio<br \/>\nA\u00e7o de alta velocidade para longa vida<br \/>\nEstas brocas s\u00e3o ideais para variedade de materiais de metal, pl\u00e1stico, fibra de vidro e madeira<br \/>\nElas tamb\u00e9m ajudam a ampliar os furos existentes<br \/>\no modelo em cone tornara a penetra\u00e7\u00e3o mais r\u00e1pida sem lascar.<\/p>\n<p><span style=\"vertical-align: inherit;\"><span style=\"vertical-align: inherit;\">Tamanhos: <\/span><\/span><br \/>\n<span style=\"vertical-align: inherit;\"><span style=\"vertical-align: inherit;\">4-12mm: 4,6,8,10,12mm <\/span><\/span><br \/>\n<span style=\"vertical-align: inherit;\"><span style=\"vertical-align: inherit;\">4-20mm: 4,6,8,10,12,14,16,18,20mm <\/span><\/span><br \/>\n<span style=\"vertical-align: inherit;\"><span style=\"vertical-align: inherit;\">3-12mm: 3,4,5,6,7, 8,9,10,11,12mm<\/span><\/span><\/p>\n<p>Inclu\u00eddo no Pacote:<br \/>\nJogo da broca de 3pc<\/p>\n<p>Jogo de Broca de Corte Lateral HSS 6 Pe\u00e7as Tit\u00e2nio<\/p>\n<p>Kit com 6 Brocas de Corte Lateral em A\u00e7o com revestimento em Tit\u00e2nio. Para corte em madeira, alum\u00ednio, placas de pl\u00e1stico e etc.<\/p>\n<p>&#8211; Medidas: 3, 4, 5, 6, 6.5 e 8mm<br \/>\n&#8211; Material: HSS A\u00e7o de alta velocidade 4241<br \/>\n&#8211; Material da superf\u00edcie: tit\u00e2nio revestido<br \/>\n&#8211; Uso em furadeiras de 3\/8 ou 1\/2<br \/>\n&#8211; Maior durabilidade<br \/>\n&#8211; Para corte em madeira, alum\u00ednio, placas de pl\u00e1stico e etc<br \/>\n&#8211; Broca de corte com bordas afiadas, propiciando um corte mais r\u00e1pido e com menos esfor\u00e7o<br \/>\n&#8211; Nunca Ultrapasse a velocidade de 20.000 rpm<br \/>\n&#8211; Peso bruto: 95 grama<\/p>\n","protected":false},"excerpt":{"rendered":"<p>Descri\u00e7\u00e3o: KIT DE BROCA ESCALONADA DE TIT\u00c2NIO Revestimento de nitreto de tit\u00e2nio A\u00e7o de alta velocidade para longa vida Estas brocas s\u00e3o ideais para variedade de materiais de metal, pl\u00e1stico, fibra de vidro e madeira Elas tamb\u00e9m ajudam a ampliar &hellip; <a href=\"https:\/\/mistersates-import.com.br\/loja\/product\/kit-3-broca-escalonada-6-brocas-hss-corte-lateral-titanio\/\">Readmore<\/a><\/p>\n","protected":false},"featured_media":17542,"template":"","meta":{"_joinchat":[]},"_links":{"self":[{"href":"https:\/\/mistersates-import.com.br\/loja\/wp-json\/wp\/v2\/product\/17541"}],"collection":[{"href":"https:\/\/mistersates-import.com.br\/loja\/wp-json\/wp\/v2\/product"}],"about":[{"href":"https:\/\/mistersates-import.com.br\/loja\/wp-json\/wp\/v2\/types\/product"}],"wp:featuredmedia":[{"embeddable":true,"href":"https:\/\/mistersates-import.com.br\/loja\/wp-json\/wp\/v2\/media\/17542"}],"wp:attachment":[{"href":"https:\/\/mistersates-import.com.br\/loja\/wp-json\/wp\/v2\/media?parent=17541"}],"curies":[{"name":"wp","href":"https:\/\/api.w.org\/{rel}","templated":true}]}}