{"id":17551,"date":"2023-05-13T14:01:33","date_gmt":"2023-05-13T17:01:33","guid":{"rendered":"https:\/\/mistersates-import.com.br\/loja\/?post_type=product&#038;p=17551"},"modified":"2026-02-19T16:49:02","modified_gmt":"2026-02-19T19:49:02","slug":"capa-capinha-case-anti-impacto-samsung-galaxy-a51","status":"publish","type":"product","link":"https:\/\/mistersates-import.com.br\/loja\/product\/capa-capinha-case-anti-impacto-samsung-galaxy-a51\/","title":{"rendered":"Capa Capinha Case Anti Impacto Samsung Galaxy A51"},"content":{"rendered":"<p>Descri\u00e7\u00e3o:<\/p>\n<p>Produtos a pronta entrega<\/p>\n<p>Criada para complementar o novo Galaxy A51 a capa de silicone (TPU) se adapta perfeitamente aos bot\u00f5es de volume, ao bot\u00e3o lateral e \u00e0s curvas do aparelho sem ficar volumosa. Na parte interna, uma camada de microfibra ajuda a proteger o aparelho. O exterior em silicone, com toque sedoso e suave, \u00e9 gostoso de segurar. Al\u00e9m disso, voc\u00ea pode manter a capa no aparelho o tempo todo.<\/p>\n<p>Capa sem marca compat\u00edvel com Samsung Galaxy A51<\/p>\n<p>&#8211; A prova de poeira<br \/>\n&#8211; Excelente acabamento<br \/>\n&#8211; Material: TPU<br \/>\n&#8211; Ultra prote\u00e7\u00e3o contra batidas e quedas<br \/>\n&#8211; Anti- est\u00e1tico<br \/>\n&#8211; Encaixe perfeito no celular<br \/>\n&#8211; Flex\u00edvel<br \/>\n&#8211; Livre de odor<br \/>\n&#8211; Capa tipo: Traseira<br \/>\n&#8211; Super fina<\/p>\n","protected":false},"excerpt":{"rendered":"<p>Descri\u00e7\u00e3o: Produtos a pronta entrega Criada para complementar o novo Galaxy A51 a capa de silicone (TPU) se adapta perfeitamente aos bot\u00f5es de volume, ao bot\u00e3o lateral e \u00e0s curvas do aparelho sem ficar volumosa. Na parte interna, uma camada &hellip; <a href=\"https:\/\/mistersates-import.com.br\/loja\/product\/capa-capinha-case-anti-impacto-samsung-galaxy-a51\/\">Readmore<\/a><\/p>\n","protected":false},"featured_media":17577,"template":"","meta":{"_joinchat":[]},"_links":{"self":[{"href":"https:\/\/mistersates-import.com.br\/loja\/wp-json\/wp\/v2\/product\/17551"}],"collection":[{"href":"https:\/\/mistersates-import.com.br\/loja\/wp-json\/wp\/v2\/product"}],"about":[{"href":"https:\/\/mistersates-import.com.br\/loja\/wp-json\/wp\/v2\/types\/product"}],"wp:featuredmedia":[{"embeddable":true,"href":"https:\/\/mistersates-import.com.br\/loja\/wp-json\/wp\/v2\/media\/17577"}],"wp:attachment":[{"href":"https:\/\/mistersates-import.com.br\/loja\/wp-json\/wp\/v2\/media?parent=17551"}],"curies":[{"name":"wp","href":"https:\/\/api.w.org\/{rel}","templated":true}]}}