{"id":17640,"date":"2023-06-20T16:39:23","date_gmt":"2023-06-20T19:39:23","guid":{"rendered":"https:\/\/mistersates-import.com.br\/loja\/?post_type=product&#038;p=17640"},"modified":"2024-03-15T18:26:24","modified_gmt":"2024-03-15T21:26:24","slug":"controle-gamepad-w10-android-ios-2-botoes-joystick","status":"publish","type":"product","link":"https:\/\/mistersates-import.com.br\/loja\/product\/controle-gamepad-w10-android-ios-2-botoes-joystick\/","title":{"rendered":"Controle Gamepad W10 Android Ios 2 Botoes Joystick"},"content":{"rendered":"<p>Descri\u00e7\u00e3o<\/p>\n<p>W10 STG m\u00f3vel controlador do jogo, liga gatilho, n\u00e3o bloquear a tela, n\u00e3o bloquear o bot\u00e3o;<br \/>\nControlador de jogo de toque, dispositivo touch-screen que d\u00e1 aos jogadores uma boa sensa\u00e7\u00e3o t\u00e1til.<br \/>\n-Universal para telefones iPhone e Android mobile game.<br \/>\n-Pode ser facilmente removido sem deixar riscos ou res\u00edduo.<br \/>\n-Suporte 4.7 &#8211; 6.5 &#8211; polegada de tela do telefone m\u00f3vel, se sentir bem, melhorar a velocidade e precis\u00e3o de tiro Especifica\u00e7\u00e3o:<br \/>\nMaterial: ABS + liga de zinco<br \/>\nModelos aplic\u00e1veis: universal para o iphone e Celulares Com Android<\/p>\n<p>Peso do produto: 99g<br \/>\nTamanho do produto: 150 mil\u00edmetros 120 mil\u00edmetros 30mm\/5.91*4.72*1.18&#8243;<br \/>\nTamanho da embalagem: 150 mil\u00edmetros 123 mil\u00edmetros 35mm\/5.91*4.84*1.38&#8243;<br \/>\nPeso do pacote: 123g<\/p>\n<p>Itens incluso no pacote<\/p>\n<p>1x controle gamepad w10<\/p>\n","protected":false},"excerpt":{"rendered":"<p>Descri\u00e7\u00e3o W10 STG m\u00f3vel controlador do jogo, liga gatilho, n\u00e3o bloquear a tela, n\u00e3o bloquear o bot\u00e3o; Controlador de jogo de toque, dispositivo touch-screen que d\u00e1 aos jogadores uma boa sensa\u00e7\u00e3o t\u00e1til. -Universal para telefones iPhone e Android mobile game. &hellip; <a href=\"https:\/\/mistersates-import.com.br\/loja\/product\/controle-gamepad-w10-android-ios-2-botoes-joystick\/\">Readmore<\/a><\/p>\n","protected":false},"featured_media":17641,"template":"","meta":{"_joinchat":[]},"_links":{"self":[{"href":"https:\/\/mistersates-import.com.br\/loja\/wp-json\/wp\/v2\/product\/17640"}],"collection":[{"href":"https:\/\/mistersates-import.com.br\/loja\/wp-json\/wp\/v2\/product"}],"about":[{"href":"https:\/\/mistersates-import.com.br\/loja\/wp-json\/wp\/v2\/types\/product"}],"wp:featuredmedia":[{"embeddable":true,"href":"https:\/\/mistersates-import.com.br\/loja\/wp-json\/wp\/v2\/media\/17641"}],"wp:attachment":[{"href":"https:\/\/mistersates-import.com.br\/loja\/wp-json\/wp\/v2\/media?parent=17640"}],"curies":[{"name":"wp","href":"https:\/\/api.w.org\/{rel}","templated":true}]}}