{"id":17696,"date":"2023-08-14T11:30:02","date_gmt":"2023-08-14T14:30:02","guid":{"rendered":"https:\/\/mistersates-import.com.br\/loja\/?post_type=product&#038;p=17696"},"modified":"2024-03-15T18:25:44","modified_gmt":"2024-03-15T21:25:44","slug":"carregador-rapido-de-viagem-inova-18w-v8-car-9001","status":"publish","type":"product","link":"https:\/\/mistersates-import.com.br\/loja\/product\/carregador-rapido-de-viagem-inova-18w-v8-car-9001\/","title":{"rendered":"Carregador Rapido de Viagem  Inova &#8211; 18W &#8211; V8 &#8211; (CAR-9001)"},"content":{"rendered":"<p>Descri\u00e7\u00e3o:<\/p>\n<p>Carregadores ((Motorola Turbo Ou inova Turbo)) 10w 2.1 Kit Com Fonte + Cabo USB Micro USB V8<\/p>\n<p>(Depende da disponibilidade).<br \/>\n((Duas excelentes Marcas!!!))<br \/>\nCom embalagem para revenda.<br \/>\nProduto a pronta entrega.<br \/>\n_____________________________________________________________<br \/>\nEspecifica\u00e7\u00f5es T\u00e9cnicas:<\/p>\n<p>Marca: Motorola Ou Inova (Consulte disponibilidade)<br \/>\nModelo: Turbo Power 10W<br \/>\nProced\u00eancia: Paralelo 1.linha<br \/>\nEntrada: 100-240 ~50\/60Hz 0.5A<br \/>\nStandard Sa\u00edda: 5V &#8212; 1.6A<br \/>\nTurbo 1 Sa\u00edda: 9V &#8212; 1.6A<br \/>\nTurbo 2 Sa\u00edda: 12V &#8212; 1.2A<br \/>\nDimens\u00f5es: (50.5 x 55.2 x 31.8 mm)<br \/>\nPeso: (75 g)<br \/>\nMaterial: Policarbonato<br \/>\nCor: Preto<br \/>\n_____________________________________________________________<br \/>\nOBSERVA\u00c7\u00c3O:<br \/>\nCarregamento normal compat\u00edvel com todos os Smartphone que tenham entrada Micro USB. Pot\u00eancia Turbo apenas nos modelos que tenham a fun\u00e7\u00e3o Turbo Charger.<\/p>\n","protected":false},"excerpt":{"rendered":"<p>Descri\u00e7\u00e3o: Carregadores ((Motorola Turbo Ou inova Turbo)) 10w 2.1 Kit Com Fonte + Cabo USB Micro USB V8 (Depende da disponibilidade). ((Duas excelentes Marcas!!!)) Com embalagem para revenda. Produto a pronta entrega. _____________________________________________________________ Especifica\u00e7\u00f5es T\u00e9cnicas: Marca: Motorola Ou Inova (Consulte &hellip; <a href=\"https:\/\/mistersates-import.com.br\/loja\/product\/carregador-rapido-de-viagem-inova-18w-v8-car-9001\/\">Readmore<\/a><\/p>\n","protected":false},"featured_media":17700,"template":"","meta":{"_joinchat":[]},"_links":{"self":[{"href":"https:\/\/mistersates-import.com.br\/loja\/wp-json\/wp\/v2\/product\/17696"}],"collection":[{"href":"https:\/\/mistersates-import.com.br\/loja\/wp-json\/wp\/v2\/product"}],"about":[{"href":"https:\/\/mistersates-import.com.br\/loja\/wp-json\/wp\/v2\/types\/product"}],"wp:featuredmedia":[{"embeddable":true,"href":"https:\/\/mistersates-import.com.br\/loja\/wp-json\/wp\/v2\/media\/17700"}],"wp:attachment":[{"href":"https:\/\/mistersates-import.com.br\/loja\/wp-json\/wp\/v2\/media?parent=17696"}],"curies":[{"name":"wp","href":"https:\/\/api.w.org\/{rel}","templated":true}]}}