{"id":17702,"date":"2023-08-14T12:05:24","date_gmt":"2023-08-14T15:05:24","guid":{"rendered":"https:\/\/mistersates-import.com.br\/loja\/?post_type=product&#038;p=17702"},"modified":"2025-08-14T12:05:48","modified_gmt":"2025-08-14T15:05:48","slug":"carregador-duplo-turbo-charger-2-4a-c-cabo-tipo-c-danx-dc21t","status":"publish","type":"product","link":"https:\/\/mistersates-import.com.br\/loja\/product\/carregador-duplo-turbo-charger-2-4a-c-cabo-tipo-c-danx-dc21t\/","title":{"rendered":"Carregador Duplo Turbo Charger 2.4A c\/ Cabo Tipo-C Danx DC21T"},"content":{"rendered":"<p>Carregador Duplo Turbo Charger 2.4A com Cabo Tipo C Danx DC21T<\/p>\n<p>O Carregador danx USB Duplo Turbo Charger 2.4A, com Cabo Tipo-C, modelo DC21T \u00e9 compacto, r\u00e1pido e eficiente. Perfeito para carregar simultaneamente at\u00e9 2 dispositivos. Constru\u00eddo com materiais de alta qualidade o carregador Danx DC21T \u00e9 seguro contra sobrecarga, curtos-circuitos e superaquecimento. Acompanha o produto um cabo de 1 metro, compat\u00edvel com qualquer dispositivo que possua entrada Tipo-C.<\/p>\n<p>Especifica\u00e7\u00f5es T\u00e9cnicas:<\/p>\n<p>Cor: Branco<br \/>\nEntrada: 100-240V, 50\/60Hz, 0,3A<br \/>\nTipo de Carregador: USB Duplo<br \/>\nSa\u00edda: USB dc 5V = 2,4A<br \/>\nHomologado pela anatel &#8211; C\u00f3d. 01922-22-13980.<\/p>\n<p>Itens inclusos:<\/p>\n<p>01 Carregador Danx DC21T<br \/>\n01 Cabo de Dados Tipo C de 1 metro de comprimento.<\/p>\n","protected":false},"excerpt":{"rendered":"<p>Carregador Duplo Turbo Charger 2.4A com Cabo Tipo C Danx DC21T O Carregador danx USB Duplo Turbo Charger 2.4A, com Cabo Tipo-C, modelo DC21T \u00e9 compacto, r\u00e1pido e eficiente. Perfeito para carregar simultaneamente at\u00e9 2 dispositivos. Constru\u00eddo com materiais de &hellip; <a href=\"https:\/\/mistersates-import.com.br\/loja\/product\/carregador-duplo-turbo-charger-2-4a-c-cabo-tipo-c-danx-dc21t\/\">Readmore<\/a><\/p>\n","protected":false},"featured_media":17703,"template":"","meta":{"_joinchat":[]},"_links":{"self":[{"href":"https:\/\/mistersates-import.com.br\/loja\/wp-json\/wp\/v2\/product\/17702"}],"collection":[{"href":"https:\/\/mistersates-import.com.br\/loja\/wp-json\/wp\/v2\/product"}],"about":[{"href":"https:\/\/mistersates-import.com.br\/loja\/wp-json\/wp\/v2\/types\/product"}],"wp:featuredmedia":[{"embeddable":true,"href":"https:\/\/mistersates-import.com.br\/loja\/wp-json\/wp\/v2\/media\/17703"}],"wp:attachment":[{"href":"https:\/\/mistersates-import.com.br\/loja\/wp-json\/wp\/v2\/media?parent=17702"}],"curies":[{"name":"wp","href":"https:\/\/api.w.org\/{rel}","templated":true}]}}