{"id":17720,"date":"2023-08-14T12:51:38","date_gmt":"2023-08-14T15:51:38","guid":{"rendered":"https:\/\/mistersates-import.com.br\/loja\/?post_type=product&#038;p=17720"},"modified":"2024-04-08T13:06:16","modified_gmt":"2024-04-08T16:06:16","slug":"kit-bateria-carregador-controle-xbox-360","status":"publish","type":"product","link":"https:\/\/mistersates-import.com.br\/loja\/product\/kit-bateria-carregador-controle-xbox-360\/","title":{"rendered":"Kit Bateria Carregador Controle Xbox 360"},"content":{"rendered":"<p>Especifica\u00e7\u00f5es:<\/p>\n<p>Tipo de bateria: bateria de nimh<br \/>\nCapacidade: 4800 mah<br \/>\nCor: preto<br \/>\nDesempenho est\u00e1vel &amp; duradouro seguro<br \/>\n100% garantia de alta qualidade<br \/>\nCompat\u00edvel para x360\/x360 fino controlador sem fio.<br \/>\nIntrodu\u00e7\u00e3o da produ\u00e7\u00e3o:<br \/>\nPode carregar seu x360 controlador magro diretamente com um cabo de carregamento do controlador.<br \/>\nPode proteger seu controlador x360 magro com circuitos seguros.<br \/>\nTem prote\u00e7\u00e3o de sobrecarga.<\/p>\n<p>Cuidado:<br \/>\nN\u00e3o jogue na \u00e1gua,<br \/>\nN\u00e3o jogue no fogo,<br \/>\nN\u00e3o coloc\u00e1-lo ao lado da condi\u00e7\u00e3o de alta temperatura<\/p>\n<p>Pacote inclu\u00eddo:<br \/>\n1 bateria como imagem<br \/>\n1 carregador como imagem<br \/>\n1 linha para xbox 360 como imagem<\/p>\n","protected":false},"excerpt":{"rendered":"<p>Especifica\u00e7\u00f5es: Tipo de bateria: bateria de nimh Capacidade: 4800 mah Cor: preto Desempenho est\u00e1vel &amp; duradouro seguro 100% garantia de alta qualidade Compat\u00edvel para x360\/x360 fino controlador sem fio. Introdu\u00e7\u00e3o da produ\u00e7\u00e3o: Pode carregar seu x360 controlador magro diretamente com &hellip; <a href=\"https:\/\/mistersates-import.com.br\/loja\/product\/kit-bateria-carregador-controle-xbox-360\/\">Readmore<\/a><\/p>\n","protected":false},"featured_media":17721,"template":"","meta":{"_joinchat":[]},"_links":{"self":[{"href":"https:\/\/mistersates-import.com.br\/loja\/wp-json\/wp\/v2\/product\/17720"}],"collection":[{"href":"https:\/\/mistersates-import.com.br\/loja\/wp-json\/wp\/v2\/product"}],"about":[{"href":"https:\/\/mistersates-import.com.br\/loja\/wp-json\/wp\/v2\/types\/product"}],"wp:featuredmedia":[{"embeddable":true,"href":"https:\/\/mistersates-import.com.br\/loja\/wp-json\/wp\/v2\/media\/17721"}],"wp:attachment":[{"href":"https:\/\/mistersates-import.com.br\/loja\/wp-json\/wp\/v2\/media?parent=17720"}],"curies":[{"name":"wp","href":"https:\/\/api.w.org\/{rel}","templated":true}]}}