{"id":17736,"date":"2023-09-19T17:34:57","date_gmt":"2023-09-19T20:34:57","guid":{"rendered":"https:\/\/mistersates-import.com.br\/loja\/?post_type=product&#038;p=17736"},"modified":"2025-06-29T20:38:38","modified_gmt":"2025-06-29T23:38:38","slug":"adaptador-bluetooth-2-0-usb-dongle-pc-notebook-2-0-mini","status":"publish","type":"product","link":"https:\/\/mistersates-import.com.br\/loja\/product\/adaptador-bluetooth-2-0-usb-dongle-pc-notebook-2-0-mini\/","title":{"rendered":"Adaptador Bluetooth 2.0 Usb Dongle Pc Notebook 2.0 Mini"},"content":{"rendered":"<p>Descri\u00e7\u00e3o:<\/p>\n<p>O Mini Adaptador Bluetooth (vers\u00e3o 2.0) \u00e9 pr\u00e1tico e discreto.<br \/>\nIdeal para a troca de arquivos entre computadores e celulares e outros perif\u00e9ricos compat\u00edveis com a tecnologia Bluetooth.<br \/>\nSistema Plug and Play.<br \/>\nCompat\u00edvel com: Windows 98, Windows ME, Windows 2000, Windows XP, Windows Vista e Windows 7.<\/p>\n<p>ATEN\u00c7\u00c3O!!! O MINI ADAPTADOR FUNCIONA APENAS QUANDO CONECTADO EM PC OU NOTEBOOK.<\/p>\n<p>Especifica\u00e7\u00f5es:<\/p>\n<p>Compat\u00edvel com USB 2.0 \/ 1.1 \/1.0<br \/>\nCompat\u00edvel com especifica\u00e7\u00e3o Bluetooth 2.0 \/ 1.2 \/ 1.1<br \/>\nSuporta A2DP (Bluetooth Est\u00e9reo), Headset e WIFI<br \/>\nMedidas Aproximadas: 2,3cm C x 1,7cm L x 0,6cm A<\/p>\n<p>Itens Inclusos:<\/p>\n<p>01 Mini Adaptador Bluetooth USB<\/p>\n","protected":false},"excerpt":{"rendered":"<p>Descri\u00e7\u00e3o: O Mini Adaptador Bluetooth (vers\u00e3o 2.0) \u00e9 pr\u00e1tico e discreto. Ideal para a troca de arquivos entre computadores e celulares e outros perif\u00e9ricos compat\u00edveis com a tecnologia Bluetooth. Sistema Plug and Play. Compat\u00edvel com: Windows 98, Windows ME, Windows &hellip; <a href=\"https:\/\/mistersates-import.com.br\/loja\/product\/adaptador-bluetooth-2-0-usb-dongle-pc-notebook-2-0-mini\/\">Readmore<\/a><\/p>\n","protected":false},"featured_media":17737,"template":"","meta":{"_joinchat":[]},"_links":{"self":[{"href":"https:\/\/mistersates-import.com.br\/loja\/wp-json\/wp\/v2\/product\/17736"}],"collection":[{"href":"https:\/\/mistersates-import.com.br\/loja\/wp-json\/wp\/v2\/product"}],"about":[{"href":"https:\/\/mistersates-import.com.br\/loja\/wp-json\/wp\/v2\/types\/product"}],"wp:featuredmedia":[{"embeddable":true,"href":"https:\/\/mistersates-import.com.br\/loja\/wp-json\/wp\/v2\/media\/17737"}],"wp:attachment":[{"href":"https:\/\/mistersates-import.com.br\/loja\/wp-json\/wp\/v2\/media?parent=17736"}],"curies":[{"name":"wp","href":"https:\/\/api.w.org\/{rel}","templated":true}]}}