{"id":17746,"date":"2023-10-20T19:41:11","date_gmt":"2023-10-20T22:41:11","guid":{"rendered":"https:\/\/mistersates-import.com.br\/loja\/?post_type=product&#038;p=17746"},"modified":"2024-03-15T18:25:41","modified_gmt":"2024-03-15T21:25:41","slug":"capa-mais-tampa-protetora-de-silicone-moldura-gopro-hero-9","status":"publish","type":"product","link":"https:\/\/mistersates-import.com.br\/loja\/product\/capa-mais-tampa-protetora-de-silicone-moldura-gopro-hero-9\/","title":{"rendered":"Capa mais Tampa Protetora De Silicone Moldura Gopro Hero 9"},"content":{"rendered":"<p>Caracter\u00edsticas:<\/p>\n<p>Projetado para gopro hero 9 c\u00e2mera de a\u00e7\u00e3o<\/p>\n<p>Feito de material de silicone ambientalmente amig\u00e1vel oferece prote\u00e7\u00e3o contra poeira, arranh\u00f5es, impress\u00f5es digitais e choques leves, se sentir confort\u00e1vel<\/p>\n<p>Design fino, leve e perfeitamente adequado<\/p>\n<p>Acess\u00edvel a todas as portas e ranhuras; aberturas precisas para todas as luzes, indicadores e microfones<\/p>\n<p>Esta capa de silicone oferece prote\u00e7\u00e3o extra contra poeira, arranh\u00f5es, choques leves e impactos leves<\/p>\n<p>Vem com uma fivela de libera\u00e7\u00e3o f\u00e1cil e uma capa de lente<\/p>\n<p>&nbsp;<\/p>\n<p>Especifica\u00e7\u00f5es:<\/p>\n<p>Material: silicone<\/p>\n<p>Cor: preto<\/p>\n<p>Modelo aplic\u00e1vel: para gopro hero 9 c\u00e2mera de a\u00e7\u00e3o<\/p>\n<p>&nbsp;<\/p>\n<p>O pacote Inclui:<\/p>\n<p>1 x conjunto de caixa de prote\u00e7\u00e3o<\/p>\n","protected":false},"excerpt":{"rendered":"<p>Caracter\u00edsticas: Projetado para gopro hero 9 c\u00e2mera de a\u00e7\u00e3o Feito de material de silicone ambientalmente amig\u00e1vel oferece prote\u00e7\u00e3o contra poeira, arranh\u00f5es, impress\u00f5es digitais e choques leves, se sentir confort\u00e1vel Design fino, leve e perfeitamente adequado Acess\u00edvel a todas as portas &hellip; <a href=\"https:\/\/mistersates-import.com.br\/loja\/product\/capa-mais-tampa-protetora-de-silicone-moldura-gopro-hero-9\/\">Readmore<\/a><\/p>\n","protected":false},"featured_media":17747,"template":"","meta":{"_joinchat":[]},"_links":{"self":[{"href":"https:\/\/mistersates-import.com.br\/loja\/wp-json\/wp\/v2\/product\/17746"}],"collection":[{"href":"https:\/\/mistersates-import.com.br\/loja\/wp-json\/wp\/v2\/product"}],"about":[{"href":"https:\/\/mistersates-import.com.br\/loja\/wp-json\/wp\/v2\/types\/product"}],"wp:featuredmedia":[{"embeddable":true,"href":"https:\/\/mistersates-import.com.br\/loja\/wp-json\/wp\/v2\/media\/17747"}],"wp:attachment":[{"href":"https:\/\/mistersates-import.com.br\/loja\/wp-json\/wp\/v2\/media?parent=17746"}],"curies":[{"name":"wp","href":"https:\/\/api.w.org\/{rel}","templated":true}]}}