{"id":17766,"date":"2023-11-10T17:11:36","date_gmt":"2023-11-10T20:11:36","guid":{"rendered":"https:\/\/mistersates-import.com.br\/loja\/?post_type=product&#038;p=17766"},"modified":"2024-03-15T18:28:02","modified_gmt":"2024-03-15T21:28:02","slug":"pontas-de-teste-multimetro-pontas-de-fio-cabo-universal-ac-dc-1000v-20a","status":"publish","type":"product","link":"https:\/\/mistersates-import.com.br\/loja\/product\/pontas-de-teste-multimetro-pontas-de-fio-cabo-universal-ac-dc-1000v-20a\/","title":{"rendered":"Pontas de Teste Mult\u00edmetro, Pontas De Fio, Cabo Universal, AC DC, 1000V, 20A"},"content":{"rendered":"<p>Informa\u00e7\u00f5es Gerais<\/p>\n<p>20A 1000V Mult\u00edmetro Probe Teste Agulha Pin Digital Multi Meter Chumbo Fio Caneta Cabo Kit Multi Metro Volt\u00edmetro Tester Kit<\/p>\n<p>Especifica\u00e7\u00f5es:<\/p>\n<p>Vermelho: positivo<br \/>\nPreto: negativo<br \/>\nComprimento do cabo: 88cm\/34,3&#8243;<br \/>\nComprimento total: 106cm\/41,3&#8243;<br \/>\nTens\u00e3o m\u00e1xima do teste profissional: 1000V 20A<\/p>\n<p>Caracter\u00edsticas:<\/p>\n<p>1. F\u00e1cil de ler: &#8220;+&#8221; &amp; &#8220;-&#8221; sinais perto sondas.<br \/>\n2. Com borracha envolta, \u00e9 confort\u00e1vel de segurar.<br \/>\n3. Plugue universal de v\u00e1rios medidores, conveniente de usar.<br \/>\n4. \u00c9 uma das ferramentas \u00fateis que trar\u00e1 muita conveni\u00eancia para o seu trabalho eletr\u00f4nico.<\/p>\n<p>Pacote inclui<\/p>\n<p>1 * Pin do teste do mult\u00edmetro como mostrado na foto.<\/p>\n","protected":false},"excerpt":{"rendered":"<p>Informa\u00e7\u00f5es Gerais 20A 1000V Mult\u00edmetro Probe Teste Agulha Pin Digital Multi Meter Chumbo Fio Caneta Cabo Kit Multi Metro Volt\u00edmetro Tester Kit Especifica\u00e7\u00f5es: Vermelho: positivo Preto: negativo Comprimento do cabo: 88cm\/34,3&#8243; Comprimento total: 106cm\/41,3&#8243; Tens\u00e3o m\u00e1xima do teste profissional: 1000V &hellip; <a href=\"https:\/\/mistersates-import.com.br\/loja\/product\/pontas-de-teste-multimetro-pontas-de-fio-cabo-universal-ac-dc-1000v-20a\/\">Readmore<\/a><\/p>\n","protected":false},"featured_media":17767,"template":"","meta":{"_joinchat":[]},"_links":{"self":[{"href":"https:\/\/mistersates-import.com.br\/loja\/wp-json\/wp\/v2\/product\/17766"}],"collection":[{"href":"https:\/\/mistersates-import.com.br\/loja\/wp-json\/wp\/v2\/product"}],"about":[{"href":"https:\/\/mistersates-import.com.br\/loja\/wp-json\/wp\/v2\/types\/product"}],"wp:featuredmedia":[{"embeddable":true,"href":"https:\/\/mistersates-import.com.br\/loja\/wp-json\/wp\/v2\/media\/17767"}],"wp:attachment":[{"href":"https:\/\/mistersates-import.com.br\/loja\/wp-json\/wp\/v2\/media?parent=17766"}],"curies":[{"name":"wp","href":"https:\/\/api.w.org\/{rel}","templated":true}]}}