{"id":17774,"date":"2023-11-16T16:41:15","date_gmt":"2023-11-16T19:41:15","guid":{"rendered":"https:\/\/mistersates-import.com.br\/loja\/?post_type=product&#038;p=17774"},"modified":"2025-08-19T10:10:27","modified_gmt":"2025-08-19T13:10:27","slug":"10-fresas-com-caixa-ferramenta-de-gravura-acessorios-dremel","status":"publish","type":"product","link":"https:\/\/mistersates-import.com.br\/loja\/product\/10-fresas-com-caixa-ferramenta-de-gravura-acessorios-dremel\/","title":{"rendered":"Fresa Lima Mini Ret\u00edfica Metal Duro A\u00e7o Corte Duplo 10pc"},"content":{"rendered":"<p>Descri\u00e7\u00e3o:<\/p>\n<p>ALTA QUALIDADE: As fresas s\u00e3o feitas de a\u00e7o de carboneto de tungst\u00eanio, um metal resistente e dur\u00e1vel.<\/p>\n<p>DESIGN DE CORTE DUPLO: As linhas de ranhura da cabe\u00e7a da fresa s\u00e3o cruzadas, o que as torna mais adequadas para materiais, como madeira, pl\u00e1stico e alum\u00ednio. Excelente para trabalhos de detalhes finos.<\/p>\n<p>MULTIUSO: O conjunto de fresas inclui tudo o que voc\u00ea precisa para esculpir, perfurar, gravar, polir e remover bordas afiadas, sendo adequado para diversos tipos de materiais.<\/p>\n<p>VARIEDADE: O kit inclui uma grande sele\u00e7\u00e3o de formatos para todos os tipos de cortes.<\/p>\n<p>USADO EM<\/p>\n<p>&#8211; Madeira<br \/>\n&#8211; Pl\u00e1stico<br \/>\n&#8211; Alum\u00ednio<br \/>\n&#8211; Esculturas em pedra<br \/>\n&#8211; Metal<\/p>\n<p>COMPAT\u00cdVEL COM<\/p>\n<p>&#8211; Dremel<br \/>\n&#8211; Parafusadeiras<br \/>\n&#8211; Micro-Ret\u00edficas<\/p>\n<p>ESPECIFICA\u00c7\u00d5ES<\/p>\n<p>Di\u00e2metro da Haste: 3MM<\/p>\n<p>ITENS INCLUSOS<\/p>\n<p>&#8211; 10 FRESAS PARA MICRO RETIFICA<\/p>\n","protected":false},"excerpt":{"rendered":"<p>Descri\u00e7\u00e3o: ALTA QUALIDADE: As fresas s\u00e3o feitas de a\u00e7o de carboneto de tungst\u00eanio, um metal resistente e dur\u00e1vel. DESIGN DE CORTE DUPLO: As linhas de ranhura da cabe\u00e7a da fresa s\u00e3o cruzadas, o que as torna mais adequadas para materiais, &hellip; <a href=\"https:\/\/mistersates-import.com.br\/loja\/product\/10-fresas-com-caixa-ferramenta-de-gravura-acessorios-dremel\/\">Readmore<\/a><\/p>\n","protected":false},"featured_media":17775,"template":"","meta":{"_joinchat":[]},"_links":{"self":[{"href":"https:\/\/mistersates-import.com.br\/loja\/wp-json\/wp\/v2\/product\/17774"}],"collection":[{"href":"https:\/\/mistersates-import.com.br\/loja\/wp-json\/wp\/v2\/product"}],"about":[{"href":"https:\/\/mistersates-import.com.br\/loja\/wp-json\/wp\/v2\/types\/product"}],"wp:featuredmedia":[{"embeddable":true,"href":"https:\/\/mistersates-import.com.br\/loja\/wp-json\/wp\/v2\/media\/17775"}],"wp:attachment":[{"href":"https:\/\/mistersates-import.com.br\/loja\/wp-json\/wp\/v2\/media?parent=17774"}],"curies":[{"name":"wp","href":"https:\/\/api.w.org\/{rel}","templated":true}]}}