{"id":17787,"date":"2023-11-27T17:38:33","date_gmt":"2023-11-27T20:38:33","guid":{"rendered":"https:\/\/mistersates-import.com.br\/loja\/?post_type=product&#038;p=17787"},"modified":"2024-12-11T19:10:34","modified_gmt":"2024-12-11T22:10:34","slug":"trena-metro-nivel-3-linhas-laser-regua-pro3-profissional","status":"publish","type":"product","link":"https:\/\/mistersates-import.com.br\/loja\/product\/trena-metro-nivel-3-linhas-laser-regua-pro3-profissional\/","title":{"rendered":"Trena Metro Nivel 3 Linhas Laser Regua Pro3 Profissional"},"content":{"rendered":"<p>Descri\u00e7\u00e3o:<\/p>\n<p>Descri\u00e7\u00e3o do produto:<\/p>\n<p>N\u00edvel laser, PINPOINT ACCURACY-com a mais recente tecnologia de medi\u00e7\u00f5es multifacetadas, este n\u00edvel laser \u00e9 uma grande melhoria de todas as vers\u00f5es anteriores.<br \/>\nFornece energia pontual em um piscar de olhos.<br \/>\n3-PRONGED ABORDAGEM-combina uma fita m\u00e9trica afinada, uma bolha de nivelamento tripla posicionada e um NOVO n\u00edvel de laser para fornecer resultados m\u00e1ximos mais r\u00e1pidos do que nunca.<br \/>\nFUNCIONA EM QUALQUER LUGAR-projetado para qualquer situa\u00e7\u00e3o em que seja necess\u00e1ria uma linha reta ou medi\u00e7\u00f5es precisas. Independentemente da situa\u00e7\u00e3o, \u00e9 completamente plug &amp; play.<br \/>\nFita m\u00e9trica de 8 p\u00e9s-vem carregada com uma fita m\u00e9trica de 8 p\u00e9s, incluindo medidas m\u00e9tricas e imperiais com gradua\u00e7\u00f5es de precis\u00e3o para precis\u00e3o na linha superior.<\/p>\n<p>Especifica\u00e7\u00f5es:<\/p>\n<p>A luz laser tem um interruptor liga\/desliga.<br \/>\nSa\u00edda m\u00e1xima do laser: menos de 0.5mW<br \/>\nNota: Laser Ranging Erro, que \u00e9 dado como &#8220;+\/-2mm em 10m e 25m&#8221;<br \/>\nBateria alimentada 2 x AAA (N\u00c3O inclu\u00edda.)<br \/>\nTamanho: 18,5 (L) x 6,2 (W) x 2,8 (H) cm<br \/>\nEmbalagem tamanho: 210*80*40mm<br \/>\nCor: Preto<\/p>\n<p>Peso neto: 185g<br \/>\nPeso do pacote: 232g<\/p>\n<p>Nota:<br \/>\nRadia\u00e7\u00e3o laser, evitar a exposi\u00e7\u00e3o ocular direta!<br \/>\nUm dispositivo a laser n\u00e3o \u00e9 um brinquedo e n\u00e3o deve ser permitido que caia nas m\u00e3os de crian\u00e7as.<br \/>\nO uso indevido do dispositivo pode resultar em danos permanentes aos olhos.<br \/>\nQuaisquer medidas de corre\u00e7\u00e3o destinadas a aumentar a pot\u00eancia do laser s\u00e3o proibidas.<br \/>\nO dispositivo laser n\u00e3o cont\u00e9m componentes de atendimento ao cliente.<br \/>\nPor favor, n\u00e3o abra a caixa, pois isso n\u00e3o cobriria a garantia.<br \/>\nPor favor, pressione o bot\u00e3o chave quando voc\u00ea puxa a fita m\u00e9trica, isso tornaria a fita m\u00e9trica melhor e mais f\u00e1cil de usar. Por favor, solte o bot\u00e3o chave para bloquear o carretel quando a fita m\u00e9trica tiver sido retirada do comprimento desejado.<\/p>\n<p>Informa\u00e7\u00f5es Gerais:<\/p>\n<p>\u2022 Ferramenta Multiuso Linha Laser Leveler:Esta ferramenta niveladora a laser pode ser usada para uma variedade de prop\u00f3sitos, tornando-se uma adi\u00e7\u00e3o vers\u00e1til a qualquer caixa de ferramentas.<br \/>\n\u2022 Linha transversal Lasers:Os lasers de linha cruzada permitem medi\u00e7\u00f5es precisas e precisas, garantindo que seu projeto seja conclu\u00eddo com precis\u00e3o.<br \/>\n\u2022 Fita m\u00e9trica padr\u00e3o 8FT 2.5M e r\u00e9guas m\u00e9tricas:Com uma fita m\u00e9trica padr\u00e3o e r\u00e9guas m\u00e9tricas inclu\u00eddas, voc\u00ea pode facilmente medir e marcar seu espa\u00e7o de trabalho com facilidade.<br \/>\n\u2022 Nivelamento do laser:O recurso de nivelamento a laser garante que seu projeto seja conclu\u00eddo com a m\u00e1xima precis\u00e3o, tornando-se uma ferramenta ideal para qualquer projeto DIY.<br \/>\n\u2022 Ferramenta multiuso vers\u00e1til:Esta ferramenta niveladora a laser pode ser usada para uma variedade de prop\u00f3sitos, tornando-se uma adi\u00e7\u00e3o vers\u00e1til a qualquer caixa de ferramentas.<br \/>\n\u2022 Medi\u00e7\u00e3o exata:Com a fita m\u00e9trica padr\u00e3o de 8FT 2.5M e r\u00e9guas m\u00e9tricas inclu\u00eddas, este nivelador a laser fornece medi\u00e7\u00f5es precisas todas as vezes.<br \/>\n\u2022 F\u00e1cil de usar:O nivelador a laser \u00e9 projetado para ser f\u00e1cil de usar, tornando mais f\u00e1cil para qualquer pessoa usar, independentemente do seu n\u00edvel de experi\u00eancia.<br \/>\n\u2022 Compacto e port\u00e1til:O nivelador a laser \u00e9 leve e compacto, tornando-o f\u00e1cil de transportar e armazenar onde quer que v\u00e1.<\/p>\n","protected":false},"excerpt":{"rendered":"<p>Descri\u00e7\u00e3o: Descri\u00e7\u00e3o do produto: N\u00edvel laser, PINPOINT ACCURACY-com a mais recente tecnologia de medi\u00e7\u00f5es multifacetadas, este n\u00edvel laser \u00e9 uma grande melhoria de todas as vers\u00f5es anteriores. Fornece energia pontual em um piscar de olhos. 3-PRONGED ABORDAGEM-combina uma fita m\u00e9trica &hellip; <a href=\"https:\/\/mistersates-import.com.br\/loja\/product\/trena-metro-nivel-3-linhas-laser-regua-pro3-profissional\/\">Readmore<\/a><\/p>\n","protected":false},"featured_media":17789,"template":"","meta":{"_joinchat":[]},"_links":{"self":[{"href":"https:\/\/mistersates-import.com.br\/loja\/wp-json\/wp\/v2\/product\/17787"}],"collection":[{"href":"https:\/\/mistersates-import.com.br\/loja\/wp-json\/wp\/v2\/product"}],"about":[{"href":"https:\/\/mistersates-import.com.br\/loja\/wp-json\/wp\/v2\/types\/product"}],"wp:featuredmedia":[{"embeddable":true,"href":"https:\/\/mistersates-import.com.br\/loja\/wp-json\/wp\/v2\/media\/17789"}],"wp:attachment":[{"href":"https:\/\/mistersates-import.com.br\/loja\/wp-json\/wp\/v2\/media?parent=17787"}],"curies":[{"name":"wp","href":"https:\/\/api.w.org\/{rel}","templated":true}]}}