{"id":17799,"date":"2023-11-29T19:35:03","date_gmt":"2023-11-29T22:35:03","guid":{"rendered":"https:\/\/mistersates-import.com.br\/loja\/?post_type=product&#038;p=17799"},"modified":"2026-05-05T08:37:47","modified_gmt":"2026-05-05T11:37:47","slug":"cabo-carregador-turbo-micro-usb-v8-gamer-rapido-120w-6a-2-mt","status":"publish","type":"product","link":"https:\/\/mistersates-import.com.br\/loja\/product\/cabo-carregador-turbo-micro-usb-v8-gamer-rapido-120w-6a-2-mt\/","title":{"rendered":"Cabo Carregador Turbo Micro Usb V8 Gamer R\u00e1pido 120w 6a 2 Mt"},"content":{"rendered":"<p>Informa\u00e7\u00f5es Gerais:<\/p>\n<p>Silicone l\u00edquido USB Super R\u00e1pido Cabo de Carregamento, 120W<\/p>\n<p>Para Micro V8<\/p>\n<p>Modelos de cabos, Micro USB CABO V8<\/p>\n<p>1. Micro cabo (USB ao micro V8): 120W m\u00e1ximo 3A COM ILUMINA\u00c7\u00c3O<\/p>\n<p>2. TAMANHO 2 MTS<\/p>\n<p>Par\u00e2metros do produto<\/p>\n<p>1. Nome do produto: cabo de carregamento MICRO USB V8.<\/p>\n<p>2. Comprimento: 2m<\/p>\n<p>3. Cor: Laranja<\/p>\n<p>4. Material: silicone l\u00edquido (MUITO RESISTENTE)<\/p>\n<p>5. Fun\u00e7\u00e3o: Carregamento<\/p>\n<p>6. Interface: Micro<\/p>\n<p>Observe por favor:<\/p>\n<p>120W carregamento r\u00e1pido = 120W carregamento cabo + 120W carregamento poder adaptador + 120W telem\u00f3vel (por favor confirme se o seu telefone suporte 120w carga r\u00e1pida)<\/p>\n<p>Os cabos tamb\u00e9m suportam 100w, 66w, 50W, 40w carregamento r\u00e1pido.<\/p>\n<p>&nbsp;<\/p>\n","protected":false},"excerpt":{"rendered":"<p>Informa\u00e7\u00f5es Gerais: Silicone l\u00edquido USB Super R\u00e1pido Cabo de Carregamento, 120W Para Micro V8 Modelos de cabos, Micro USB CABO V8 1. Micro cabo (USB ao micro V8): 120W m\u00e1ximo 3A COM ILUMINA\u00c7\u00c3O 2. TAMANHO 2 MTS Par\u00e2metros do produto &hellip; <a href=\"https:\/\/mistersates-import.com.br\/loja\/product\/cabo-carregador-turbo-micro-usb-v8-gamer-rapido-120w-6a-2-mt\/\">Readmore<\/a><\/p>\n","protected":false},"featured_media":18544,"template":"","meta":{"_joinchat":[]},"_links":{"self":[{"href":"https:\/\/mistersates-import.com.br\/loja\/wp-json\/wp\/v2\/product\/17799"}],"collection":[{"href":"https:\/\/mistersates-import.com.br\/loja\/wp-json\/wp\/v2\/product"}],"about":[{"href":"https:\/\/mistersates-import.com.br\/loja\/wp-json\/wp\/v2\/types\/product"}],"wp:featuredmedia":[{"embeddable":true,"href":"https:\/\/mistersates-import.com.br\/loja\/wp-json\/wp\/v2\/media\/18544"}],"wp:attachment":[{"href":"https:\/\/mistersates-import.com.br\/loja\/wp-json\/wp\/v2\/media?parent=17799"}],"curies":[{"name":"wp","href":"https:\/\/api.w.org\/{rel}","templated":true}]}}