{"id":17808,"date":"2023-11-29T20:06:03","date_gmt":"2023-11-29T23:06:03","guid":{"rendered":"https:\/\/mistersates-import.com.br\/loja\/?post_type=product&#038;p=17808"},"modified":"2026-03-28T13:04:02","modified_gmt":"2026-03-28T16:04:02","slug":"suporte-correia-de-peito-para-telefone-celular-com-grampo-ajustavel","status":"publish","type":"product","link":"https:\/\/mistersates-import.com.br\/loja\/product\/suporte-correia-de-peito-para-telefone-celular-com-grampo-ajustavel\/","title":{"rendered":"Suporte Correia de Peito para telefone Celular com grampo ajust\u00e1vel"},"content":{"rendered":"<p>Informa\u00e7\u00f5es Gerais:<\/p>\n<p>Suporte de cinta para montagem no peito de celular, clipe para c\u00e2mera de a\u00e7\u00e3o pov para huawei samsung iphone plus<\/p>\n<p>Correia peito<br \/>\nFeito de material de alta qualidade pc, dur\u00e1vel e leve.<br \/>\nElastic design cinta ajust\u00e1vel, conveniente de usar.<br \/>\nMuito adequado para uso em esportes radicais, tais como: esqui, snowboard, ciclismo, esportes equestres e assim por diante.<br \/>\nClipe De Telefone De Rota\u00e7\u00e3o De 360 Graus<br \/>\nO clipe do telefone oferece rota\u00e7\u00e3o de 360 graus para tiro horizontal e vertical em primeira pessoa.<br \/>\nGrampo montado destac\u00e1vel do telefone com dois bot\u00f5es ajust\u00e1veis do reparo.<br \/>\nEscala do grampo do telefone m\u00f3vel: 55-106mm<\/p>\n<p>Pacote inclui<\/p>\n<p>1 x Correia Peito<br \/>\n1 x J-gancho Base<br \/>\n1 x parafuso<br \/>\n1 x suporte do telefone<br \/>\n1 x silicone corre\u00e7\u00e3o cinta<br \/>\n1 x base<\/p>\n","protected":false},"excerpt":{"rendered":"<p>Informa\u00e7\u00f5es Gerais: Suporte de cinta para montagem no peito de celular, clipe para c\u00e2mera de a\u00e7\u00e3o pov para huawei samsung iphone plus Correia peito Feito de material de alta qualidade pc, dur\u00e1vel e leve. Elastic design cinta ajust\u00e1vel, conveniente de &hellip; <a href=\"https:\/\/mistersates-import.com.br\/loja\/product\/suporte-correia-de-peito-para-telefone-celular-com-grampo-ajustavel\/\">Readmore<\/a><\/p>\n","protected":false},"featured_media":17809,"template":"","meta":{"_joinchat":[]},"_links":{"self":[{"href":"https:\/\/mistersates-import.com.br\/loja\/wp-json\/wp\/v2\/product\/17808"}],"collection":[{"href":"https:\/\/mistersates-import.com.br\/loja\/wp-json\/wp\/v2\/product"}],"about":[{"href":"https:\/\/mistersates-import.com.br\/loja\/wp-json\/wp\/v2\/types\/product"}],"wp:featuredmedia":[{"embeddable":true,"href":"https:\/\/mistersates-import.com.br\/loja\/wp-json\/wp\/v2\/media\/17809"}],"wp:attachment":[{"href":"https:\/\/mistersates-import.com.br\/loja\/wp-json\/wp\/v2\/media?parent=17808"}],"curies":[{"name":"wp","href":"https:\/\/api.w.org\/{rel}","templated":true}]}}