{"id":17818,"date":"2023-11-30T20:02:07","date_gmt":"2023-11-30T23:02:07","guid":{"rendered":"https:\/\/mistersates-import.com.br\/loja\/?post_type=product&#038;p=17818"},"modified":"2025-12-27T11:19:50","modified_gmt":"2025-12-27T14:19:50","slug":"kit-acessorios-com-10-pecas-para-gopro-hero-5-6-7-8-9-10-11","status":"publish","type":"product","link":"https:\/\/mistersates-import.com.br\/loja\/product\/kit-acessorios-com-10-pecas-para-gopro-hero-5-6-7-8-9-10-11\/","title":{"rendered":"Kit acessorios com 10 pe\u00e7as para Gopro Hero 5 6 7 8 9 10 11"},"content":{"rendered":"<p>Descri\u00e7\u00e3o:<\/p>\n<p>100% nova marca e alta qualidade<\/p>\n<p>Amplamente utilizado em surf, esqui, skate, equita\u00e7\u00e3o bicicleta\/motocicleta<\/p>\n<p>Materiais: Pl\u00e1stico<\/p>\n<p>Compat\u00edvel com: Gopro Hero 11 10 9 8 7 6 5 4 3 + 3 2 1 c\u00e2mera para Xiaoyi SJCAM SJ4000 SJ5000 SJ6000 SJ7000<\/p>\n<p>Correia peito<\/p>\n<p>1) Correia el\u00e1stica ajust\u00e1vel. O projeto confort\u00e1vel, inteiramente-ajust\u00e1vel cabe todas as formas e tamanhos, incluindo sobre grandes revestimentos<br \/>\n2) Interior forrado com um material anti-derrapante para bom desgaste, mesmo quando voc\u00ea est\u00e1 suando<br \/>\n3) A fita el\u00e1stica, pode a \u00e1gua, apropriada para mergulhar ou surfar.<br \/>\n4) D\u00e1-lhe um &#8220;menor do que o capacete&#8221; vista da a\u00e7\u00e3o<br \/>\n5) Forne\u00e7a a experi\u00eancia immersive<\/p>\n<p>6) Dur\u00e1vel e peso leve.<br \/>\n7) Opera\u00e7\u00e3o f\u00e1cil e projeto ajust\u00e1vel para a melhor utiliza\u00e7\u00e3o<br \/>\n\u00c9 um companheiro ideal para sua c\u00e2mera durante sua viagem<\/p>\n<p>Correia cabe\u00e7a<\/p>\n<p>1) Design el\u00e1stico al\u00e7a ajust\u00e1vel, um tamanho cabe tudo<br \/>\n2) Interior forrado com tr\u00eas materiais antiderrapantes para um bom desgaste, mesmo quando voc\u00ea est\u00e1 suando.<br \/>\nMais apto, mais dur\u00e1vel, n\u00e3o \u00e9 f\u00e1cil de perder.<\/p>\n<p>Bobber Floaty<\/p>\n<p>1) Profissional personalizado handheld vara flutuante, projetado exclusivamente para os amantes aqu\u00e1ticos<br \/>\n2) Perspectiva amarela brilhante, f\u00e1cil de encontrar na \u00e1gua<br \/>\n3) O design do flutuador impede que sua c\u00e2mera afunde sob a \u00e1gua<br \/>\n4) Pulseira ajust\u00e1vel, dupla prote\u00e7\u00e3o<\/p>\n<p>Lista do pacote<\/p>\n<p>KFWX12<br \/>\n1 x Correia Peito<br \/>\n1 x Cabe\u00e7a Strap<br \/>\n1 x Bobber Folaty<br \/>\n1 x saco pequeno<br \/>\n2 x libera\u00e7\u00e3o r\u00e1pida Mount Base<br \/>\n1 x J gancho fivela<br \/>\n1 x adaptador<br \/>\n1 x parafuso<br \/>\n1 x Chave<br \/>\n1 x Capacete Belt<\/p>\n","protected":false},"excerpt":{"rendered":"<p>Descri\u00e7\u00e3o: 100% nova marca e alta qualidade Amplamente utilizado em surf, esqui, skate, equita\u00e7\u00e3o bicicleta\/motocicleta Materiais: Pl\u00e1stico Compat\u00edvel com: Gopro Hero 11 10 9 8 7 6 5 4 3 + 3 2 1 c\u00e2mera para Xiaoyi SJCAM SJ4000 SJ5000 &hellip; <a href=\"https:\/\/mistersates-import.com.br\/loja\/product\/kit-acessorios-com-10-pecas-para-gopro-hero-5-6-7-8-9-10-11\/\">Readmore<\/a><\/p>\n","protected":false},"featured_media":17819,"template":"","meta":{"_joinchat":[]},"_links":{"self":[{"href":"https:\/\/mistersates-import.com.br\/loja\/wp-json\/wp\/v2\/product\/17818"}],"collection":[{"href":"https:\/\/mistersates-import.com.br\/loja\/wp-json\/wp\/v2\/product"}],"about":[{"href":"https:\/\/mistersates-import.com.br\/loja\/wp-json\/wp\/v2\/types\/product"}],"wp:featuredmedia":[{"embeddable":true,"href":"https:\/\/mistersates-import.com.br\/loja\/wp-json\/wp\/v2\/media\/17819"}],"wp:attachment":[{"href":"https:\/\/mistersates-import.com.br\/loja\/wp-json\/wp\/v2\/media?parent=17818"}],"curies":[{"name":"wp","href":"https:\/\/api.w.org\/{rel}","templated":true}]}}