{"id":17840,"date":"2023-12-01T17:36:46","date_gmt":"2023-12-01T20:36:46","guid":{"rendered":"https:\/\/mistersates-import.com.br\/loja\/?post_type=product&#038;p=17840"},"modified":"2025-08-05T18:38:16","modified_gmt":"2025-08-05T21:38:16","slug":"adaptador-tipo-c-11-em-1-hdmi-4k-usb-ethernet-macbook-ipad","status":"publish","type":"product","link":"https:\/\/mistersates-import.com.br\/loja\/product\/adaptador-tipo-c-11-em-1-hdmi-4k-usb-ethernet-macbook-ipad\/","title":{"rendered":"Adaptador Tipo-c 11 Em 1 Hdmi 4k Usb Ethernet Macbook iPad"},"content":{"rendered":"<p>Descri\u00e7\u00e3o:<\/p>\n<p>SOMOS REFER\u00caNCIA EM ATENDIMENTO AO CLIENTE<br \/>\nPRODUTO TESTADO DE ALTA DURA\u00c7\u00c3O.<\/p>\n<p>******ATEN\u00c7\u00c3O*****<\/p>\n<p>PRODUTO N\u00c3O FUNCIONA EM CELULAR PARA TRANSMISS\u00c3O DE TELA NA TV.<\/p>\n<p>Adaptador Hub Tipo-C 11 em 1<\/p>\n<p>O Hub 11 em 1 concentra todas sa\u00eddas que voc\u00ea pode querer usar, de forma f\u00e1cil e organizada, cont\u00e9m USB 3.0, Cabo Ethernet, entrada SD, HDMI 4K e muito mais.<\/p>\n<p>Produto &#8220;Plug and play&#8221; ou seja, s\u00f3 desembalar e come\u00e7ar a usar, n\u00e3o necessita nenhuma configura\u00e7\u00e3o, SIMPLES, R\u00c1PIDO E FUNCIONAL.<\/p>\n<p>Elegante, fino, compacto, port\u00e1til e f\u00e1cil de usar. N\u00e3o h\u00e1 a necessidade de instala\u00e7\u00e3o de nenhum drive. Conecte e utilize!<\/p>\n<p>Com o Hub 11 em 1 voc\u00ea ir\u00e1 aliar a praticidade de um produto super compacto com tecnologia de transmiss\u00e3o de dados de alta velocidade, al\u00e9m de contar com a sa\u00edda HDMI com resolu\u00e7\u00e3o 4K e muitas outras.<\/p>\n<p>Especifica\u00e7\u00f5es T\u00e9cnicas:<\/p>\n<p>1* RJ45 Ethernet 100Mbps<br \/>\n1* HDMI HD 4K@30Hz<br \/>\n1* VGA 1080P<br \/>\n1* slot SD<br \/>\n1* slot TF<br \/>\n1* USB3.0<br \/>\n3* USB2.0<br \/>\n1* porta PD+1* 3,5 mm<br \/>\n1* USB-C PD (carregamento de at\u00e9 87w, a depender do carregador utilizado)<\/p>\n<p>Interface de entrada de \u00e1udio: USB3.1 Tipo C<br \/>\nCorrente\/tens\u00e3o de entrada: 3A\/520V<br \/>\nCorrente\/tens\u00e3o de sa\u00edda USB: 0.9A\/5V Sa\u00edda<br \/>\nHDMI1\/VGA: 4K* 2K 3840* 2160 @30Hz \/1080P @60Hz<br \/>\nMaterial do inv\u00f3lucro: liga de alum\u00ednio+ABS<br \/>\nMaterial do cabo: PVC<\/p>\n<p>Leia \u00e0 todas as especifica\u00e7\u00f5es e certifique-se antes de comprar de que o adaptador ser\u00e1 compat\u00edvel com seu aparelho.<\/p>\n<p>&#8211; O que ir\u00e1 determinar a energia de carregamento \u00e9 o carregador utilizado. O HUB 11 em 1 suporta um carregamento de at\u00e9 87W.<\/p>\n<p>&#8211; O notebook deve ter entrada Thunderbolt 3\/USB-C 3.1 de 2\u00aa gera\u00e7\u00e3o para suportar v\u00e1rios monitores.<\/p>\n<p>&#8211; As portas USB C no notebook t\u00eam a mesma apar\u00eancia, mas existem diferen\u00e7as entre Thunderbolt 3, USB-C 3.1 gen 2 e USB-C 3.1 gen 1. O notebook deve suportar a fun\u00e7\u00e3o DisplayPort.<\/p>\n<p>Suporte de sa\u00edda de v\u00eddeo (depende principalmente da fun\u00e7\u00e3o DisplayPort):<br \/>\nThunderbolt 3:40 Gb\/s (suporte DisplayPort)<br \/>\nUSB-C 3.1 Gen 2:10 Gb\/s (suporte DisplayPort)<\/p>\n<p>N\u00e3o suporta sa\u00edda de v\u00eddeo USB C: USB-C<br \/>\n3.1 gen 1:5 gb\/s (somente transfer\u00eancia de dados) USB-C 3.1 Gen 1:5 Gb\/s (somente transfer\u00eancia de dados)<br \/>\nUSB-C 3.1 Gen 1:5 Gb\/s (Suporta fornecimento de energia)<\/p>\n<p>Alguns modelos COMPAT\u00cdVEIS:<\/p>\n<p>&#8211; MacBook 2020\/2019\/2018\/2017\/2016\/2015<br \/>\n-Macbook pro 2020\/2019\/2017\/2016<br \/>\n&#8211; Macbook air 2020\/2019\/2018<br \/>\n&#8211; Macbook pro\/air 2020 m1<br \/>\n&#8211; iMac\/iMac pro (21,5 polegadas e 27 polegadas)<br \/>\n&#8211; Dell XPS 12 9250, XPS 13 9350\/9360\/9370, XPS 15 9550\/9560; dell latim tude\/precis\u00e3o;<br \/>\n-Dell Inspiron 15\/17 s\u00e9rie 5000\/7000; dell g3\/g5\/g7 (o dell g7 15 n\u00e3o suporta fornecimento de energia)<br \/>\n&#8211; Microsoft Surface book1\/book2\/book3; laptop surface 3; (Surface GO, Surface Pro 7 suporta apenas o modo espelho)<br \/>\n&#8211; Google Chromebook pixel (2016\/2017) \/chromebook C340-15\/Google slate<br \/>\n-HP Spectre x360; hp elite book 840 g5\/g6\/g7; hp envy x360; hp zbook; hp pro book 450 g7; hp elite \u00d7 2<br \/>\n-Huawei Matebook; samsung galaxy book\/galaxy tabpro s\/sumsung chromebook plus<\/p>\n<p>Alguns modelos INCOMPAT\u00cdVEIS:<\/p>\n<p>&#8211; Dell Inspiron 17 3000<br \/>\n&#8211; HP omen 15; hp pavilion 15; hp pavilion x360; elite livro 840 g3; hp pro book 445 5g\/x360 1040<br \/>\n-Lenovo ideapad flex 5; lenovo ideapad s340\/l340; lenovo yoga 920\/yoga c930; Lenovo 730 15; thinkspad x1 carbon gen 6<br \/>\n&#8211; A<\/p>\n<div style=\"width: 940px;\" class=\"wp-video\"><!--[if lt IE 9]><script>document.createElement('video');<\/script><![endif]-->\n<video class=\"wp-video-shortcode\" id=\"video-17840-1\" width=\"940\" height=\"529\" preload=\"metadata\" controls=\"controls\"><source type=\"video\/mp4\" src=\"https:\/\/mistersates-import.com.br\/loja\/wp-content\/uploads\/2023\/12\/Adaptador-Tipo-c-11-Em-1-Hdmi-4k-Usb-Ethernet-Macbook-iPad.mp4?_=1\" \/><a href=\"https:\/\/mistersates-import.com.br\/loja\/wp-content\/uploads\/2023\/12\/Adaptador-Tipo-c-11-Em-1-Hdmi-4k-Usb-Ethernet-Macbook-iPad.mp4\">https:\/\/mistersates-import.com.br\/loja\/wp-content\/uploads\/2023\/12\/Adaptador-Tipo-c-11-Em-1-Hdmi-4k-Usb-Ethernet-Macbook-iPad.mp4<\/a><\/video><\/div>\n<p>sus vivobook pro 1; laptop vivobook l203ma ultra fino, vivobook 15 fino e leve;<\/p>\n","protected":false},"excerpt":{"rendered":"<p>Descri\u00e7\u00e3o: SOMOS REFER\u00caNCIA EM ATENDIMENTO AO CLIENTE PRODUTO TESTADO DE ALTA DURA\u00c7\u00c3O. ******ATEN\u00c7\u00c3O***** PRODUTO N\u00c3O FUNCIONA EM CELULAR PARA TRANSMISS\u00c3O DE TELA NA TV. Adaptador Hub Tipo-C 11 em 1 O Hub 11 em 1 concentra todas sa\u00eddas que voc\u00ea &hellip; <a href=\"https:\/\/mistersates-import.com.br\/loja\/product\/adaptador-tipo-c-11-em-1-hdmi-4k-usb-ethernet-macbook-ipad\/\">Readmore<\/a><\/p>\n","protected":false},"featured_media":17842,"template":"","meta":{"_joinchat":[]},"_links":{"self":[{"href":"https:\/\/mistersates-import.com.br\/loja\/wp-json\/wp\/v2\/product\/17840"}],"collection":[{"href":"https:\/\/mistersates-import.com.br\/loja\/wp-json\/wp\/v2\/product"}],"about":[{"href":"https:\/\/mistersates-import.com.br\/loja\/wp-json\/wp\/v2\/types\/product"}],"wp:featuredmedia":[{"embeddable":true,"href":"https:\/\/mistersates-import.com.br\/loja\/wp-json\/wp\/v2\/media\/17842"}],"wp:attachment":[{"href":"https:\/\/mistersates-import.com.br\/loja\/wp-json\/wp\/v2\/media?parent=17840"}],"curies":[{"name":"wp","href":"https:\/\/api.w.org\/{rel}","templated":true}]}}