{"id":17853,"date":"2023-12-04T11:42:03","date_gmt":"2023-12-04T14:42:03","guid":{"rendered":"https:\/\/mistersates-import.com.br\/loja\/?post_type=product&#038;p=17853"},"modified":"2024-03-15T18:26:24","modified_gmt":"2024-03-15T21:26:24","slug":"cortador-de-chapas-parafusadeira-adaptador-furadeira-tesoura","status":"publish","type":"product","link":"https:\/\/mistersates-import.com.br\/loja\/product\/cortador-de-chapas-parafusadeira-adaptador-furadeira-tesoura\/","title":{"rendered":"Cortador De Chapas Parafusadeira Adaptador Furadeira Tesoura"},"content":{"rendered":"<p>DESCRI\u00c7\u00c3O:<\/p>\n<p>Recursos:<br \/>\n1. Feito de material de a\u00e7o e ferro, forte e resistente ao desgaste, com boa durabilidade e pode fornecer um longo tempo de servi\u00e7o.<br \/>\n2. L\u00e2minas afiadas, podem cortar placas de metal com espessura de 0,8 mm, resistentes ao desgasTe, com alta efici\u00eancia de corte.<br \/>\n3. N\u00e3o precisa tocar na pe\u00e7a ou nas l\u00e2minas, e n\u00e3o vai machucar as m\u00e3os, mais seguro de usar.<br \/>\n4. F\u00e1cil instala\u00e7\u00e3o, pressione para instalar, economize tempo e esfor\u00e7o.<br \/>\n5. Design de slot de cart\u00e3o de posicionamento especial, tamanho preciso.<br \/>\n6. Sem restri\u00e7\u00f5es no site, f\u00e1cil de carregar com voc\u00ea.<br \/>\n7. ApLic\u00e1vel \u00e0 broca comum de l\u00edtio 12-21V, mais amplamente utilizada.<\/p>\n<p>Especifica\u00e7\u00f5es:<br \/>\nNome: Cortador el\u00e9trico de placas de perfura\u00e7\u00e3o<br \/>\nMaterial: metal<br \/>\n\u00c2mbito de aplica\u00e7\u00e3o: Tipo A: furadeira de l\u00edtio 12-21V \/ Tipo B: furadeira de l\u00edtio, furadeiras de impacto e furadeiras tipo pistola<\/p>\n<p>Capacidade m\u00e1xima de cisalhamento:<br \/>\nFolha de ferro 0,3-1 mm<br \/>\nFolha branca: 0,3-1,2 mm<br \/>\nA\u00e7o: 0,8-1 mm<br \/>\nFolha de cobre: 1,5 mm<br \/>\nFolha de alum\u00ednio: 1,5 mm<br \/>\nTamanho do item: 125 * 59 * 53 mm \/ 4,92 * 2,32 * 2,09 pol.<br \/>\nOBS: N\u00c3O ACOMPANHA FURADEIRA, APENAS O SUPORTE.<\/p>\n<p>&nbsp;<\/p>\n<div class=\"entry-content-asset\"><iframe loading=\"lazy\" title=\"Cortador De Chapas Parafusadeira Adaptador Furadeira Tesoura\" width=\"100%\" height=\"529\" src=\"https:\/\/www.youtube.com\/embed\/rUFhEPRY-mg?feature=oembed\" frameborder=\"0\" allow=\"accelerometer; autoplay; clipboard-write; encrypted-media; gyroscope; picture-in-picture; web-share\" allowfullscreen><\/iframe><\/div>\n","protected":false},"excerpt":{"rendered":"<p>DESCRI\u00c7\u00c3O: Recursos: 1. Feito de material de a\u00e7o e ferro, forte e resistente ao desgaste, com boa durabilidade e pode fornecer um longo tempo de servi\u00e7o. 2. L\u00e2minas afiadas, podem cortar placas de metal com espessura de 0,8 mm, resistentes &hellip; <a href=\"https:\/\/mistersates-import.com.br\/loja\/product\/cortador-de-chapas-parafusadeira-adaptador-furadeira-tesoura\/\">Readmore<\/a><\/p>\n","protected":false},"featured_media":17854,"template":"","meta":{"_joinchat":[]},"_links":{"self":[{"href":"https:\/\/mistersates-import.com.br\/loja\/wp-json\/wp\/v2\/product\/17853"}],"collection":[{"href":"https:\/\/mistersates-import.com.br\/loja\/wp-json\/wp\/v2\/product"}],"about":[{"href":"https:\/\/mistersates-import.com.br\/loja\/wp-json\/wp\/v2\/types\/product"}],"wp:featuredmedia":[{"embeddable":true,"href":"https:\/\/mistersates-import.com.br\/loja\/wp-json\/wp\/v2\/media\/17854"}],"wp:attachment":[{"href":"https:\/\/mistersates-import.com.br\/loja\/wp-json\/wp\/v2\/media?parent=17853"}],"curies":[{"name":"wp","href":"https:\/\/api.w.org\/{rel}","templated":true}]}}