{"id":17863,"date":"2023-12-04T17:21:52","date_gmt":"2023-12-04T20:21:52","guid":{"rendered":"https:\/\/mistersates-import.com.br\/loja\/?post_type=product&#038;p=17863"},"modified":"2024-03-15T18:19:11","modified_gmt":"2024-03-15T21:19:11","slug":"adaptador-mini-motosserra-furadeira-parafusadeira-6-polegad-4-corrente-de-corte","status":"publish","type":"product","link":"https:\/\/mistersates-import.com.br\/loja\/product\/adaptador-mini-motosserra-furadeira-parafusadeira-6-polegad-4-corrente-de-corte\/","title":{"rendered":"Adaptador Mini Motosserra Furadeira Parafusadeira 6 Polegad + 4 Corrente de corte"},"content":{"rendered":"<p>Descri\u00e7\u00e3o:<\/p>\n<p>&nbsp;<\/p>\n<p>ACOMPANHA GRATIS MAIS 3 CORRENTES<\/p>\n<p>&nbsp;<\/p>\n<p>Produto a pronta entrega. O tamanho do sabre \u00e9 de 6 polegadas.<\/p>\n<p>Voc\u00ea quer modificar sua furadeira el\u00e9trica em uma motosserra? Ent\u00e3o voc\u00ea pode experimentar este acess\u00f3rio de modifica\u00e7\u00e3o. Com este adaptador, voc\u00ea pode obter uma motosserra modificando sua furadeira el\u00e9trica em vez de comprar uma nova. Se voc\u00ea est\u00e1 procurando por este produto, venha e experimente.<\/p>\n<p>O Adaptador para furadeira el\u00e9trica \u00e9 adequado para o corte de pequenas \u00e1rvores e galhos, corte de bambu.<\/p>\n<p>Conveniente de usar: Em compara\u00e7\u00e3o com as motosserras el\u00e9tricas tradicionais, esta motosserra \u00e9 mais leve e port\u00e1til, e tamb\u00e9m mais f\u00e1cil de armazenar.<\/p>\n<p>F\u00e1cil de modificar: Com este conjunto de ferramentas de modifica\u00e7\u00e3o, voc\u00ea n\u00e3o precisa comprar uma nova motosserra el\u00e9trica, voc\u00ea s\u00f3 precisa gastar um pouco de tempo modificando-a, economizando seu dinheiro e tempo.<\/p>\n<p>Punho Auxiliar: A al\u00e7a auxiliar tamb\u00e9m pode ser montada facilmente, voc\u00ea pode segur\u00e1-la firmemente ao usar a m\u00e1quina, proporcionando uma experi\u00eancia de uso confort\u00e1vel.<\/p>\n<p>Adaptabilidade: Este acess\u00f3rio de ferramenta modificado \u00e9 adequado para brocas de pin\u00e7a de tr\u00eas garras de 6-13 mm.<\/p>\n<p>Material preferido: A placa guia e as correntes s\u00e3o feitas de material de liga e a al\u00e7a \u00e9 feita de material pl\u00e1stico, o que pode proporcionar um longo tempo de servi\u00e7o.<\/p>\n<p>Especifica\u00e7\u00f5es:<\/p>\n<p>Material: liga + pl\u00e1stico<br \/>\nTamanho da placa guia: 6 polegadas<br \/>\nAdequado para: 6-13mm broca de pin\u00e7a de tr\u00eas mand\u00edbulas<br \/>\nDi\u00e2metro da haste de conex\u00e3o da broca el\u00e9trica: 7mm \/ 0.2in<br \/>\nDi\u00e2metro de corte: 0-120mm \/ 0-4.7in<\/p>\n<p>Lista de embalagem:<\/p>\n<p>01 conversor de broca el\u00e9trica<br \/>\n01 al\u00e7a<br \/>\n04 correntes<br \/>\n01 chave de fenda<\/p>\n","protected":false},"excerpt":{"rendered":"<p>Descri\u00e7\u00e3o: &nbsp; ACOMPANHA GRATIS MAIS 3 CORRENTES &nbsp; Produto a pronta entrega. O tamanho do sabre \u00e9 de 6 polegadas. Voc\u00ea quer modificar sua furadeira el\u00e9trica em uma motosserra? Ent\u00e3o voc\u00ea pode experimentar este acess\u00f3rio de modifica\u00e7\u00e3o. Com este adaptador, &hellip; <a href=\"https:\/\/mistersates-import.com.br\/loja\/product\/adaptador-mini-motosserra-furadeira-parafusadeira-6-polegad-4-corrente-de-corte\/\">Readmore<\/a><\/p>\n","protected":false},"featured_media":17864,"template":"","meta":{"_joinchat":[]},"_links":{"self":[{"href":"https:\/\/mistersates-import.com.br\/loja\/wp-json\/wp\/v2\/product\/17863"}],"collection":[{"href":"https:\/\/mistersates-import.com.br\/loja\/wp-json\/wp\/v2\/product"}],"about":[{"href":"https:\/\/mistersates-import.com.br\/loja\/wp-json\/wp\/v2\/types\/product"}],"wp:featuredmedia":[{"embeddable":true,"href":"https:\/\/mistersates-import.com.br\/loja\/wp-json\/wp\/v2\/media\/17864"}],"wp:attachment":[{"href":"https:\/\/mistersates-import.com.br\/loja\/wp-json\/wp\/v2\/media?parent=17863"}],"curies":[{"name":"wp","href":"https:\/\/api.w.org\/{rel}","templated":true}]}}