{"id":17892,"date":"2023-12-06T20:42:18","date_gmt":"2023-12-06T23:42:18","guid":{"rendered":"https:\/\/mistersates-import.com.br\/loja\/?post_type=product&#038;p=17892"},"modified":"2024-09-22T21:07:06","modified_gmt":"2024-09-23T00:07:06","slug":"bastao-para-gopro-flutuante-com-porta-dinheiro-acessorios","status":"publish","type":"product","link":"https:\/\/mistersates-import.com.br\/loja\/product\/bastao-para-gopro-flutuante-com-porta-dinheiro-acessorios\/","title":{"rendered":"Bast\u00e3o Para Gopro Flutuante Com Porta Dinheiro Acess\u00f3rios"},"content":{"rendered":"<p>Informa\u00e7\u00f5es Gerais:<\/p>\n<p>Descri\u00e7\u00e3o:<\/p>\n<p>NUNCA PERCA OUTRA C\u00c2MERA GOPRO: O design flutuante do corpo do manipulador manter\u00e1 a c\u00e2mera na superf\u00edcie da \u00e1gua e evitar\u00e1 que ela se afunde.<\/p>\n<p>O copo de cor brilhante na parte inferior da al\u00e7a permite maior visibilidade, f\u00e1cil detec\u00e7\u00e3o e recupera\u00e7\u00e3o na \u00e1gua. Perfeito para fotografia durante mergulho em alto mar, snorkelling, mergulho, nata\u00e7\u00e3o, surf e outras atividades de esportes aqu\u00e1ticos.<\/p>\n<p>Este stick flutuante compacto e leve \u00e9 totalmente compat\u00edvel com GoPro HD prata e preto<\/p>\n<p>Her\u00f3i 11 10 9 Hero8, Her\u00f3i 2, Her\u00f3i 3, Her\u00f3i 3 +, Her\u00f3i 4, Her\u00f3i 4S, Her\u00f3i 6, Her\u00f3i 5 Sess\u00e3o SJ4000 SJ5000 H9 H8 H9R edition. N\u00e3o s\u00e3o necess\u00e1rios outros acess\u00f3rios de montagem. A montagem inclina 180 graus proporcionando possibilidades disparando aumentado.<\/p>\n<p>MULTIFUNCIONAL: A c\u00e2mara \u00e0 prova de \u00e1gua deste punho pode armazenar pequenos objetos. Este bast\u00e3o flutuante pode ser usado como um aperto de m\u00e3o flutuante ou se transformar em uma flutuabilidade natural sob a \u00e1gua.<\/p>\n","protected":false},"excerpt":{"rendered":"<p>Informa\u00e7\u00f5es Gerais: Descri\u00e7\u00e3o: NUNCA PERCA OUTRA C\u00c2MERA GOPRO: O design flutuante do corpo do manipulador manter\u00e1 a c\u00e2mera na superf\u00edcie da \u00e1gua e evitar\u00e1 que ela se afunde. O copo de cor brilhante na parte inferior da al\u00e7a permite maior &hellip; <a href=\"https:\/\/mistersates-import.com.br\/loja\/product\/bastao-para-gopro-flutuante-com-porta-dinheiro-acessorios\/\">Readmore<\/a><\/p>\n","protected":false},"featured_media":17893,"template":"","meta":{"_joinchat":[]},"_links":{"self":[{"href":"https:\/\/mistersates-import.com.br\/loja\/wp-json\/wp\/v2\/product\/17892"}],"collection":[{"href":"https:\/\/mistersates-import.com.br\/loja\/wp-json\/wp\/v2\/product"}],"about":[{"href":"https:\/\/mistersates-import.com.br\/loja\/wp-json\/wp\/v2\/types\/product"}],"wp:featuredmedia":[{"embeddable":true,"href":"https:\/\/mistersates-import.com.br\/loja\/wp-json\/wp\/v2\/media\/17893"}],"wp:attachment":[{"href":"https:\/\/mistersates-import.com.br\/loja\/wp-json\/wp\/v2\/media?parent=17892"}],"curies":[{"name":"wp","href":"https:\/\/api.w.org\/{rel}","templated":true}]}}