{"id":17926,"date":"2023-12-16T10:30:21","date_gmt":"2023-12-16T13:30:21","guid":{"rendered":"https:\/\/mistersates-import.com.br\/loja\/?post_type=product&#038;p=17926"},"modified":"2024-07-13T17:25:28","modified_gmt":"2024-07-13T20:25:28","slug":"tomada-ewelink-wifi-plug-inteligente-16a-alexa-google-tuya-smart","status":"publish","type":"product","link":"https:\/\/mistersates-import.com.br\/loja\/product\/tomada-ewelink-wifi-plug-inteligente-16a-alexa-google-tuya-smart\/","title":{"rendered":"Tomada EWelink WiFi Plug Inteligente, 16A Alexa, Google Home"},"content":{"rendered":"<p>APP: eWelink<\/p>\n<p>APP: eWelink<\/p>\n<p>APP: eWelink<\/p>\n<p>Caracter\u00edsticas:<\/p>\n<p>Prote\u00e7\u00e3o contra sobrecarga<br \/>\nDefina um valor espec\u00edfico para desligar automaticamente o soquete quando a tens\u00e3o exceder o valor espec\u00edfico, para proteger a seguran\u00e7a do equipamento.<\/p>\n<p>Controle Remoto APP<br \/>\nVerifique remotamente o status do dispositivo e controle o dispositivo on\/off atrav\u00e9s do telefone celular.<\/p>\n<p>Gravador do Hist\u00f3rio<br \/>\nVisualize facilmente o hist\u00f3rico de uso do dispositivo, voc\u00ea pode ver quem acionou o dispositivo.<\/p>\n<p>Cena inteligente<br \/>\nMuitas fun\u00e7\u00f5es de cena inteligente diferentes, como deixar o dispositivo ligar\/desligar automaticamente ao nascer do sol\/p\u00f4r do sol. Voc\u00ea tamb\u00e9m pode definir uma liga\u00e7\u00e3o inteligente com outros dispositivos inteligentes, como: quando a porta abriu, ligue\/desligue o dispositivo (liga\u00e7\u00e3o com sensor de porta).<\/p>\n<p>Cronometragem\/Programa<br \/>\nA fun\u00e7\u00e3o do temporizador faz a vida mais inteligente, permitindo que gire automaticamente de ligar\/desligar regularmente.<\/p>\n<p>Detalhes:<\/p>\n<p>Pacote<\/p>\n<p>Bundle1:<br \/>\nTecnologia retifica\u00e7\u00e3o s\u00edncrona<br \/>\nSim<\/p>\n<p>Interruptor de subcontrole<br \/>\nSim<\/p>\n<p>Interruptor principal<br \/>\nSim<\/p>\n<p>Suporte a carga r\u00e1pida<br \/>\nN\u00e3o<\/p>\n<p>USB Pot\u00eancia Total<br \/>\nNone<\/p>\n<p>Sa\u00edda m\u00e1xima de USB simples<br \/>\nNenhum<\/p>\n<p>N\u00famero de portas USB<br \/>\nNenhum<\/p>\n<p>Pot\u00eancia nominal<br \/>\n3600W(Max)<\/p>\n<p>Aplica\u00e7\u00e3o<br \/>\nResidencial\/Prop\u00f3sito Geral<br \/>\nCorrente nominal<br \/>\n15A<\/p>\n<p>Tens\u00e3o nominal<br \/>\n100-240 V<\/p>\n<p>N\u00famero do modelo<br \/>\neWelink WiFi Smart Plug<\/p>\n<p>Comprimento do cabo de extens\u00e3o<br \/>\nNenhum<\/p>\n<p>Wi-Fi<br \/>\nSim<\/p>\n<p>Protetor contra surtos<br \/>\nSim<\/p>\n<p>Prote\u00e7\u00e3o contra sobrecarga<br \/>\nSim<\/p>\n<p>N\u00famero de tomadas<br \/>\n1<\/p>\n<p>Aterramento<br \/>\naterramento padr\u00e3o<\/p>\n<p>Tipo<br \/>\nPlugue el\u00e9trico<\/p>\n<p>Nome da marca<br \/>\nElivco<\/p>\n<p>Origem<br \/>\nCN (Origem)<\/p>\n<p>Certificado<br \/>\nCE,ROHS<\/p>\n<p>Informa\u00e7\u00f5es Gerais<\/p>\n<p>\u2022 Conectividade WiFi :Conecta-se \u00e0 sua rede Wi-Fi dom\u00e9stica, permitindo que voc\u00ea controle o plugue de qualquer lugar usando seu smartphone.<\/p>\n<p>&nbsp;<\/p>\n<p>\u2022 Monitoramento de energia :Monitora o consumo de energia do dispositivo conectado, ajudando voc\u00ea a economizar energia e dinheiro em sua conta de eletricidade.<\/p>\n<p>&nbsp;<\/p>\n<p>\u2022 Compatibilidade de controle de voz :Funciona com Alexa Echo Google Home, permitindo que voc\u00ea controle o plug com sua voz.<\/p>\n<p>&nbsp;<\/p>\n<p>\u2022 Prote\u00e7\u00e3o contra sobrecarga :Protege seus dispositivos contra picos de energia, garantindo que eles permane\u00e7am seguros e funcionando corretamente.<\/p>\n<p>&nbsp;<\/p>\n<p>\u2022 Conectividade WiFi:Conecta-se \u00e0 sua rede Wi-Fi dom\u00e9stica, permitindo que voc\u00ea controle o plugue de qualquer lugar usando seu smartphone.<\/p>\n<p>&nbsp;<\/p>\n<p>\u2022 Monitora\u00e7\u00e3o do poder:Monitora o consumo de energia do dispositivo conectado ao plugue, ajudando voc\u00ea a economizar energia e dinheiro em sua conta de eletricidade.<\/p>\n<p>&nbsp;<\/p>\n<p>\u2022 Compatibilidade de controle de voz:Funciona com Alexa Echo Google Home, permitindo que voc\u00ea controle o plug com sua voz.<\/p>\n<p>&nbsp;<\/p>\n<p>\u2022 Prote\u00e7\u00e3o contra sobrecarga:Protege contra picos de energia, garantindo que o seu dispositivo permane\u00e7a seguro e protegido.<\/p>\n<p>&nbsp;<\/p>\n<p>SMART WIFI PLUG (Brasil) DESCRI\u00c7\u00c3O DO ITEM<\/p>\n<p>\u00c9 f\u00e1cil conectar o dispositivo com seu smartphone ou tablet e, em seguida, controlar o plugue em qualquer lugar e a qualquer momento de acordo com sua pr\u00f3pria exig\u00eancia via eWelink app. Aproveite o seu eWelink conveniente se voc\u00ea est\u00e1 de f\u00e9rias\/neg\u00f3cios ou em casa.<\/p>\n<p>&nbsp;<\/p>\n<p>Monitoramento de energia<\/p>\n<p>Este plugue de energia inteligente pode fornecer um medidor de consumo de energia em tempo real, e voc\u00ea pode saber relat\u00f3rios em tempo real sobre quanta energia seus aparelhos consomem.<\/p>\n<p>&nbsp;<\/p>\n<p>Fun\u00e7\u00e3o de temporiza\u00e7\u00e3o<\/p>\n<p>O temporizador pode facilmente ser ajustado de acordo com suas pr\u00f3prias necessidades. \u00c9 mais conveniente para voc\u00ea configurar uma programa\u00e7\u00e3o para executar o plug automaticamente. Aproveite o eWelink que economiza trabalho sem repetir e desligar no aplicativo ou controlar manualmente.<\/p>\n<p>&nbsp;<\/p>\n<p>Controle de voz<\/p>\n<p>\u00c9 perfeitamente compat\u00edvel com Amazon Alexa ,Google Home Assistant e Yandex Alice. S\u00f3 precisa de um comando de voz simples, ent\u00e3o voc\u00ea pode desfrutar do eWelink conveniente por controle de voz quando voc\u00ea est\u00e1 sentado em casa ou quando voc\u00ea tem um grande neg\u00f3cio para fazer.<\/p>\n<p>&nbsp;<\/p>\n<p>Fun\u00e7\u00e3o de compartilhamento<\/p>\n<p>Voc\u00ea pode selecionar um plug de energia compartilhando no perfil, ent\u00e3o seus familiares e seus amigos podem desfrutar do eWelink com voc\u00ea.<\/p>\n<p>&nbsp;<\/p>\n<p>Cena inteligente<\/p>\n<p>Tem uma fun\u00e7\u00e3o de configura\u00e7\u00e3o de cena. Voc\u00ea pode escolher uma cena adequada para executar os aparelhos iniciando o modo, como modo dom\u00e9stico, temperatura e umidade ou outras condi\u00e7\u00f5es. Por exemplo, se voc\u00ea for para casa e abrir a porta, poder\u00e1 definir a luz que conecta a energia a este plugue de energia inteligente e depois desligar a c\u00e2mera.<\/p>\n<p>&nbsp;<\/p>\n<p>Seguran\u00e7a e Certifica\u00e7\u00e3o<\/p>\n<p>O plugue inteligente certificado pela CE e RoHS. E o material do plugue \u00e9 seguran\u00e7a e prote\u00e7\u00e3o ambiental.<\/p>\n<p>&nbsp;<\/p>\n<p>Smart WiFi Plug (Brasil) Vers\u00e3o Specification-16A<\/p>\n<p>Material: ABS + PC<\/p>\n<p>Tens\u00e3o: 100-240V 50\/60Hz<\/p>\n<p>Max. Atual: 15A<\/p>\n<p>Max. Pot\u00eancia: 3600W<\/p>\n<p>Monitor de energia: Sim<\/p>\n<p>Temperatura de trabalho: -20 \u00b0C ~ 50 \u00b0C<\/p>\n<p>WIFI Padr\u00e3o: 802.11 b\/g\/n 2.4Ghz Apenas<\/p>\n<p>Sistema de suporte: Acima iOS 8.0 ou Android 4.3<\/p>\n<p>Exig\u00eancia de Hub: N\u00e3o<\/p>\n<p>Seguran\u00e7a da rede: WPA\/WPA2<\/p>\n<p>Modo de controle: APP\/controle de voz\/controle manual<\/p>\n<p>Certifica\u00e7\u00e3o: CE, RoHS<\/p>\n<p>APP: eWelink<\/p>\n<p>Controle de Voz: Funciona com Alexa \/Google Home\/Yandex Alice<\/p>\n<p>&nbsp;<\/p>\n<p>FAQ<\/p>\n<p>1. pode funcionar com Alice?<\/p>\n<p>Sim, pode funcionar apenas com Alexa, Google Home Assistant, Tmall Genie e Yanedx Alice.<\/p>\n<p>&nbsp;<\/p>\n<p>2. pode gravar os relat\u00f3rios de consumo de energia de eletrodom\u00e9sticos?<\/p>\n<p>Sim, pode.<\/p>\n<p>&nbsp;<\/p>\n<p>3. este plugue precisa de um gateway?<\/p>\n<p>N\u00e3o, n\u00e3o. Este \u00e9 um plugue inteligente Wi-Fi, n\u00e3o \u00e9 necess\u00e1rio hub.<\/p>\n<p>&nbsp;<\/p>\n<p>4. Posso control\u00e1-lo quando estou de f\u00e9rias ou a neg\u00f3cios?<\/p>\n<p>Sim, voc\u00ea pode control\u00e1-lo pelo aplicativo em qualquer lugar e a qualquer momento, pls n\u00e3o se preocupe.<\/p>\n<p>&nbsp;<\/p>\n<p>5. o plugue inteligente tem prote\u00e7\u00e3o contra sobrecarga?<\/p>\n<p>Sim, tem.<\/p>\n<p>&nbsp;<\/p>\n<p>6. este plugue inteligente tem fun\u00e7\u00e3o de mem\u00f3ria de falha de energia?<\/p>\n<p>Sim, tem.<\/p>\n","protected":false},"excerpt":{"rendered":"<p>APP: eWelink APP: eWelink APP: eWelink Caracter\u00edsticas: Prote\u00e7\u00e3o contra sobrecarga Defina um valor espec\u00edfico para desligar automaticamente o soquete quando a tens\u00e3o exceder o valor espec\u00edfico, para proteger a seguran\u00e7a do equipamento. Controle Remoto APP Verifique remotamente o status do &hellip; <a href=\"https:\/\/mistersates-import.com.br\/loja\/product\/tomada-ewelink-wifi-plug-inteligente-16a-alexa-google-tuya-smart\/\">Readmore<\/a><\/p>\n","protected":false},"featured_media":18382,"template":"","meta":{"_joinchat":[]},"_links":{"self":[{"href":"https:\/\/mistersates-import.com.br\/loja\/wp-json\/wp\/v2\/product\/17926"}],"collection":[{"href":"https:\/\/mistersates-import.com.br\/loja\/wp-json\/wp\/v2\/product"}],"about":[{"href":"https:\/\/mistersates-import.com.br\/loja\/wp-json\/wp\/v2\/types\/product"}],"wp:featuredmedia":[{"embeddable":true,"href":"https:\/\/mistersates-import.com.br\/loja\/wp-json\/wp\/v2\/media\/18382"}],"wp:attachment":[{"href":"https:\/\/mistersates-import.com.br\/loja\/wp-json\/wp\/v2\/media?parent=17926"}],"curies":[{"name":"wp","href":"https:\/\/api.w.org\/{rel}","templated":true}]}}