{"id":17945,"date":"2023-12-18T10:40:44","date_gmt":"2023-12-18T13:40:44","guid":{"rendered":"https:\/\/mistersates-import.com.br\/loja\/?post_type=product&#038;p=17945"},"modified":"2026-03-13T21:09:13","modified_gmt":"2026-03-14T00:09:13","slug":"suporte-dremel-fresar-regulagem-de-altura-artesanato-2","status":"publish","type":"product","link":"https:\/\/mistersates-import.com.br\/loja\/product\/suporte-dremel-fresar-regulagem-de-altura-artesanato-2\/","title":{"rendered":"Suporte Dremel Fresar Regulagem De Altura Artesanato"},"content":{"rendered":"<p>Principais caracter\u00edsticas:<\/p>\n<p>Suporte para Dremel.<\/p>\n<p>Ideal para Cortes e Fresamentos com Regulagem Altura.<\/p>\n<p>Pode ser usado para localizar a fresa e a cabe\u00e7a de perfura\u00e7\u00e3o.<\/p>\n<p>Deve ser conectado com a furadeira el\u00e9trica para uso.<\/p>\n<p>A especifica\u00e7\u00e3o do cortador \u00e9 3.175 x 39 mm.<\/p>\n<p>Pronto para usar!!!<\/p>\n<p>Com este suporte voc\u00ea vai conseguir fazer cortes planos com muito mais facilidade e seguran\u00e7a com a Dremel.<\/p>\n<p>Material de alta qualidade, garantindo-o dur\u00e1vel.<\/p>\n<p>Especifica\u00e7\u00e3o Geral:<\/p>\n<p>Aplica\u00e7\u00e3o: Ferramentas El\u00e9tricas<\/p>\n<p>Peso e Dimens\u00e3o: Tamanho da embalagem (L x L x A): 15,00 x 10,00 x 6,00 cm \/ 5,91 x 3,94 x 2,36 polegadas<br \/>\nPeso da embalagem: 0,0750 kg.<\/p>\n<p>Conte\u00fado do pacote: 1 x Suporte.<\/p>\n<p>Temos a pronta entrega!!<\/p>\n","protected":false},"excerpt":{"rendered":"<p>Principais caracter\u00edsticas: Suporte para Dremel. Ideal para Cortes e Fresamentos com Regulagem Altura. Pode ser usado para localizar a fresa e a cabe\u00e7a de perfura\u00e7\u00e3o. Deve ser conectado com a furadeira el\u00e9trica para uso. A especifica\u00e7\u00e3o do cortador \u00e9 3.175 &hellip; <a href=\"https:\/\/mistersates-import.com.br\/loja\/product\/suporte-dremel-fresar-regulagem-de-altura-artesanato-2\/\">Readmore<\/a><\/p>\n","protected":false},"featured_media":17946,"template":"","meta":{"_joinchat":[]},"_links":{"self":[{"href":"https:\/\/mistersates-import.com.br\/loja\/wp-json\/wp\/v2\/product\/17945"}],"collection":[{"href":"https:\/\/mistersates-import.com.br\/loja\/wp-json\/wp\/v2\/product"}],"about":[{"href":"https:\/\/mistersates-import.com.br\/loja\/wp-json\/wp\/v2\/types\/product"}],"wp:featuredmedia":[{"embeddable":true,"href":"https:\/\/mistersates-import.com.br\/loja\/wp-json\/wp\/v2\/media\/17946"}],"wp:attachment":[{"href":"https:\/\/mistersates-import.com.br\/loja\/wp-json\/wp\/v2\/media?parent=17945"}],"curies":[{"name":"wp","href":"https:\/\/api.w.org\/{rel}","templated":true}]}}