{"id":17964,"date":"2023-12-21T19:19:48","date_gmt":"2023-12-21T22:19:48","guid":{"rendered":"https:\/\/mistersates-import.com.br\/loja\/?post_type=product&#038;p=17964"},"modified":"2025-12-22T12:39:34","modified_gmt":"2025-12-22T15:39:34","slug":"controlador-transformador-fita-led-wifi-alexa-e-google-home","status":"publish","type":"product","link":"https:\/\/mistersates-import.com.br\/loja\/product\/controlador-transformador-fita-led-wifi-alexa-e-google-home\/","title":{"rendered":"Controlador Transformador Fita Led Wifi Alexa E Google Home"},"content":{"rendered":"<p>Informa\u00e7\u00f5es Gerais<\/p>\n<p>Magic Home Mini RGB WiFi Controller DC5-24V Para Led Strip Painel Luz Timing Fun\u00e7\u00e3o 16 milh\u00f5es de cores Smartphone Control<\/p>\n<p>Descri\u00e7\u00e3o:<\/p>\n<p>Suporta tanto o controle wifi de produtos iOS (como para iPod, para iPad, para iPhone, para iMac) quanto dispositivos m\u00f3veis Android, como para Samsung, para HTC, para Nokia, etc.<\/p>\n<p>Este controlador \u00e9 projetado para faixa de LED, m\u00f3dulo etc. Ap\u00f3s f\u00e1cil instala\u00e7\u00e3o e configura\u00e7\u00f5es, voc\u00ea pode usar seu telefone (para IOS ou sistema Android) para controlar a luz.<\/p>\n<p>Alterne livremente atrav\u00e9s do telefone entre os modos stand-alone e on-line. A dist\u00e2ncia do controle remoto pode chegar a 50 metros.<\/p>\n<p>Built-in alguns modos fixos, infinitas mudan\u00e7as misturadas pelas quatro cores prim\u00e1rias-vermelho, verde, azul e branco.<\/p>\n<p>Pequeno porte, efici\u00eancia energ\u00e9tica, prote\u00e7\u00e3o ambiental, grande conveni\u00eancia e design humanizado.<\/p>\n<p>&nbsp;<\/p>\n<p>Especifica\u00e7\u00f5es:<\/p>\n<p>Produto categoria LED STRIP CONTROLLER<\/p>\n<p>Princ\u00edpio do controle: Controlador do APP do RGB\/ WiFI<\/p>\n<p>LED drive tipo tens\u00e3o constante: tubo MOS<\/p>\n<p>Tens\u00e3o de entrada: DC5 24V<\/p>\n<p>\u00c2mbito de aplica\u00e7\u00e3o: l\u00e2mpadas de press\u00e3o constante como barras claras, luzes do painel<\/p>\n<p>Prote\u00e7\u00e3o n\u00edvel: IP20<\/p>\n<p>Dist\u00e2ncia eficaz do controle: dist\u00e2ncia visual 30 medidores<\/p>\n<p>Software APP tipo MAGIC HOME<\/p>\n<p>Requisitos vers\u00e3o m\u00f3vel: ANDROID 4.0 \/ 10S9.0<\/p>\n<p>Canal: RGB\/<\/p>\n<p>Pot\u00eancia m\u00e1xima: 100W\/144W<\/p>\n<p>&nbsp;<\/p>\n<p>Pacote inclui<\/p>\n<p>1 x Controlador LED WiFi<\/p>\n<p>1 x Manual do Usu\u00e1rio<\/p>\n","protected":false},"excerpt":{"rendered":"<p>Informa\u00e7\u00f5es Gerais Magic Home Mini RGB WiFi Controller DC5-24V Para Led Strip Painel Luz Timing Fun\u00e7\u00e3o 16 milh\u00f5es de cores Smartphone Control Descri\u00e7\u00e3o: Suporta tanto o controle wifi de produtos iOS (como para iPod, para iPad, para iPhone, para iMac) &hellip; <a href=\"https:\/\/mistersates-import.com.br\/loja\/product\/controlador-transformador-fita-led-wifi-alexa-e-google-home\/\">Readmore<\/a><\/p>\n","protected":false},"featured_media":17966,"template":"","meta":{"_joinchat":[]},"_links":{"self":[{"href":"https:\/\/mistersates-import.com.br\/loja\/wp-json\/wp\/v2\/product\/17964"}],"collection":[{"href":"https:\/\/mistersates-import.com.br\/loja\/wp-json\/wp\/v2\/product"}],"about":[{"href":"https:\/\/mistersates-import.com.br\/loja\/wp-json\/wp\/v2\/types\/product"}],"wp:featuredmedia":[{"embeddable":true,"href":"https:\/\/mistersates-import.com.br\/loja\/wp-json\/wp\/v2\/media\/17966"}],"wp:attachment":[{"href":"https:\/\/mistersates-import.com.br\/loja\/wp-json\/wp\/v2\/media?parent=17964"}],"curies":[{"name":"wp","href":"https:\/\/api.w.org\/{rel}","templated":true}]}}