{"id":17972,"date":"2023-12-23T11:13:57","date_gmt":"2023-12-23T14:13:57","guid":{"rendered":"https:\/\/mistersates-import.com.br\/loja\/?post_type=product&#038;p=17972"},"modified":"2025-11-28T18:50:56","modified_gmt":"2025-11-28T21:50:56","slug":"sixwgh-adaptador-de-soquete-tuya-wifi-controle-smart-life","status":"publish","type":"product","link":"https:\/\/mistersates-import.com.br\/loja\/product\/sixwgh-adaptador-de-soquete-tuya-wifi-controle-smart-life\/","title":{"rendered":"SIXWGH-Adaptador de soquete Tuya WiFi, controle Smart Life"},"content":{"rendered":"<p>DESCRI\u00c7\u00c3O:<\/p>\n<p>1. Controle inteligente: Este adaptador de plug pode ser controlado remotamente por meio de plataformas dom\u00e9sticas inteligentes, como o aplicativo Tuya, Google Home e Alexa, permitindo que voc\u00ea controle facilmente o status do interruptor de eletrodom\u00e9sticos, n\u00e3o importa onde voc\u00ea esteja.<\/p>\n<p>2. Design multifuncional: Este adaptador de plugue suporte uma corrente m\u00e1xima de 16A, que pode atender \u00e0s necessidades da maioria dos eletrodom\u00e9sticos. Ao mesmo tempo, tamb\u00e9m tinha a fun\u00e7\u00e3o de monitoramento de energia e tempor\u00e1rio, que pode definir o interruptor do tempor\u00e1rio e monitorar o consumo de energia por meio do aplicativo m\u00f3vel, fornecendo a voc\u00ea uma gama completa de gerenciamento de energia.<\/p>\n<p>3. Simples e f\u00e1cil de usar: A instala\u00e7\u00e3o deste adaptador de plugue \u00e9 muito simples, basta Conectar na Tomada. Al\u00e9m disso, voc\u00ea pode definir f\u00e1cil v\u00e1rias fun\u00e7\u00f5es do adaptador por meio do aplicativo m\u00f3vel, que \u00e9 muito conveniente e f\u00e1cil de usar.<\/p>\n<p>4. Forte compatibilidade: este adaptador de plugin \u00e9 compat\u00edvel com v\u00e1rias plataformas dom\u00e9sticas inteligentes, como Google Home, Alexa, etc., oferece mais op\u00e7\u00f5es e conveni\u00eancia de uso.<\/p>\n<p>Resumindo, os pontos de venda deste produto incluem controle inteligente, design multifuncional, facilidade de uso e forte compatibilidade. Se voc\u00ea deseja um adaptador de plug que pode gerenciar eletrodom\u00e9sticos de maneira inteligente, realizar fun\u00e7\u00f5es como controle remoto e interruptor de temporiza\u00e7\u00e3o, este produto ser\u00e1 sua melhor sele\u00e7\u00e3o.<\/p>\n<p>&nbsp;<\/p>\n<p>Especifica\u00e7\u00e3o:<\/p>\n<p>&nbsp;<\/p>\n<p>Tens\u00e3o de entrada: 90-250V 50\/60HZ<\/p>\n<p>Corrente m\u00e1xima: 16A<\/p>\n<p>Tamanho da caixa: 83x38x70mm<\/p>\n<p>Estat\u00edsticas de Energia<\/p>\n<p>Marca de prova de fogo ABS + PC<\/p>\n<p>Especifica\u00e7\u00f5es da especifica\u00e7\u00e3o: plugue de especifica\u00e7\u00e3o brasileiro<\/p>\n<p>Temperatura de trabalho: -20 \u00b0 C &#8211; 50 \u00b0 C<\/p>\n<p>Tipo de Wi-Fi: 2.4GHZ 802.11b\/g\/n<\/p>\n<p>N\u00edvel de seguran\u00e7a da rede: WPA\/WPA<\/p>\n<p>Consumo de energia em espera&lt;0,7w<\/p>\n<p>Sistema de suporte: Acima do iOS 8.0 ou Android 4.3<\/p>\n<p>Requisito de Cubo de Cubo: N\u00e3o<\/p>\n<p>Modo de controle do aplicativo\/voz\/Manual<\/p>\n<p>Certifica\u00e7\u00e3o de Certifica\u00e7\u00e3o: FCC, CE, RoHS<\/p>\n<p>pp: Tuya Smart\/vida esperta<\/p>\n<p>&nbsp;<\/p>\n<p>Descri\u00e7\u00e3o DO ARTIGO DO ITEM<\/p>\n<p>Controle Remoto do Aplicativo<\/p>\n<p>O uso do seu smartphone ou tablet controle remoto o plugue de nutri\u00e7\u00e3o wifi inteligente por aplicativo gratuito Smart Life ou TuyaSmart de qualquer lugar a qualquer hora. Facilmente para controlar seus eletrodom\u00e9sticos.<\/p>\n<p>&nbsp;<\/p>\n<p>Monitor de energia do Monitor de energia &amp; Fun\u00e7\u00e3o de temporiza\u00e7\u00e3o de temporiza\u00e7\u00e3o<\/p>\n<p>Este plugue de energia inteligente pode fornecer rela\u00e7\u00f5es em tempo real, em quantas energias seus aparelhos dom\u00e9sticos consumirem. \u00c9 muito bom para voc\u00ea configurar uma programa\u00e7\u00e3o de tempo para ligar\/desligar seus dispositivos automaticamente pelo aplicativo. Contas de Eletricidade de Redu\u00e7\u00e3o.<\/p>\n<p>&nbsp;<\/p>\n<p>Controle de Voz de Voz<\/p>\n<p>A tomada de plug-fi inteligente \u00e9 feita compat\u00edvel com Amazon Alexa, Google Home. Basta simplesmente dar um comando de voz para o seu Alexa ou Google Home Assistente para controlar seus dispositivos quando estiver em movimento.<\/p>\n<p>&nbsp;<\/p>\n<p>Controle do grupo de controle de grupo &amp;<\/p>\n<p>Um toque para partilhar o plugue inteligente com seus membros da fam\u00edlia para controlar juntos pelo aplicativo gratuito SMART LIFE.<\/p>\n<p>&nbsp;<\/p>\n<p>Cen\u00e1rio Inteligente Cen\u00e1rio Inteligente de<\/p>\n<p>Criando sua pr\u00f3pria cena para desencadear aparelhos dom\u00e9sticos ON\/OFF pelo modo de partida, modo dom\u00e9stico, temperatura, uma ou outras condi\u00e7\u00f5es.<\/p>\n<p>&nbsp;<\/p>\n<p>Controle do grupo de controle de grupo<\/p>\n<p>Grupos de grupos para v\u00e1rios m\u00faltiplos no aplicativo. Um Toque Para Controlar Todos.<\/p>\n<p>&nbsp;<\/p>\n<p>Modo de usar?<\/p>\n<p>Apenas 3 etapas<\/p>\n<p>Passo 1: pesquise &#8220;Smart Life ou TuyaSmart&#8221; na loja APP, Google Play ou digitalize o c\u00f3digo QR no manual do usu\u00e1rio para baixar e instalar-lo.<\/p>\n<p>Passo 2 do passo 2: Conecte o soquete em uma sa\u00edda AC e pressione e pressione o bot\u00e3o de alimenta\u00e7\u00e3o mestre de press\u00e3o longa at\u00e9 que a luz indicadora pisque.<\/p>\n<p>Passo 3: Abra &#8220;Smart Life ou TuyaSmart app&#8221;, saiba e acrescente o dispositivo no aplicativo e, em seguida, termine a configura\u00e7\u00e3o de acordo com o guia.<\/p>\n<p>&nbsp;<\/p>\n","protected":false},"excerpt":{"rendered":"<p>DESCRI\u00c7\u00c3O: 1. Controle inteligente: Este adaptador de plug pode ser controlado remotamente por meio de plataformas dom\u00e9sticas inteligentes, como o aplicativo Tuya, Google Home e Alexa, permitindo que voc\u00ea controle facilmente o status do interruptor de eletrodom\u00e9sticos, n\u00e3o importa onde &hellip; <a href=\"https:\/\/mistersates-import.com.br\/loja\/product\/sixwgh-adaptador-de-soquete-tuya-wifi-controle-smart-life\/\">Readmore<\/a><\/p>\n","protected":false},"featured_media":17973,"template":"","meta":{"_joinchat":[]},"_links":{"self":[{"href":"https:\/\/mistersates-import.com.br\/loja\/wp-json\/wp\/v2\/product\/17972"}],"collection":[{"href":"https:\/\/mistersates-import.com.br\/loja\/wp-json\/wp\/v2\/product"}],"about":[{"href":"https:\/\/mistersates-import.com.br\/loja\/wp-json\/wp\/v2\/types\/product"}],"wp:featuredmedia":[{"embeddable":true,"href":"https:\/\/mistersates-import.com.br\/loja\/wp-json\/wp\/v2\/media\/17973"}],"wp:attachment":[{"href":"https:\/\/mistersates-import.com.br\/loja\/wp-json\/wp\/v2\/media?parent=17972"}],"curies":[{"name":"wp","href":"https:\/\/api.w.org\/{rel}","templated":true}]}}