{"id":17982,"date":"2023-12-23T14:44:55","date_gmt":"2023-12-23T17:44:55","guid":{"rendered":"https:\/\/mistersates-import.com.br\/loja\/?post_type=product&#038;p=17982"},"modified":"2025-03-14T12:05:12","modified_gmt":"2025-03-14T15:05:12","slug":"capa-protetora-silicone-para-gopro-hero9-hero10-hero11-black","status":"publish","type":"product","link":"https:\/\/mistersates-import.com.br\/loja\/product\/capa-protetora-silicone-para-gopro-hero9-hero10-hero11-black\/","title":{"rendered":"Capa Protetora Silicone Para Gopro Hero9 Hero10 Hero11 Black"},"content":{"rendered":"<p>Descri\u00e7\u00e3o:<\/p>\n<p>Capa Protetora de Silicone para GoPro Hero 9, Hero 10 e Hero 11 Black<\/p>\n<p>Utilize esta capa de silicone para sua GoPro com cord\u00e3o ajust\u00e1vel da marca Shoot para dar pouco de estilo em sua c\u00e2mera, al\u00e9m de proteger contra arranh\u00f5es, riscos, poeira, sujeira e transport\u00e1-la com mais seguran\u00e7a. A capa de silicone da Shoot para as GoPro Hero 9, Hero 10 e Hero 11 Black foram projetadas especificamente para o design da c\u00e2mera e mant\u00e9m livre o acesso \u00e0s portas, bot\u00f5es e tela, permitindo tamb\u00e9m montar a GoPro em outros acess\u00f3rios e suportes, pois ela n\u00e3o bloqueia a haste de montagem. O cord\u00e3o de nylon \u00e9 anexado \u00e0 GoPro para que voc\u00ea possa conect\u00e1-lo em seu pulso ou pendurar no pesco\u00e7o para transporte.<\/p>\n<p>Especifica\u00e7\u00f5es T\u00e9cnicas:<br \/>\nMarca:CHOHO<br \/>\nModelo: XTGP562<br \/>\nMaterial: Silicone e Nylon<br \/>\nPeso aproximado: 20 gramas<\/p>\n<p>Compatibilidade:<br \/>\nCompat\u00edvel com a GoPro Hero 9, Hero 10 e Hero 11 Black<\/p>\n<p>Itens Inclusos:<br \/>\n1 Capa de Silicone<br \/>\n1 Cord\u00e3o Ajust\u00e1vel<\/p>\n<p>Observa\u00e7\u00f5es Importantes:<br \/>\n&#8211; N\u00e3o acompanha c\u00e2meras e acess\u00f3rios.<br \/>\n&#8211; Imagens meramente ilustrativas.<\/p>\n","protected":false},"excerpt":{"rendered":"<p>Descri\u00e7\u00e3o: Capa Protetora de Silicone para GoPro Hero 9, Hero 10 e Hero 11 Black Utilize esta capa de silicone para sua GoPro com cord\u00e3o ajust\u00e1vel da marca Shoot para dar pouco de estilo em sua c\u00e2mera, al\u00e9m de proteger &hellip; <a href=\"https:\/\/mistersates-import.com.br\/loja\/product\/capa-protetora-silicone-para-gopro-hero9-hero10-hero11-black\/\">Readmore<\/a><\/p>\n","protected":false},"featured_media":17983,"template":"","meta":{"_joinchat":[]},"_links":{"self":[{"href":"https:\/\/mistersates-import.com.br\/loja\/wp-json\/wp\/v2\/product\/17982"}],"collection":[{"href":"https:\/\/mistersates-import.com.br\/loja\/wp-json\/wp\/v2\/product"}],"about":[{"href":"https:\/\/mistersates-import.com.br\/loja\/wp-json\/wp\/v2\/types\/product"}],"wp:featuredmedia":[{"embeddable":true,"href":"https:\/\/mistersates-import.com.br\/loja\/wp-json\/wp\/v2\/media\/17983"}],"wp:attachment":[{"href":"https:\/\/mistersates-import.com.br\/loja\/wp-json\/wp\/v2\/media?parent=17982"}],"curies":[{"name":"wp","href":"https:\/\/api.w.org\/{rel}","templated":true}]}}