{"id":17990,"date":"2023-12-26T19:42:10","date_gmt":"2023-12-26T22:42:10","guid":{"rendered":"https:\/\/mistersates-import.com.br\/loja\/?post_type=product&#038;p=17990"},"modified":"2025-07-05T22:24:44","modified_gmt":"2025-07-06T01:24:44","slug":"coletor-de-sujeiras-po-brocas-a-prova-dagua-furadeira","status":"publish","type":"product","link":"https:\/\/mistersates-import.com.br\/loja\/product\/coletor-de-sujeiras-po-brocas-a-prova-dagua-furadeira\/","title":{"rendered":"Coletor De Sujeiras P\u00f3 Brocas A Prova D&#8217;\u00e1gua Furadeira"},"content":{"rendered":"<p>01 UN Coletor De Poeira Da Broca profissional<br \/>\n_____________________________________________<\/p>\n<p>DESCRI\u00c7\u00c3O:<\/p>\n<p>O Drill Dust Collector \u00e9 feito de materiais de qualidade. Coletor de poeira de perfura\u00e7\u00e3o, incluindo esponja antiderrapante e esponja de PVC \u00e0 prova de choque e antiderrapante. O design em forma de tigela permite um grande espa\u00e7o de armazenamento, mais conveniente de usar.<\/p>\n<p>Evite que a poeira voe durante a perfura\u00e7\u00e3o e evite que furadeiras el\u00e9tricas e martelos el\u00e9tricos sejam danificados pela entrada de poeira no interior.<\/p>\n<p>Prop\u00edcio \u00e0 sa\u00fade e \u00e0 limpeza de interiores. Colete poeira e detritos ao perfurar para evitar que caiam nos olhos, nas roupas ou no ch\u00e3o.<\/p>\n<p>F\u00e1cil de usar, primeiro retire a tampa transparente. Insira a broca na base do acess\u00f3rio, certificando-se de que a escova redonda esteja encaixada ao redor da broca. Em seguida, recoloque a tampa e voc\u00ea poder\u00e1 pegar poeira.<\/p>\n<p>Voc\u00ea pode experimentar este acess\u00f3rio de broca vers\u00e1til. Este dispositivo pr\u00e1tico se encaixa em brocas e captura a poeira criada a partir de furos em paredes secas, madeira, metal, concreto e outros materiais. Ideal para ferramentas el\u00e9tricas de bricolage.<\/p>\n<p>Especifica\u00e7\u00e3o:<\/p>\n<p>Tipo de item: Coletor de poeira de perfura\u00e7\u00e3o<br \/>\nMaterial: esponja \u00e0 prova de poeira + PVC + pl\u00e1stico PP<br \/>\nUso do produto: protetor de poeira de furo<\/p>\n<p>CONTEUDO DA EMBALAGEM:<\/p>\n<p>1 Coletor De Poeira<\/p>\n","protected":false},"excerpt":{"rendered":"<p>01 UN Coletor De Poeira Da Broca profissional _____________________________________________ DESCRI\u00c7\u00c3O: O Drill Dust Collector \u00e9 feito de materiais de qualidade. Coletor de poeira de perfura\u00e7\u00e3o, incluindo esponja antiderrapante e esponja de PVC \u00e0 prova de choque e antiderrapante. O design &hellip; <a href=\"https:\/\/mistersates-import.com.br\/loja\/product\/coletor-de-sujeiras-po-brocas-a-prova-dagua-furadeira\/\">Readmore<\/a><\/p>\n","protected":false},"featured_media":17991,"template":"","meta":{"_joinchat":[]},"_links":{"self":[{"href":"https:\/\/mistersates-import.com.br\/loja\/wp-json\/wp\/v2\/product\/17990"}],"collection":[{"href":"https:\/\/mistersates-import.com.br\/loja\/wp-json\/wp\/v2\/product"}],"about":[{"href":"https:\/\/mistersates-import.com.br\/loja\/wp-json\/wp\/v2\/types\/product"}],"wp:featuredmedia":[{"embeddable":true,"href":"https:\/\/mistersates-import.com.br\/loja\/wp-json\/wp\/v2\/media\/17991"}],"wp:attachment":[{"href":"https:\/\/mistersates-import.com.br\/loja\/wp-json\/wp\/v2\/media?parent=17990"}],"curies":[{"name":"wp","href":"https:\/\/api.w.org\/{rel}","templated":true}]}}