{"id":18004,"date":"2023-12-28T17:40:36","date_gmt":"2023-12-28T20:40:36","guid":{"rendered":"https:\/\/mistersates-import.com.br\/loja\/?post_type=product&#038;p=18004"},"modified":"2025-05-29T13:03:28","modified_gmt":"2025-05-29T16:03:28","slug":"kit-acessorios-com-41-pecas-para-gopro-hero-5-6-7-8-9-10-11","status":"publish","type":"product","link":"https:\/\/mistersates-import.com.br\/loja\/product\/kit-acessorios-com-41-pecas-para-gopro-hero-5-6-7-8-9-10-11\/","title":{"rendered":"Kit acessorios com 41 pe\u00e7as para Gopro Hero 5 6 7 8 9 10 11"},"content":{"rendered":"<p>Kit Acess\u00f3rios E Suportes Para GoPro Hero HD \/ Session \/ 1 2 3 3+ 4 5 LCD \/ SJCAM \/ SPORTS CAM \/ SJ4000\/ SJ5000 \/ SJ6000 \/ REVIEW ONN \/ ISAW A3 \/ XIAOYI \/ NAVCITY \/ VIVITAR \/ ACTION CAM \/ XTRAX \/ MORMAII \/ CONTOUR \/ LEADERSHIP \/ MULTILASER \/ ATRIO \/ POLAROID \/ EKEN<\/p>\n<p>Descri\u00e7\u00e3o do Produto:<\/p>\n<p>Caracter\u00edsticas<\/p>\n<p>Descri\u00e7\u00e3o:<\/p>\n<p>1-f\u00e1cil de usar e usar, libera\u00e7\u00e3o r\u00e1pida com suas c\u00e2meras esportivas como um her\u00f3i 3.3 +. 4 xiaomiyi sj4000 sj5000 etc conveniente para fazer fotos de v\u00eddeo.<br \/>\n2-amplamente aplicado, como esqui, mountain bike, automobilismo, ou qualquer outra coisa que voc\u00ea gosta de esportes ao ar livre.<br \/>\n3-tiro assistente que \u00e9 o melhor parceiro.<\/p>\n<p>Para: Her\u00f3i Gopro 11 10 9 8 7 6 5 4 3 3 2 1<br \/>\nSJCAM SJ400 SJ5000 SJ6000 SJ7000<br \/>\n4 K Xiaomiyi<\/p>\n<p>Compat\u00edvel com todos os c\u00e2mera c\u00e2mera movimento prote\u00e7\u00e3o c\u00e2mera tipos<\/p>\n<p>100% nova marca e alta qualidade<\/p>\n<p>Amplamente utilizado em surf, esqui, skate, equita\u00e7\u00e3o bicicleta\/motocicleta<\/p>\n<p>Materiais: Pl\u00e1stico<\/p>\n<p>Correia peito<\/p>\n<p>1) Correia el\u00e1stica ajust\u00e1vel. O projeto confort\u00e1vel, inteiramente-ajust\u00e1vel cabe todas as formas e tamanhos, incluindo sobre grandes revestimentos<br \/>\n2) Interior forrado com um material anti-derrapante para bom desgaste, mesmo quando voc\u00ea est\u00e1 suando<br \/>\n3) A fita el\u00e1stica, pode a \u00e1gua, apropriada para mergulhar ou surfar.<br \/>\n4) D\u00e1-lhe um &#8220;menor do que o capacete&#8221; vista da a\u00e7\u00e3o<br \/>\n5) Forne\u00e7a a experi\u00eancia immersive<br \/>\n6) Dur\u00e1vel e peso leve.<br \/>\n7) Opera\u00e7\u00e3o f\u00e1cil e projeto ajust\u00e1vel para a melhor utiliza\u00e7\u00e3o<br \/>\n\u00c9 um companheiro ideal para sua c\u00e2mera durante sua viagem<\/p>\n<p>Correia cabe\u00e7a<\/p>\n<p>1) Design el\u00e1stico al\u00e7a ajust\u00e1vel, um tamanho cabe tudo<br \/>\n2) Interior forrado com tr\u00eas materiais antiderrapantes para um bom desgaste, mesmo quando voc\u00ea est\u00e1 suando.<br \/>\nMais apto, mais dur\u00e1vel, n\u00e3o \u00e9 f\u00e1cil de perder.<\/p>\n<p>Lista do pacote<\/p>\n<p>KFWX41<\/p>\n<p>1 x Correia Peito<br \/>\n1 x Correia Cabe\u00e7a<br \/>\n1 x Cinta para Controle Remoto<br \/>\n2 x Base Reta<br \/>\n2 x Base Curva<br \/>\n5 x Adesivo Reto<br \/>\n5 x Adesivo Curvo<br \/>\n2 x J gancho fivela<br \/>\n1 x Adaptador para Guidon<br \/>\n1 x Adaptador curto com parafuso<br \/>\n1 x Adaptador longo com parafuso<br \/>\n1 x Suporte com Ventosa<br \/>\n2 x Suporte P\u00e9 para Caixa de Tanque sem parafuso<br \/>\n1 x Suporte para Capacete Ventilado<br \/>\n1 x Base com Adesivo com cordinha<br \/>\n1 x Chave<br \/>\n1 x Bast\u00e3o<br \/>\n1 x Tripod<br \/>\n12 x Pastilha<\/p>\n","protected":false},"excerpt":{"rendered":"<p>Kit Acess\u00f3rios E Suportes Para GoPro Hero HD \/ Session \/ 1 2 3 3+ 4 5 LCD \/ SJCAM \/ SPORTS CAM \/ SJ4000\/ SJ5000 \/ SJ6000 \/ REVIEW ONN \/ ISAW A3 \/ XIAOYI \/ NAVCITY \/ VIVITAR &hellip; <a href=\"https:\/\/mistersates-import.com.br\/loja\/product\/kit-acessorios-com-41-pecas-para-gopro-hero-5-6-7-8-9-10-11\/\">Readmore<\/a><\/p>\n","protected":false},"featured_media":18005,"template":"","meta":{"_joinchat":[]},"_links":{"self":[{"href":"https:\/\/mistersates-import.com.br\/loja\/wp-json\/wp\/v2\/product\/18004"}],"collection":[{"href":"https:\/\/mistersates-import.com.br\/loja\/wp-json\/wp\/v2\/product"}],"about":[{"href":"https:\/\/mistersates-import.com.br\/loja\/wp-json\/wp\/v2\/types\/product"}],"wp:featuredmedia":[{"embeddable":true,"href":"https:\/\/mistersates-import.com.br\/loja\/wp-json\/wp\/v2\/media\/18005"}],"wp:attachment":[{"href":"https:\/\/mistersates-import.com.br\/loja\/wp-json\/wp\/v2\/media?parent=18004"}],"curies":[{"name":"wp","href":"https:\/\/api.w.org\/{rel}","templated":true}]}}