{"id":18027,"date":"2023-12-31T12:37:05","date_gmt":"2023-12-31T15:37:05","guid":{"rendered":"https:\/\/mistersates-import.com.br\/loja\/?post_type=product&#038;p=18027"},"modified":"2025-07-29T18:47:01","modified_gmt":"2025-07-29T21:47:01","slug":"alicate-de-corte-rente-e-diagonal-corte-de-cabos-e-fios","status":"publish","type":"product","link":"https:\/\/mistersates-import.com.br\/loja\/product\/alicate-de-corte-rente-e-diagonal-corte-de-cabos-e-fios\/","title":{"rendered":"Alicate De Corte Rente E Diagonal &#8211; Corte De Cabos E Fios"},"content":{"rendered":"<p>Descri\u00e7\u00e3o<\/p>\n<p>Informa\u00e7\u00f5es Gerais<\/p>\n<p>170 Wire Cutter Cutting Alicate Pr\u00e1tico Fio e Cabo de Corte Alicate Flat-nose DIY Trimmer Bevel Cutter Ferramentas Manuais Vermelhas<\/p>\n<p>Caracter\u00edstica:<\/p>\n<p>Caracter\u00edsticas:<br \/>\n1.100% qualidade e nova marca,<br \/>\nTratamento do endurecimento do a\u00e7o 2.carbon, garantia de qualidade<br \/>\n3. fun\u00e7\u00e3o rebote autom\u00e1tica, se sentir confort\u00e1vel e conveniente de usar<br \/>\n4. O peso leve, o perfil fino e a manipula\u00e7\u00e3o f\u00e1cil isolam os apertos confort\u00e1veis para a opera\u00e7\u00e3o<br \/>\n5.Special apropriado para: reparo eletr\u00f4nico da ind\u00fastria, processamento da joia, modelagem e pesca, por exemplo, fio do corte, p\u00e9s eletr\u00f4nicos, aparando produtos pl\u00e1sticos, cortou um fio pequeno do metal, e assim por diante<\/p>\n<p>Especifica\u00e7\u00e3o:<br \/>\nCor: como mostrado<br \/>\nMaterial: Mand\u00edbula do carboneto cimentado, punho de borracha antiderrapante<br \/>\nComprimento: 125mm<\/p>\n<p>D\u00daVIDAS FREQUENTES:<\/p>\n<p>O alicate tem mola ou algum outro mecanismo de retorno?<br \/>\nR: Sim, possui mecanismo de retorno, com \u00f3tima resposta e bem macio e flex\u00edvel.<\/p>\n<p>Qual \u00e9 a marca?<br \/>\nR: O produto \u00e9 importado e de \u00f3tima qualidade, trabalhamos com diversas marcas diferentes, o produto \u00e9 enviado aleatoriamente, mas todos possuem alto \u00edndice de satisfa\u00e7\u00e3o dos nossos clientes.<\/p>\n<p>Posso cortar parafuso de celular com este alicate?<br \/>\nR: N\u00e3o, o produto \u00e9 indicado para cortes e decapagens de fios e cabos flexiveis de at\u00e9 1mm.<\/p>\n","protected":false},"excerpt":{"rendered":"<p>Descri\u00e7\u00e3o Informa\u00e7\u00f5es Gerais 170 Wire Cutter Cutting Alicate Pr\u00e1tico Fio e Cabo de Corte Alicate Flat-nose DIY Trimmer Bevel Cutter Ferramentas Manuais Vermelhas Caracter\u00edstica: Caracter\u00edsticas: 1.100% qualidade e nova marca, Tratamento do endurecimento do a\u00e7o 2.carbon, garantia de qualidade 3. &hellip; <a href=\"https:\/\/mistersates-import.com.br\/loja\/product\/alicate-de-corte-rente-e-diagonal-corte-de-cabos-e-fios\/\">Readmore<\/a><\/p>\n","protected":false},"featured_media":18036,"template":"","meta":{"_joinchat":[]},"_links":{"self":[{"href":"https:\/\/mistersates-import.com.br\/loja\/wp-json\/wp\/v2\/product\/18027"}],"collection":[{"href":"https:\/\/mistersates-import.com.br\/loja\/wp-json\/wp\/v2\/product"}],"about":[{"href":"https:\/\/mistersates-import.com.br\/loja\/wp-json\/wp\/v2\/types\/product"}],"wp:featuredmedia":[{"embeddable":true,"href":"https:\/\/mistersates-import.com.br\/loja\/wp-json\/wp\/v2\/media\/18036"}],"wp:attachment":[{"href":"https:\/\/mistersates-import.com.br\/loja\/wp-json\/wp\/v2\/media?parent=18027"}],"curies":[{"name":"wp","href":"https:\/\/api.w.org\/{rel}","templated":true}]}}