{"id":18045,"date":"2024-01-02T19:04:27","date_gmt":"2024-01-02T22:04:27","guid":{"rendered":"https:\/\/mistersates-import.com.br\/loja\/?post_type=product&#038;p=18045"},"modified":"2024-10-04T12:16:30","modified_gmt":"2024-10-04T15:16:30","slug":"case-slim-hd-ssd-adaptador-usb-3-0-sata3-externo","status":"publish","type":"product","link":"https:\/\/mistersates-import.com.br\/loja\/product\/case-slim-hd-ssd-adaptador-usb-3-0-sata3-externo\/","title":{"rendered":"Case Slim Hd Ssd Adaptador Usb 3.0 Sata3 Externo"},"content":{"rendered":"<p>DESCRI\u00c7\u00c3O:<\/p>\n<p>Taxa de transfer\u00eancia m\u00e1xima USB 3.0 at\u00e9 5GBPS<\/p>\n<p>UASP suportado, 20% mais r\u00e1pido do que o USB 3.0 tradicional<\/p>\n<p>Suporte SATA III, retroativamente compat\u00edvel SATA II<\/p>\n<p>Apoio m\u00e1ximo 2TB<\/p>\n<p>Amplamente compat\u00edvel com MAC OS, win10 \/ win8 \/ win7 \/ winxp \/ Vista e Linux&#8230;<\/p>\n<p>Suporte 2,5 polegadas 7 mil\u00edmetros-9,5 mil\u00edmetros SATA SSD \/ HDD<\/p>\n<p>ABS alta resist\u00eancia material \u00e0 prova de fogo<\/p>\n<p>Por favor inicialize e formate o seu SSD antes do uso<\/p>\n<p>Caso contr\u00e1rio, o ssd ou hdd n\u00e3o ser\u00e1 detectado pelo seu computador.<\/p>\n<p>Totalmente Prote\u00e7\u00e3o External Hard Drive Enclosure<\/p>\n<p>Vem com PU Bag, protege o seu SSD e o caso de agita\u00e7\u00e3o e arranh\u00f5es.<\/p>\n<p>Embalagem Detalhes:<\/p>\n<p>1 * SATA para USB Enclosure<\/p>\n<p>1 * Micro B para cabo USB 3.0<\/p>\n","protected":false},"excerpt":{"rendered":"<p>DESCRI\u00c7\u00c3O: Taxa de transfer\u00eancia m\u00e1xima USB 3.0 at\u00e9 5GBPS UASP suportado, 20% mais r\u00e1pido do que o USB 3.0 tradicional Suporte SATA III, retroativamente compat\u00edvel SATA II Apoio m\u00e1ximo 2TB Amplamente compat\u00edvel com MAC OS, win10 \/ win8 \/ win7 &hellip; <a href=\"https:\/\/mistersates-import.com.br\/loja\/product\/case-slim-hd-ssd-adaptador-usb-3-0-sata3-externo\/\">Readmore<\/a><\/p>\n","protected":false},"featured_media":18046,"template":"","meta":{"_joinchat":[]},"_links":{"self":[{"href":"https:\/\/mistersates-import.com.br\/loja\/wp-json\/wp\/v2\/product\/18045"}],"collection":[{"href":"https:\/\/mistersates-import.com.br\/loja\/wp-json\/wp\/v2\/product"}],"about":[{"href":"https:\/\/mistersates-import.com.br\/loja\/wp-json\/wp\/v2\/types\/product"}],"wp:featuredmedia":[{"embeddable":true,"href":"https:\/\/mistersates-import.com.br\/loja\/wp-json\/wp\/v2\/media\/18046"}],"wp:attachment":[{"href":"https:\/\/mistersates-import.com.br\/loja\/wp-json\/wp\/v2\/media?parent=18045"}],"curies":[{"name":"wp","href":"https:\/\/api.w.org\/{rel}","templated":true}]}}